{"id":1029611,"date":"2024-06-17T16:19:55","date_gmt":"2024-06-17T08:19:55","guid":{"rendered":"https:\/\/vimaterial.de\/product\/telururo-de-lutecio\/"},"modified":"2025-03-03T17:35:30","modified_gmt":"2025-03-03T09:35:30","slug":"telururo-de-lutecio","status":"publish","type":"product","link":"https:\/\/vimaterial.de\/es\/product\/telururo-de-lutecio\/","title":{"rendered":"Telururo de lutecio"},"content":{"rendered":"<p>El polvo de telururo de lutecio es un polvo compuesto por elementos lutecio y telurio, de aspecto negro y alta estabilidad qu\u00edmica, que se utiliza principalmente en los campos de la termoelectricidad, la electr\u00f3nica y la \u00f3ptica.<\/p>\n<p>VIMATERIAL proporciona polvo de telucio telururo en varias especificaciones y admite el servicio de uni\u00f3n de objetivos. Aceptamos la personalizaci\u00f3n de los productos, <span style=\"color: #0000ff;\"><a style=\"color: #0000ff;\" href=\"https:\/\/vimaterial.de\/es\/contacto\/\">cont\u00e1ctenos.<\/a><\/span><\/p>\n<h2><span style=\"font-size: 14pt;\">Caracter\u00edsticas<\/span><\/h2>\n<p>F\u00f3rmula molecular: Lu\u2082Te\u2083.<\/p>\n<p>Peso molecular: alrededor de 681.42<\/p>\n<p>Aspecto: Generalmente polvo negro o gris oscuro.<\/p>\n<p>Estructura cristalina: Pertenece al sistema cristalino hexagonal, en su estructura cristalina, los \u00e1tomos de lutecio y telurio se repiten peri\u00f3dicamente seg\u00fan una disposici\u00f3n reticular hexagonal espec\u00edfica, con cierta simetr\u00eda y configuraci\u00f3n espacial.<\/p>\n<h2><span style=\"font-size: 14pt;\">Aplicaciones<\/span><\/h2>\n<p>Materiales semiconductores: Se puede utilizar para preparar dispositivos semiconductores o como dopante de materiales semiconductores. Su estructura electr\u00f3nica especial y sus caracter\u00edsticas de banda de energ\u00eda lo hacen potencialmente valioso en el campo de los semiconductores y puede ayudar a optimizar las propiedades de los materiales semiconductores.<\/p>\n<p>Materiales \u00f3pticos: En el campo de la \u00f3ptica, el polvo de telururo de lutecio se puede utilizar para preparar materiales luminiscentes y fluorescentes. El polvo de teluro de lutecio puede emitir luz de longitudes de onda espec\u00edficas en condiciones espec\u00edficas y se puede utilizar en pantallas \u00f3pticas, iluminaci\u00f3n y otras aplicaciones.<\/p>\n<p>Aditivos de aleaci\u00f3n: se puede agregar a ciertas aleaciones como aditivo para mejorar las propiedades de las aleaciones, como aumentar la dureza, la resistencia y la resistencia a la corrosi\u00f3n de las aleaciones.<\/p>\n<h2><span style=\"font-size: 14pt;\">Control de calidad<\/span><\/h2>\n<p><span style=\"color: #0000ff;\"><a style=\"color: #0000ff;\" href=\"https:\/\/vimaterial.de\/es\/control-de-calidad\/\">Cada lote<\/a><\/span> de productos protege estrictamente la calidad, desde la selecci\u00f3n de proveedores de materias primas, hasta el uso de equipos de prueba avanzados para monitorear con precisi\u00f3n todo el proceso de producci\u00f3n, hasta el producto terminado a trav\u00e9s de muchas rondas de muestreo severo y certificaci\u00f3n autorizada de terceros, hasta un sistema de control de calidad integral de tolerancia cero para garantizar que cada lote de productos cumpla y supere los altos est\u00e1ndares de la industria, para proporcionar a nuestros clientes la mejor calidad y los productos m\u00e1s estables.<\/p>\n<h2><span style=\"font-size: 14pt;\">Embalaje y almacenamiento<\/span><\/h2>\n<p>El polvo de telururo de lutecio se empaqueta en una bolsa de vac\u00edo o una botella de vac\u00edo en una caja de cart\u00f3n para garantizar un transporte seguro.<\/p>\n<p>El polvo de telururo de lutecio debe almacenarse en un ambiente seco, a baja temperatura y libre de ox\u00edgeno, generalmente sellado en recipientes llenos de gas inerte, evitando el contacto con el aire y la humedad para evitar la oxidaci\u00f3n y el deterioro.<\/p>\n","protected":false},"excerpt":{"rendered":"<p>El polvo de telururo de lutecio es un polvo compuesto por elementos lutecio y telurio, de aspecto negro y alta estabilidad qu\u00edmica, que se utiliza principalmente en los campos de la termoelectricidad, la electr\u00f3nica y la \u00f3ptica.<\/p>\n<p>VIMATERIAL proporciona polvo de telucio teluro en varias especificaciones y admite el servicio de uni\u00f3n de objetivos. Aceptamos la personalizaci\u00f3n de los productos, <span style=\"color: #0000ff;\"><a style=\"color: #0000ff;\" href=\"https:\/\/vimaterial.de\/es\/contacto\/\">cont\u00e1ctenos.<\/a><\/span><\/p>\n<p>&nbsp;<\/p>\n<p>&nbsp;<\/p>\n","protected":false},"featured_media":1034719,"comment_status":"open","ping_status":"closed","template":"","meta":{"_acf_changed":false},"product_brand":[],"product_cat":[184],"product_tag":[],"class_list":{"0":"post-1029611","1":"product","2":"type-product","3":"status-publish","4":"has-post-thumbnail","6":"product_cat-materiales-de-tierras-raras","8":"first","9":"instock","10":"shipping-taxable","11":"product-type-variable"},"acf":[],"_links":{"self":[{"href":"https:\/\/vimaterial.de\/es\/wp-json\/wp\/v2\/product\/1029611","targetHints":{"allow":["GET"]}}],"collection":[{"href":"https:\/\/vimaterial.de\/es\/wp-json\/wp\/v2\/product"}],"about":[{"href":"https:\/\/vimaterial.de\/es\/wp-json\/wp\/v2\/types\/product"}],"replies":[{"embeddable":true,"href":"https:\/\/vimaterial.de\/es\/wp-json\/wp\/v2\/comments?post=1029611"}],"wp:featuredmedia":[{"embeddable":true,"href":"https:\/\/vimaterial.de\/es\/wp-json\/wp\/v2\/media\/1034719"}],"wp:attachment":[{"href":"https:\/\/vimaterial.de\/es\/wp-json\/wp\/v2\/media?parent=1029611"}],"wp:term":[{"taxonomy":"product_brand","embeddable":true,"href":"https:\/\/vimaterial.de\/es\/wp-json\/wp\/v2\/product_brand?post=1029611"},{"taxonomy":"product_cat","embeddable":true,"href":"https:\/\/vimaterial.de\/es\/wp-json\/wp\/v2\/product_cat?post=1029611"},{"taxonomy":"product_tag","embeddable":true,"href":"https:\/\/vimaterial.de\/es\/wp-json\/wp\/v2\/product_tag?post=1029611"}],"curies":[{"name":"wp","href":"https:\/\/api.w.org\/{rel}","templated":true}]}}