{"id":1029562,"date":"2024-06-17T16:19:56","date_gmt":"2024-06-17T08:19:56","guid":{"rendered":"https:\/\/vimaterial.de\/product\/fosfato-de-lutecio\/"},"modified":"2025-02-28T18:01:03","modified_gmt":"2025-02-28T10:01:03","slug":"fosfato-de-lutecio","status":"publish","type":"product","link":"https:\/\/vimaterial.de\/es\/product\/fosfato-de-lutecio\/","title":{"rendered":"Fosfato de lutecio"},"content":{"rendered":"<p>El polvo de fosfato de lutecio es un polvo compuesto inorg\u00e1nico blanco o blanquecino con cierta estabilidad qu\u00edmica y propiedades fisicoqu\u00edmicas \u00fanicas, que tiene aplicaciones potenciales en los campos de la \u00f3ptica, la ciencia de los materiales y la electr\u00f3nica.<\/p>\n<p>VIMATERIAL proporciona polvo LuPO4 en varias especificaciones y admite el servicio de encuadernaci\u00f3n de objetivos. Aceptamos la personalizaci\u00f3n de los productos, <span style=\"color: #0000ff;\"><a style=\"color: #0000ff;\" href=\"https:\/\/vimaterial.de\/es\/contacto\/\">cont\u00e1ctenos<\/a><\/span>.<\/p>\n<h2><span style=\"font-size: 14pt;\">Caracter\u00edsticas<\/span><\/h2>\n<p>F\u00f3rmula molecular: LuPO\u2084<\/p>\n<p>Peso molecular: alrededor de 291.94<\/p>\n<p>Aspecto: S\u00f3lido blanco en polvo<\/p>\n<p>Densidad: aprox. 6,36 g\/cm\u00b3<\/p>\n<p>Punto de fusi\u00f3n: alrededor de 1670 \u00b0C<\/p>\n<p>Estructura cristalina: Tiene estructura cristalina de monacita y pertenece al sistema cristalino monocl\u00ednico. En esta estructura, los iones Lu\u00b3\u207a y los iones PO\u2084\u00b3- interact\u00faan entre s\u00ed a trav\u00e9s de enlaces i\u00f3nicos para formar una disposici\u00f3n espacial espec\u00edfica.<\/p>\n<h2><span style=\"font-size: 14pt;\">Aplicaciones<\/span><\/h2>\n<p>Materiales cer\u00e1micos: Se puede utilizar como aditivo para materiales cer\u00e1micos para mejorar el rendimiento de sinterizaci\u00f3n de las cer\u00e1micas y mejorar las propiedades f\u00edsicas como la dureza y la resistencia al desgaste.<\/p>\n<p>Materiales de vidrio: El fosfato de lutecio se puede utilizar como aditivo en la fabricaci\u00f3n de vidrio para cambiar las propiedades \u00f3pticas del vidrio y mejorar la resistencia al choque t\u00e9rmico y la estabilidad qu\u00edmica del vidrio.<\/p>\n<p>Materiales luminiscentes: Se puede utilizar para preparar materiales luminiscentes como los f\u00f3sforos. El polvo de fosfato de lutecio puede emitir longitudes de onda espec\u00edficas de luz bajo la excitaci\u00f3n de rayos ultravioleta u otras fuentes de excitaci\u00f3n, con alta eficacia luminosa y buena estabilidad luminosa, y se puede utilizar en el campo de la iluminaci\u00f3n y la visualizaci\u00f3n.<\/p>\n<p>Materiales l\u00e1ser: Debido a sus propiedades \u00f3pticas especiales, el fosfato de lutecio tambi\u00e9n tiene aplicaciones potenciales en materiales l\u00e1ser.<\/p>\n<h2><span style=\"font-size: 14pt;\">Control de calidad<\/span><\/h2>\n<p><span style=\"color: #0000ff;\"><a style=\"color: #0000ff;\" href=\"https:\/\/vimaterial.de\/es\/control-de-calidad\/\">Cada lote<\/a><\/span> de productos protege estrictamente la calidad, desde la selecci\u00f3n de proveedores de materias primas, hasta el uso de equipos de prueba avanzados para monitorear con precisi\u00f3n todo el proceso de producci\u00f3n, hasta el producto terminado a trav\u00e9s de muchas rondas de muestreo severo y certificaci\u00f3n autorizada de terceros, hasta un sistema de control de calidad integral de tolerancia cero para garantizar que cada lote de productos cumpla y supere los altos est\u00e1ndares de la industria, para proporcionar a nuestros clientes la mejor calidad y los productos m\u00e1s estables.<\/p>\n<h2><span style=\"font-size: 14pt;\">Embalaje y almacenamiento<\/span><\/h2>\n<p>El polvo de fosfato de lutecio se empaqueta en una bolsa de vac\u00edo o una botella de vac\u00edo en una caja de cart\u00f3n para garantizar un transporte seguro.<\/p>\n<p>El polvo de fosfato de lutecio debe almacenarse en un ambiente seco, fresco y bien ventilado, empacado en recipientes sellados para evitar la humedad, la oxidaci\u00f3n y la reacci\u00f3n con otros productos qu\u00edmicos en contacto.<\/p>\n","protected":false},"excerpt":{"rendered":"<p>El polvo de fosfato de lutecio es un polvo compuesto inorg\u00e1nico blanco o blanquecino con cierta estabilidad qu\u00edmica y propiedades fisicoqu\u00edmicas \u00fanicas, que tiene aplicaciones potenciales en los campos de la \u00f3ptica, la ciencia de los materiales y la electr\u00f3nica.<\/p>\n<p>VIMATERIAL proporciona polvo LuPO4 en varias especificaciones y admite el servicio de encuadernaci\u00f3n de objetivos. Aceptamos la personalizaci\u00f3n de los productos, <span style=\"color: #0000ff;\"><a style=\"color: #0000ff;\" href=\"https:\/\/vimaterial.de\/es\/contacto\/\">cont\u00e1ctenos<\/a><\/span>.<\/p>\n","protected":false},"featured_media":1034749,"comment_status":"open","ping_status":"closed","template":"","meta":{"_acf_changed":false},"product_brand":[],"product_cat":[164],"product_tag":[],"class_list":{"0":"post-1029562","1":"product","2":"type-product","3":"status-publish","4":"has-post-thumbnail","6":"product_cat-sin-categoria","8":"first","9":"instock","10":"shipping-taxable","11":"product-type-variable"},"acf":[],"_links":{"self":[{"href":"https:\/\/vimaterial.de\/es\/wp-json\/wp\/v2\/product\/1029562","targetHints":{"allow":["GET"]}}],"collection":[{"href":"https:\/\/vimaterial.de\/es\/wp-json\/wp\/v2\/product"}],"about":[{"href":"https:\/\/vimaterial.de\/es\/wp-json\/wp\/v2\/types\/product"}],"replies":[{"embeddable":true,"href":"https:\/\/vimaterial.de\/es\/wp-json\/wp\/v2\/comments?post=1029562"}],"wp:featuredmedia":[{"embeddable":true,"href":"https:\/\/vimaterial.de\/es\/wp-json\/wp\/v2\/media\/1034749"}],"wp:attachment":[{"href":"https:\/\/vimaterial.de\/es\/wp-json\/wp\/v2\/media?parent=1029562"}],"wp:term":[{"taxonomy":"product_brand","embeddable":true,"href":"https:\/\/vimaterial.de\/es\/wp-json\/wp\/v2\/product_brand?post=1029562"},{"taxonomy":"product_cat","embeddable":true,"href":"https:\/\/vimaterial.de\/es\/wp-json\/wp\/v2\/product_cat?post=1029562"},{"taxonomy":"product_tag","embeddable":true,"href":"https:\/\/vimaterial.de\/es\/wp-json\/wp\/v2\/product_tag?post=1029562"}],"curies":[{"name":"wp","href":"https:\/\/api.w.org\/{rel}","templated":true}]}}