{"id":1029558,"date":"2024-06-17T16:19:56","date_gmt":"2024-06-17T08:19:56","guid":{"rendered":"https:\/\/vimaterial.de\/product\/nitruro-de-lutecio\/"},"modified":"2025-02-27T18:12:10","modified_gmt":"2025-02-27T10:12:10","slug":"nitruro-de-lutecio","status":"publish","type":"product","link":"https:\/\/vimaterial.de\/es\/product\/nitruro-de-lutecio\/","title":{"rendered":"Nitruro de lutecio"},"content":{"rendered":"<p>El polvo de nitruro de lutecio es un polvo de nitruro met\u00e1lico de tierras raras negro o negro-gris con estructura de cloruro de sodio, con alta dureza, alto punto de fusi\u00f3n, buena conductividad t\u00e9rmica, excelente resistencia a la oxidaci\u00f3n, etc. Su pureza y tama\u00f1o de part\u00edcula se pueden personalizar, y tiene una amplia gama de aplicaciones en semiconductores, recubrimientos \u00f3pticos, catalizadores, aplicaciones de alta temperatura y muchos otros campos.<\/p>\n<p>VIMATERIAL puede aceptar la personalizaci\u00f3n para cualquiera de sus productos, los materiales de destino se proporcionan con servicio de encuadernaci\u00f3n, si lo necesita, <span style=\"color: #0000ff;\"><a style=\"color: #0000ff;\" href=\"https:\/\/vimaterial.de\/es\/contacto\/\">cont\u00e1ctenos<\/a><\/span>.<\/p>\n<h2><span style=\"font-size: 14pt;\">Caracter\u00edsticas<\/span><\/h2>\n<p>F\u00f3rmula molecular: LuN<\/p>\n<p>Peso molecular: 186.954<\/p>\n<p>Aspecto: p\u00f3lvora negra<\/p>\n<p>Estructura cristalina: Por lo general, tiene un sistema cristalino c\u00fabico, con \u00e1tomos de nitr\u00f3geno y lutecio formando cristales en una disposici\u00f3n espacial espec\u00edfica. Los \u00e1tomos de nitr\u00f3geno y lutecio interact\u00faan entre s\u00ed a trav\u00e9s de enlaces qu\u00edmicos para formar una red cristalina estable.<\/p>\n<h2><span style=\"font-size: 14pt;\">Aplicaciones<\/span><\/h2>\n<p>Industria de semiconductores: El polvo de nitruro de lutecio se utiliza en la fabricaci\u00f3n de dispositivos electr\u00f3nicos de alto rendimiento. Su buena estabilidad t\u00e9rmica y conductividad el\u00e9ctrica cumplen con los requisitos de material de las aplicaciones avanzadas de semiconductores y ayudan a mejorar el rendimiento y la confiabilidad de los dispositivos electr\u00f3nicos.<\/p>\n<p>Recubrimientos \u00f3pticos: El polvo de nitruro de lutecio se utiliza en recubrimientos y pel\u00edculas \u00f3pticas. Tiene un alto \u00edndice de refracci\u00f3n y se puede utilizar para preparar componentes \u00f3pticos como revestimientos antirreflectantes, espejos y lentes para mejorar las propiedades \u00f3pticas de estos dispositivos \u00f3pticos al aumentar su reflectancia, transmitancia y otros indicadores.<\/p>\n<p>Materiales cer\u00e1micos: se puede utilizar como aditivo o componente en materiales cer\u00e1micos para mejorar sus propiedades.<\/p>\n<h2><span style=\"font-size: 14pt;\">Control de calidad<\/span><\/h2>\n<p>Se implementa <span style=\"color: #0000ff;\"><a style=\"color: #0000ff;\" href=\"https:\/\/vimaterial.de\/es\/control-de-calidad\/\">un estricto sistema<\/a> <\/span>de control de calidad para cada lote de producci\u00f3n, y se llevan a cabo pruebas detalladas en todos los aspectos, desde el contenido de los componentes, las propiedades f\u00edsicas hasta la microestructura, etc., y se proporcionan informes de prueba detallados oportunos y precisos.<\/p>\n<h2><span style=\"font-size: 14pt;\">Embalaje y almacenamiento<\/span><\/h2>\n<p>El polvo de nitruro de lutecio se envasa en bolsas o botellas de vac\u00edo de doble capa, en el exterior en cajas de cart\u00f3n resistentes o de madera y en el interior en cojines suaves.<\/p>\n<p>El polvo de nitruro de lutecio debe almacenarse al vac\u00edo o en recipientes sellados llenos de gases inertes como el arg\u00f3n y colocarse en un ambiente seco, fresco y bien ventilado libre de gases corrosivos, evitando el contacto con agua, ox\u00edgeno y otras sustancias para evitar la oxidaci\u00f3n y otras reacciones.<\/p>\n","protected":false},"excerpt":{"rendered":"<p>El polvo de nitruro de lutecio es un polvo de nitruro met\u00e1lico de tierras raras negro o negro-gris con estructura de cloruro de sodio, con alta dureza, alto punto de fusi\u00f3n, buena conductividad t\u00e9rmica, excelente resistencia a la oxidaci\u00f3n, etc. Su pureza y tama\u00f1o de part\u00edcula se pueden personalizar, y tiene una amplia gama de aplicaciones en semiconductores, recubrimientos \u00f3pticos, catalizadores, aplicaciones de alta temperatura y muchos otros campos.<\/p>\n<p>VIMATERIAL puede aceptar la personalizaci\u00f3n para cualquiera de sus productos, los materiales de destino se proporcionan con servicio de encuadernaci\u00f3n, si lo necesita, <span style=\"color: #0000ff;\"><a style=\"color: #0000ff;\" href=\"https:\/\/vimaterial.de\/es\/contacto\/\">cont\u00e1ctenos<\/a><\/span>.<\/p>\n","protected":false},"featured_media":1034744,"comment_status":"open","ping_status":"closed","template":"","meta":{"_acf_changed":false},"product_brand":[],"product_cat":[184],"product_tag":[],"class_list":{"0":"post-1029558","1":"product","2":"type-product","3":"status-publish","4":"has-post-thumbnail","6":"product_cat-materiales-de-tierras-raras","8":"first","9":"instock","10":"shipping-taxable","11":"product-type-variable"},"acf":[],"_links":{"self":[{"href":"https:\/\/vimaterial.de\/es\/wp-json\/wp\/v2\/product\/1029558","targetHints":{"allow":["GET"]}}],"collection":[{"href":"https:\/\/vimaterial.de\/es\/wp-json\/wp\/v2\/product"}],"about":[{"href":"https:\/\/vimaterial.de\/es\/wp-json\/wp\/v2\/types\/product"}],"replies":[{"embeddable":true,"href":"https:\/\/vimaterial.de\/es\/wp-json\/wp\/v2\/comments?post=1029558"}],"wp:featuredmedia":[{"embeddable":true,"href":"https:\/\/vimaterial.de\/es\/wp-json\/wp\/v2\/media\/1034744"}],"wp:attachment":[{"href":"https:\/\/vimaterial.de\/es\/wp-json\/wp\/v2\/media?parent=1029558"}],"wp:term":[{"taxonomy":"product_brand","embeddable":true,"href":"https:\/\/vimaterial.de\/es\/wp-json\/wp\/v2\/product_brand?post=1029558"},{"taxonomy":"product_cat","embeddable":true,"href":"https:\/\/vimaterial.de\/es\/wp-json\/wp\/v2\/product_cat?post=1029558"},{"taxonomy":"product_tag","embeddable":true,"href":"https:\/\/vimaterial.de\/es\/wp-json\/wp\/v2\/product_tag?post=1029558"}],"curies":[{"name":"wp","href":"https:\/\/api.w.org\/{rel}","templated":true}]}}