{"id":1029549,"date":"2024-06-17T16:19:57","date_gmt":"2024-06-17T08:19:57","guid":{"rendered":"https:\/\/vimaterial.de\/product\/fosfuro-de-titanio\/"},"modified":"2025-02-27T17:02:33","modified_gmt":"2025-02-27T09:02:33","slug":"fosfuro-de-titanio","status":"publish","type":"product","link":"https:\/\/vimaterial.de\/es\/product\/fosfuro-de-titanio\/","title":{"rendered":"Fosfuro de titanio"},"content":{"rendered":"<p>El polvo de fosfuro de titanio es un polvo gris con brillo met\u00e1lico, con alta dureza, buena conductividad el\u00e9ctrica y t\u00e9rmica, buena estabilidad qu\u00edmica, utilizado principalmente en recubrimientos resistentes al desgaste, dispositivos electr\u00f3nicos, catalizadores y otros campos.<\/p>\n<p>VIMATERIAL puede aceptar la personalizaci\u00f3n para cualquiera de sus productos, los materiales de destino se proporcionan con servicio de encuadernaci\u00f3n, si lo necesita, <span style=\"color: #0000ff;\"><a style=\"color: #0000ff;\" href=\"https:\/\/vimaterial.de\/es\/contacto\/\">cont\u00e1ctenos<\/a><\/span>.<\/p>\n<p>Caracter\u00edsticas<\/p>\n<p>F\u00f3rmula qu\u00edmica: TiP<\/p>\n<p>Peso molecular: 78.84<\/p>\n<p>Aspecto: polvo gris o negro-gris\u00e1ceo<\/p>\n<p>Densidad: La densidad relativa es de unos 3,95 g\/cm\u00b3<\/p>\n<p>Punto de fusi\u00f3n: alto punto de fusi\u00f3n, alrededor de 1990 \u00b0C.<\/p>\n<p>Aplicaci\u00f3n<\/p>\n<p>Recubrimientos resistentes al desgaste: el polvo de fosfuro de titanio se puede utilizar como un componente clave en la superficie de las piezas mec\u00e1nicas a trav\u00e9s de la pulverizaci\u00f3n t\u00e9rmica y otros procesos para formar recubrimientos de alta dureza y resistentes al desgaste, que pueden mejorar en gran medida la vida \u00fatil de las piezas en entornos de alta fricci\u00f3n.<\/p>\n<p>Electr\u00f3nica: Los polvos de fosfuro de titanio se utilizan en la fabricaci\u00f3n de dispositivos electr\u00f3nicos para la preparaci\u00f3n de componentes electr\u00f3nicos espec\u00edficos, como l\u00edneas conductoras o electrodos en algunos circuitos integrados nuevos, para garantizar la transmisi\u00f3n eficiente de se\u00f1ales electr\u00f3nicas debido a su buena conductividad el\u00e9ctrica.<\/p>\n<p>Catalizadores: Debido a su estructura qu\u00edmica especial y propiedades superficiales, los polvos de fosfuro de titanio se pueden utilizar como catalizadores o portadores de catalizadores para reducir la energ\u00eda de activaci\u00f3n y mejorar las velocidades de reacci\u00f3n y la selectividad del producto en ciertas reacciones qu\u00edmicas, como reacciones espec\u00edficas de s\u00edntesis org\u00e1nica.<\/p>\n<p>Control de calidad<\/p>\n<p>Se implementa <span style=\"color: #0000ff;\"><a style=\"color: #0000ff;\" href=\"https:\/\/vimaterial.de\/es\/control-de-calidad\/\">un estricto<\/a><\/span> sistema de control de calidad para cada lote de producci\u00f3n, y se llevan a cabo pruebas detalladas en todos los aspectos, desde el contenido de los componentes, las propiedades f\u00edsicas hasta la microestructura, etc., y se proporcionan informes de prueba detallados oportunos y precisos.<\/p>\n<p>Embalaje y almacenamiento<\/p>\n<p>El polvo de fosfuro de titanio se empaqueta en bolsas o botellas de vac\u00edo de doble capa, por fuera en cajas de cart\u00f3n resistentes o de madera, y por dentro en cojines suaves.<\/p>\n<p>El polvo de fosfuro de titanio debe almacenarse en un ambiente fresco, seco y bien ventilado, en envases al vac\u00edo o recipientes sellados para evitar la humedad, la oxidaci\u00f3n y la contaminaci\u00f3n, y lejos de sustancias corrosivas como \u00e1cidos y \u00e1lcalis fuertes, y fuentes de ignici\u00f3n y calor.<\/p>\n","protected":false},"excerpt":{"rendered":"<p>El polvo de fosfuro de titanio es un polvo gris con brillo met\u00e1lico, con alta dureza, buena conductividad el\u00e9ctrica y t\u00e9rmica, buena estabilidad qu\u00edmica, utilizado principalmente en recubrimientos resistentes al desgaste, dispositivos electr\u00f3nicos, catalizadores y otros campos.<\/p>\n<p>VIMATERIAL puede aceptar la personalizaci\u00f3n para cualquiera de sus productos, los materiales de destino se proporcionan con servicio de encuadernaci\u00f3n, si lo necesita, <span style=\"color: #0000ff;\"><a style=\"color: #0000ff;\" href=\"https:\/\/vimaterial.de\/es\/contacto\/\">cont\u00e1ctenos<\/a><\/span>.<\/p>\n","protected":false},"featured_media":1037666,"comment_status":"open","ping_status":"closed","template":"","meta":{"_acf_changed":false},"product_brand":[],"product_cat":[194],"product_tag":[],"class_list":{"0":"post-1029549","1":"product","2":"type-product","3":"status-publish","4":"has-post-thumbnail","6":"product_cat-materiales-fosforados","8":"first","9":"instock","10":"shipping-taxable","11":"product-type-variable"},"acf":[],"_links":{"self":[{"href":"https:\/\/vimaterial.de\/es\/wp-json\/wp\/v2\/product\/1029549","targetHints":{"allow":["GET"]}}],"collection":[{"href":"https:\/\/vimaterial.de\/es\/wp-json\/wp\/v2\/product"}],"about":[{"href":"https:\/\/vimaterial.de\/es\/wp-json\/wp\/v2\/types\/product"}],"replies":[{"embeddable":true,"href":"https:\/\/vimaterial.de\/es\/wp-json\/wp\/v2\/comments?post=1029549"}],"wp:featuredmedia":[{"embeddable":true,"href":"https:\/\/vimaterial.de\/es\/wp-json\/wp\/v2\/media\/1037666"}],"wp:attachment":[{"href":"https:\/\/vimaterial.de\/es\/wp-json\/wp\/v2\/media?parent=1029549"}],"wp:term":[{"taxonomy":"product_brand","embeddable":true,"href":"https:\/\/vimaterial.de\/es\/wp-json\/wp\/v2\/product_brand?post=1029549"},{"taxonomy":"product_cat","embeddable":true,"href":"https:\/\/vimaterial.de\/es\/wp-json\/wp\/v2\/product_cat?post=1029549"},{"taxonomy":"product_tag","embeddable":true,"href":"https:\/\/vimaterial.de\/es\/wp-json\/wp\/v2\/product_tag?post=1029549"}],"curies":[{"name":"wp","href":"https:\/\/api.w.org\/{rel}","templated":true}]}}