{"id":1029545,"date":"2024-06-17T16:19:57","date_gmt":"2024-06-17T08:19:57","guid":{"rendered":"https:\/\/vimaterial.de\/product\/vanadato-de-lutecio\/"},"modified":"2025-02-27T16:48:38","modified_gmt":"2025-02-27T08:48:38","slug":"vanadato-de-lutecio","status":"publish","type":"product","link":"https:\/\/vimaterial.de\/es\/product\/vanadato-de-lutecio\/","title":{"rendered":"Vanadato de lutecio"},"content":{"rendered":"<div class=\"message-box-content-wrapper-fgNGpz\">\n<div class=\"message-content message-box-content-xoCEoU receive-message-box-content-bNaFpa samantha-message-box-content-gWlptz\" data-testid=\"message_content\">\n<div class=\"container-ZYIsnH flow-markdown-body theme-samantha-Nbr9UN\" dir=\"ltr\" data-testid=\"message_text_content\" data-show-indicator=\"false\">\n<div class=\"auto-hide-last-sibling-br paragraph-JOTKXA paragraph-element br-paragraph-space\">Vanadato de lutecio, los objetivos de pulverizaci\u00f3n cat\u00f3dica de lutecio vanadato son materiales s\u00f3lidos que se utilizan para depositar pel\u00edculas delgadas de LuVO\u2084 en el material del sustrato mediante un proceso de pulverizaci\u00f3n cat\u00f3dica. Tienen buena estabilidad qu\u00edmica, estructura cristalina espec\u00edfica y propiedades \u00f3pticas, y tienen aplicaciones importantes en los campos de pel\u00edculas delgadas \u00f3pticas y fabricaci\u00f3n de dispositivos semiconductores.<\/div>\n<\/div>\n<\/div>\n<\/div>\n<p>VIMATERIAL puede aceptar la personalizaci\u00f3n para cualquiera de sus productos, los materiales de destino se proporcionan con servicio de encuadernaci\u00f3n, si lo necesita,<span style=\"color: #0000ff;\"><a style=\"color: #0000ff;\" href=\"https:\/\/vimaterial.de\/es\/contacto\/\"> cont\u00e1ctenos<\/a><\/span>.<\/p>\n<h2><span style=\"font-size: 14pt;\">Caracter\u00edsticas<\/span><\/h2>\n<p>F\u00f3rmula molecular: LuVO\u2084<\/p>\n<p>Peso molecular: 373.99<\/p>\n<p>Aspecto: incoloro, transparente o ligeramente amarillento<\/p>\n<p>Densidad: aprox. 5,42 g\/cm\u00b3.<\/p>\n<p>Punto de fusi\u00f3n: alrededor de 1920 \u00b0C<\/p>\n<p>Estructura cristalina: Estructura cristalina de circ\u00f3n, grupo espacial I4\u2081\/amd, con buena simetr\u00eda cristalina y estabilidad estructural.<\/p>\n<h2><span style=\"font-size: 14pt;\">Aplicaciones<\/span><\/h2>\n<p>\u00d3ptica: En el campo de la \u00f3ptica, los objetivos de pulverizaci\u00f3n cat\u00f3dica de lutecio vanadato se pueden utilizar para fabricar recubrimientos de cristal l\u00e1ser para mejorar el rendimiento de los equipos l\u00e1ser, y tambi\u00e9n se pueden utilizar para preparar filtros \u00f3pticos para que los instrumentos \u00f3pticos obtengan se\u00f1ales \u00f3pticas espec\u00edficas.<\/p>\n<p>Semiconductores y dispositivos electr\u00f3nicos: En el campo de los semiconductores y los dispositivos electr\u00f3nicos, se puede utilizar como material aislante para garantizar la transmisi\u00f3n de se\u00f1ales de componentes electr\u00f3nicos en circuitos integrados, y tambi\u00e9n se puede utilizar para preparar pel\u00edculas delgadas ferroel\u00e9ctricas para memorias ferroel\u00e9ctricas y otras aplicaciones para mejorar el rendimiento del almacenamiento de datos.<\/p>\n<p>Otros campos: En otros campos, se puede utilizar como sustrato de material fluorescente para pantallas fluorescentes para mejorar el efecto luminoso y como material de modificaci\u00f3n de superficie para el tratamiento de superficies de piezas en la fabricaci\u00f3n de maquinaria y otras industrias para mejorar la resistencia a la abrasi\u00f3n y otras propiedades.<\/p>\n<h2><span style=\"font-size: 14pt;\">Control de calidad<\/span><\/h2>\n<p>Se implementa <span style=\"color: #0000ff;\"><a style=\"color: #0000ff;\" href=\"https:\/\/vimaterial.de\/es\/control-de-calidad\/\">un estricto<\/a><\/span> sistema de control de calidad para cada lote de producci\u00f3n, y se llevan a cabo pruebas detalladas en todos los aspectos, desde el contenido de los componentes, las propiedades f\u00edsicas hasta la microestructura, etc., y se proporcionan informes de prueba detallados oportunos y precisos.<\/p>\n<h2><span style=\"font-size: 14pt;\">Embalaje y almacenamiento<\/span><\/h2>\n<p>La pulverizaci\u00f3n cat\u00f3dica de lutecio vanadato se dirige a envases de llenado reforzados con bolsas y cajas de vac\u00edo, cajas y cart\u00f3n.<\/p>\n<p>Los objetivos de pulverizaci\u00f3n cat\u00f3dica de lutecio vanadato deben almacenarse en un ambiente seco, limpio y bien ventilado, empacarse en envases al vac\u00edo o recipientes sellados para protegerlos contra la humedad, el polvo y la oxidaci\u00f3n, y evitar el contacto con objetos afilados para evitar da\u00f1os por ara\u00f1azos, y mantenerse alejado de fuertes campos magn\u00e9ticos, fuertes campos el\u00e9ctricos y sustancias corrosivas.<\/p>\n","protected":false},"excerpt":{"rendered":"<p>Vanadato de lutecio, los objetivos de pulverizaci\u00f3n cat\u00f3dica de lutecio vanadato son materiales s\u00f3lidos que se utilizan para depositar pel\u00edculas delgadas de LuVO\u2084 en el material del sustrato mediante un proceso de pulverizaci\u00f3n cat\u00f3dica. Tienen buena estabilidad qu\u00edmica, estructura cristalina espec\u00edfica y propiedades \u00f3pticas, y tienen aplicaciones importantes en los campos de pel\u00edculas delgadas \u00f3pticas y fabricaci\u00f3n de dispositivos semiconductores.<\/p>\n<p>VIMATERIAL puede aceptar la personalizaci\u00f3n para cualquiera de sus productos, los materiales de destino se proporcionan con servicio de encuadernaci\u00f3n, si lo necesita,<span style=\"color: #0000ff;\"><a style=\"color: #0000ff;\" href=\"https:\/\/vimaterial.de\/es\/contacto\/\"> cont\u00e1ctenos<\/a><\/span>.<\/p>\n<p>&nbsp;<\/p>\n","protected":false},"featured_media":1034754,"comment_status":"open","ping_status":"closed","template":"","meta":{"_acf_changed":false},"product_brand":[],"product_cat":[178],"product_tag":[],"class_list":{"0":"post-1029545","1":"product","2":"type-product","3":"status-publish","4":"has-post-thumbnail","6":"product_cat-catodos-para-sputtering-planar","8":"first","9":"instock","10":"shipping-taxable","11":"product-type-variable"},"acf":[],"_links":{"self":[{"href":"https:\/\/vimaterial.de\/es\/wp-json\/wp\/v2\/product\/1029545","targetHints":{"allow":["GET"]}}],"collection":[{"href":"https:\/\/vimaterial.de\/es\/wp-json\/wp\/v2\/product"}],"about":[{"href":"https:\/\/vimaterial.de\/es\/wp-json\/wp\/v2\/types\/product"}],"replies":[{"embeddable":true,"href":"https:\/\/vimaterial.de\/es\/wp-json\/wp\/v2\/comments?post=1029545"}],"wp:featuredmedia":[{"embeddable":true,"href":"https:\/\/vimaterial.de\/es\/wp-json\/wp\/v2\/media\/1034754"}],"wp:attachment":[{"href":"https:\/\/vimaterial.de\/es\/wp-json\/wp\/v2\/media?parent=1029545"}],"wp:term":[{"taxonomy":"product_brand","embeddable":true,"href":"https:\/\/vimaterial.de\/es\/wp-json\/wp\/v2\/product_brand?post=1029545"},{"taxonomy":"product_cat","embeddable":true,"href":"https:\/\/vimaterial.de\/es\/wp-json\/wp\/v2\/product_cat?post=1029545"},{"taxonomy":"product_tag","embeddable":true,"href":"https:\/\/vimaterial.de\/es\/wp-json\/wp\/v2\/product_tag?post=1029545"}],"curies":[{"name":"wp","href":"https:\/\/api.w.org\/{rel}","templated":true}]}}