{"id":1029532,"date":"2024-06-17T16:19:57","date_gmt":"2024-06-17T08:19:57","guid":{"rendered":"https:\/\/vimaterial.de\/product\/fosfuro-de-silicio\/"},"modified":"2025-02-27T17:26:07","modified_gmt":"2025-02-27T09:26:07","slug":"fosfuro-de-silicio","status":"publish","type":"product","link":"https:\/\/vimaterial.de\/es\/product\/fosfuro-de-silicio\/","title":{"rendered":"Fosfuro de silicio"},"content":{"rendered":"<p>El polvo de fosfuro de silicio es una sustancia pulverulenta de color gris a negro con alta dureza, alto punto de fusi\u00f3n, buena estabilidad qu\u00edmica y ciertas propiedades semiconductoras. Se utiliza principalmente en los campos de envases electr\u00f3nicos, materiales cer\u00e1micos, materiales refractarios, etc. El polvo de TiP es un polvo gris con brillo met\u00e1lico, con alta dureza, buena conductividad el\u00e9ctrica y t\u00e9rmica y buena estabilidad qu\u00edmica.<\/p>\n<p>VIMATERIAL puede aceptar la personalizaci\u00f3n para cualquiera de sus productos, los materiales de destino se proporcionan con servicio de encuadernaci\u00f3n, si lo necesita, <span style=\"color: #0000ff;\"><a style=\"color: #0000ff;\" href=\"https:\/\/vimaterial.de\/es\/contacto\/\">cont\u00e1ctenos.<\/a><\/span><\/p>\n<h2><span style=\"font-size: 14pt;\">caracter\u00edsticas<\/span><\/h2>\n<p>F\u00f3rmula qu\u00edmica: SiP<\/p>\n<p>Peso molecular: alrededor de 59.06<\/p>\n<p>Densidad: aprox. 2.034 g\/cm3<\/p>\n<p>Aspecto: polvo gris o gris-negro.<\/p>\n<p>Estructura cristalina: Sistema cristalino ortorr\u00f3mbico, cristal laminar 2D, estructura cristalina con caracter\u00edsticas laminares.<\/p>\n<h2><span style=\"font-size: 14pt;\">Aplicaci\u00f3n<\/span><\/h2>\n<p>Campo semiconductor: Debido a que el fosfuro de silicio tiene propiedades semiconductoras, se puede utilizar para preparar dispositivos semiconductores.<\/p>\n<p>Potenciador de materiales: se puede utilizar como potenciador de material compuesto, y despu\u00e9s de la combinaci\u00f3n con otros materiales, puede mejorar la resistencia, la dureza, la resistencia al calor y otras propiedades del material.<\/p>\n<p>Material de recubrimiento: se puede utilizar para preparar un recubrimiento resistente a la corrosi\u00f3n a alta temperatura, aplicado a la protecci\u00f3n de superficies met\u00e1licas, aeroespacial y otros campos, puede mejorar la vida \u00fatil y el rendimiento de las piezas.<\/p>\n<h2><span style=\"font-size: 14pt;\">Control de calidad<\/span><\/h2>\n<p>Se implementa <span style=\"color: #0000ff;\"><a style=\"color: #0000ff;\" href=\"https:\/\/vimaterial.de\/es\/control-de-calidad\/\">un estricto<\/a> <\/span>sistema de control de calidad para cada lote de producci\u00f3n, y se llevan a cabo pruebas detalladas en todos los aspectos, desde el contenido de los componentes, las propiedades f\u00edsicas hasta la microestructura, etc., y se proporcionan informes de prueba detallados oportunos y precisos.<\/p>\n<h2><span style=\"font-size: 14pt;\">Embalaje y almacenamiento<\/span><\/h2>\n<p>El polvo de fosfuro de silicio se envasa en bolsas o botellas de vac\u00edo de doble capa, en el exterior en cajas de cart\u00f3n resistentes o de madera, y en el interior en cojines suaves.<\/p>\n<p>El polvo de fosfuro de silicio debe almacenarse en un ambiente fresco, seco y bien ventilado, lejos del fuego, el calor y los oxidantes fuertes, etc., y debe sellarse y almacenarse en recipientes con atm\u00f3sfera de gas inerte para evitar que reaccione con el ox\u00edgeno y la humedad del aire y se deteriore.<\/p>\n","protected":false},"excerpt":{"rendered":"<p>El polvo de fosfuro de silicio es una sustancia pulverulenta de color gris a negro con alta dureza, alto punto de fusi\u00f3n, buena estabilidad qu\u00edmica y ciertas propiedades semiconductoras. Se utiliza principalmente en los campos de envases electr\u00f3nicos, materiales cer\u00e1micos, materiales refractarios, etc. El polvo de TiP es un polvo gris con brillo met\u00e1lico, con alta dureza, buena conductividad el\u00e9ctrica y t\u00e9rmica y buena estabilidad qu\u00edmica.<\/p>\n<p>VIMATERIAL puede aceptar la personalizaci\u00f3n para cualquiera de sus productos, los materiales de destino se proporcionan con servicio de encuadernaci\u00f3n, si lo necesita, <span style=\"color: #0000ff;\"><a style=\"color: #0000ff;\" href=\"https:\/\/vimaterial.de\/es\/contacto\/\">cont\u00e1ctenos.<\/a><\/span><\/p>\n<p>&nbsp;<\/p>\n","protected":false},"featured_media":1037673,"comment_status":"open","ping_status":"closed","template":"","meta":{"_acf_changed":false},"product_brand":[],"product_cat":[194],"product_tag":[],"class_list":{"0":"post-1029532","1":"product","2":"type-product","3":"status-publish","4":"has-post-thumbnail","6":"product_cat-materiales-fosforados","8":"first","9":"instock","10":"shipping-taxable","11":"product-type-variable"},"acf":[],"_links":{"self":[{"href":"https:\/\/vimaterial.de\/es\/wp-json\/wp\/v2\/product\/1029532","targetHints":{"allow":["GET"]}}],"collection":[{"href":"https:\/\/vimaterial.de\/es\/wp-json\/wp\/v2\/product"}],"about":[{"href":"https:\/\/vimaterial.de\/es\/wp-json\/wp\/v2\/types\/product"}],"replies":[{"embeddable":true,"href":"https:\/\/vimaterial.de\/es\/wp-json\/wp\/v2\/comments?post=1029532"}],"wp:featuredmedia":[{"embeddable":true,"href":"https:\/\/vimaterial.de\/es\/wp-json\/wp\/v2\/media\/1037673"}],"wp:attachment":[{"href":"https:\/\/vimaterial.de\/es\/wp-json\/wp\/v2\/media?parent=1029532"}],"wp:term":[{"taxonomy":"product_brand","embeddable":true,"href":"https:\/\/vimaterial.de\/es\/wp-json\/wp\/v2\/product_brand?post=1029532"},{"taxonomy":"product_cat","embeddable":true,"href":"https:\/\/vimaterial.de\/es\/wp-json\/wp\/v2\/product_cat?post=1029532"},{"taxonomy":"product_tag","embeddable":true,"href":"https:\/\/vimaterial.de\/es\/wp-json\/wp\/v2\/product_tag?post=1029532"}],"curies":[{"name":"wp","href":"https:\/\/api.w.org\/{rel}","templated":true}]}}