{"id":1029501,"date":"2024-06-17T16:12:08","date_gmt":"2024-06-17T08:12:08","guid":{"rendered":"https:\/\/vimaterial.de\/product\/oxido-de-disprosio-2\/"},"modified":"2025-07-10T11:35:01","modified_gmt":"2025-07-10T03:35:01","slug":"oxido-de-disprosio-2","status":"publish","type":"product","link":"https:\/\/vimaterial.de\/es\/product\/oxido-de-disprosio-2\/","title":{"rendered":"\u00d3xido de disprosio"},"content":{"rendered":"<p>Los gr\u00e1nulos <span style=\"color: #0000ff;\"><a style=\"color: #0000ff;\" href=\"https:\/\/vimaterial.de\/es\/product\/oxido-de-disprosio-3\/\"><strong>de \u00f3xido de disprosio<\/strong><\/a><\/span> son part\u00edculas s\u00f3lidas de color amarillento o amarillo parduzco con alto punto de fusi\u00f3n, buena estabilidad qu\u00edmica, insolubles en agua y \u00e1lcali (excepto \u00e1lcalis fuertes), que desempe\u00f1an un papel importante en los campos de materiales magn\u00e9ticos, materiales \u00f3pticos, materiales cer\u00e1micos, etc.<\/p>\n<p>VIMATERIAL soporte de personalizaci\u00f3n de productos, <span style=\"color: #0000ff;\"><a style=\"color: #0000ff;\" href=\"https:\/\/vimaterial.de\/es\/contacto\/\">cont\u00e1ctenos<\/a><\/span>.<\/p>\n<h2><span style=\"font-size: 14pt;\">Propiedades del \u00f3xido de disprosio <\/span><\/h2>\n<p>F\u00f3rmula molecular: Dy\u2082O\u2083<\/p>\n<p>Peso molecular: 373.00 g\/mol<\/p>\n<p>Aspecto: Part\u00edculas de color blanco a amarillo claro<\/p>\n<p>Densidad: 7,81 g\/cm\u00b3 (25 \u00b0C)<\/p>\n<p>Punto de fusi\u00f3n: alrededor de 2408 \u00b0C<\/p>\n<p>Estructura cristalina: fase c\u00fabica<\/p>\n<p>Solubilidad: Insoluble en agua, pero soluble en \u00e1cidos inorg\u00e1nicos.<\/p>\n<h2><span style=\"font-size: 14pt;\"><strong>Aplicaciones del \u00f3xido de disprosio<\/strong><\/span><\/h2>\n<p>Materiales magn\u00e9ticos permanentes: La adici\u00f3n de aproximadamente un 2-3% de \u00f3xido de disprosio a los imanes permanentes de NdFeB puede aumentar significativamente su coercitividad, que es un aditivo importante para los imanes de NdFeB. Es un aditivo importante para los imanes de NdFeB. Con la creciente demanda de imanes de NdFeB, el \u00f3xido de disprosio se utiliza cada vez m\u00e1s en este campo.<\/p>\n<p>Materiales <strong>\u00f3pticos: El \u00f3xido de disprosio<\/strong> se utiliza en la fabricaci\u00f3n de l\u00e1mparas de halogenuros met\u00e1licos y otras fuentes de iluminaci\u00f3n para mejorar la eficiencia luminosa y la reproducci\u00f3n crom\u00e1tica de las fuentes de luz.<\/p>\n<p>Materiales de almacenamiento magneto-\u00f3ptico: <strong>El \u00f3xido de disprosio<\/strong> se puede utilizar para preparar materiales de almacenamiento magneto-\u00f3ptico para almacenar y leer informaci\u00f3n utilizando su efecto magneto-\u00f3ptico.<\/p>\n<h2><span style=\"font-size: 14pt;\">Control de calidad<\/span><\/h2>\n<p><span style=\"color: #0000ff;\"><a style=\"color: #0000ff;\" href=\"https:\/\/vimaterial.de\/es\/control-de-calidad\/\">VI HALBLEITERMATERIAL GmbH<\/a><\/span> implementa un estricto control de calidad en todo el proceso y 8D mecanismo de resoluci\u00f3n de problemas para garantizar que los productos cumplan con REACH, ASTM y los est\u00e1ndares de la industria, y apoyar el desarrollo sostenible y la trazabilidad de la cadena de suministro. La compa\u00f1\u00eda se compromete a proporcionar a los clientes productos y servicios de alta calidad mediante la gesti\u00f3n de todo el proceso, desde la investigaci\u00f3n y el desarrollo hasta la entrega, y se adhiere al principio de reelaboraci\u00f3n de productos no conformes.<\/p>\n<h2><span style=\"font-size: 14pt;\">Embalaje y almacenamiento<\/span><\/h2>\n<p>Embolsado al vac\u00edo y luego embotellado, embalaje de cart\u00f3n exterior, la capacidad se puede personalizar.<\/p>\n<p>Los gr\u00e1nulos de <strong>Dy\u2082O\u2083<\/strong> deben sellarse estrictamente en un entorno seco, protegidos de la luz y la humedad, para mantener su estabilidad qu\u00edmica y sus propiedades superficiales.<\/p>\n","protected":false},"excerpt":{"rendered":"<p>Los gr\u00e1nulos <span style=\"color: #0000ff;\"><a style=\"color: #0000ff;\" href=\"https:\/\/vimaterial.de\/es\/product\/oxido-de-disprosio-3\/\"><strong>de \u00f3xido de disprosio<\/strong><\/a><\/span> son part\u00edculas s\u00f3lidas de color amarillento o amarillo parduzco con alto punto de fusi\u00f3n, buena estabilidad qu\u00edmica, insolubles en agua y \u00e1lcali (excepto \u00e1lcalis fuertes), que desempe\u00f1an un papel importante en los campos de materiales magn\u00e9ticos, materiales \u00f3pticos, materiales cer\u00e1micos, etc.<\/p>\n<p>VIMATERIAL soporte de personalizaci\u00f3n de productos, <span style=\"color: #0000ff;\"><a style=\"color: #0000ff;\" href=\"https:\/\/vimaterial.de\/es\/contacto\/\">cont\u00e1ctenos<\/a><\/span>.<\/p>\n","protected":false},"featured_media":1038561,"comment_status":"open","ping_status":"closed","template":"","meta":{"_acf_changed":false},"product_brand":[],"product_cat":[179],"product_tag":[],"class_list":{"0":"post-1029501","1":"product","2":"type-product","3":"status-publish","4":"has-post-thumbnail","6":"product_cat-materiales-de-evaporacion","8":"first","9":"instock","10":"shipping-taxable","11":"product-type-variable"},"acf":[],"_links":{"self":[{"href":"https:\/\/vimaterial.de\/es\/wp-json\/wp\/v2\/product\/1029501","targetHints":{"allow":["GET"]}}],"collection":[{"href":"https:\/\/vimaterial.de\/es\/wp-json\/wp\/v2\/product"}],"about":[{"href":"https:\/\/vimaterial.de\/es\/wp-json\/wp\/v2\/types\/product"}],"replies":[{"embeddable":true,"href":"https:\/\/vimaterial.de\/es\/wp-json\/wp\/v2\/comments?post=1029501"}],"wp:featuredmedia":[{"embeddable":true,"href":"https:\/\/vimaterial.de\/es\/wp-json\/wp\/v2\/media\/1038561"}],"wp:attachment":[{"href":"https:\/\/vimaterial.de\/es\/wp-json\/wp\/v2\/media?parent=1029501"}],"wp:term":[{"taxonomy":"product_brand","embeddable":true,"href":"https:\/\/vimaterial.de\/es\/wp-json\/wp\/v2\/product_brand?post=1029501"},{"taxonomy":"product_cat","embeddable":true,"href":"https:\/\/vimaterial.de\/es\/wp-json\/wp\/v2\/product_cat?post=1029501"},{"taxonomy":"product_tag","embeddable":true,"href":"https:\/\/vimaterial.de\/es\/wp-json\/wp\/v2\/product_tag?post=1029501"}],"curies":[{"name":"wp","href":"https:\/\/api.w.org\/{rel}","templated":true}]}}