{"id":1029484,"date":"2024-06-17T16:12:09","date_gmt":"2024-06-17T08:12:09","guid":{"rendered":"https:\/\/vimaterial.de\/product\/oxido-de-disprosio\/"},"modified":"2025-07-07T17:07:11","modified_gmt":"2025-07-07T09:07:11","slug":"oxido-de-disprosio","status":"publish","type":"product","link":"https:\/\/vimaterial.de\/es\/product\/oxido-de-disprosio\/","title":{"rendered":"\u00d3xido de disprosio"},"content":{"rendered":"<p>El objetivo de pulverizaci\u00f3n cat\u00f3dica <strong><span style=\"color: #0000ff;\"><a style=\"color: #0000ff;\" href=\"https:\/\/vimaterial.de\/es\/product\/oxido-de-disprosio-3\/\">de \u00f3xido de disprosio<\/a><\/span><\/strong> es un tipo de material utilizado en la pulverizaci\u00f3n cat\u00f3dica de magnetr\u00f3n y otras tecnolog\u00edas de recubrimiento. El \u00f3xido de disprosio (Dy\u2082O\u2083) es el ingrediente principal, que suele tener las caracter\u00edsticas de alta pureza, altas densidades y composiciones homog\u00e9neas, etc. Puede ser ampliamente utilizado en semiconductores, \u00f3ptica, magnetismo, energ\u00eda at\u00f3mica y muchos otros campos para la preparaci\u00f3n de pel\u00edculas delgadas funcionales.<\/p>\n<p>VIMATERIAL ofrece personalizaci\u00f3n de productos, <span style=\"color: #0000ff;\"><a style=\"color: #0000ff;\" href=\"https:\/\/vimaterial.de\/es\/contacto\/\">cont\u00e1ctenos<\/a><\/span>.<\/p>\n<h2><span style=\"font-size: 14pt;\">Propiedades del \u00f3xido de disprosio<\/span><\/h2>\n<p>F\u00f3rmula molecular: Dy\u2082O\u2083<\/p>\n<p>Peso molecular: 373.00 g\/mol<\/p>\n<p>Aspecto: Blanco a amarillo claro<\/p>\n<p>Densidad: 7,81 g\/cm\u00b3 (te\u00f3rica)<\/p>\n<p>Punto de fusi\u00f3n: aprox. 2400\u00b0C<\/p>\n<p>Punto de ebullici\u00f3n: aprox. 3900\u00b0C<\/p>\n<p>Estructura cristalina: fase c\u00fabica<\/p>\n<h2><span style=\"font-size: 14pt;\">Aplicaciones del \u00f3xido de disprosio<\/span><\/h2>\n<p>Campo de semiconductores: Se puede utilizar para preparar pel\u00edculas semiconductoras en el proceso de fabricaci\u00f3n de semiconductores.<\/p>\n<p>\u00d3ptica: Los objetivos de pulverizaci\u00f3n cat\u00f3dica <strong>Dy2O3 <\/strong>se pueden utilizar para preparar pel\u00edculas \u00f3pticas debido a su alto \u00edndice de refracci\u00f3n y transparencia.<\/p>\n<p>Magnetismo: Los objetivos de pulverizaci\u00f3n cat\u00f3dica <strong>Dy2O3<\/strong> se utilizan para la preparaci\u00f3n de pel\u00edculas magn\u00e9ticas, como materiales de grabaci\u00f3n magn\u00e9tica y sensores magn\u00e9ticos, debido a sus fuertes propiedades magn\u00e9ticas. Estas pel\u00edculas magn\u00e9ticas tienen importantes aplicaciones en el almacenamiento de informaci\u00f3n y la detecci\u00f3n de se\u00f1ales magn\u00e9ticas.<\/p>\n<p>Nuevo campo de energ\u00eda: En el nuevo campo de energ\u00eda, como la fabricaci\u00f3n de c\u00e9lulas solares, los objetivos de pulverizaci\u00f3n cat\u00f3dica de<strong> Dy2O3<\/strong> se pueden utilizar para preparar materiales de electrodos o materiales de capas funcionales para c\u00e9lulas solares, mejorando la eficiencia de conversi\u00f3n fotoel\u00e9ctrica y la estabilidad de las c\u00e9lulas solares.<\/p>\n<h2><span style=\"font-size: 14pt;\">Control de calidad<\/span><\/h2>\n<p><span style=\"color: #0000ff;\"><a style=\"color: #0000ff;\" href=\"https:\/\/vimaterial.de\/es\/control-de-calidad\/\">VI HALBLEITERMATERIAL GmbH<\/a><\/span> implementa estrictamente un sistema de control de calidad de proceso completo, se adhiere al principio de reelaboraci\u00f3n de productos defectuosos y libera cada lote de productos solo despu\u00e9s de que haya pasado pruebas de especificaci\u00f3n detalladas. Nos comprometemos a construir una cadena de suministro responsable cumpliendo con las normas REACH y ASTM, garantizando la coherencia de los lotes y estableciendo un sistema completo de trazabilidad documentado.<\/p>\n<h2><span style=\"font-size: 14pt;\">Embalaje y almacenamiento<\/span><\/h2>\n<p>Los objetivos de pulverizaci\u00f3n cat\u00f3dica <strong>Dy2O3<\/strong> se empaquetan al vac\u00edo y se colocan en cajas personalizadas, y se transportan en cajas de cart\u00f3n especiales para garantizar un transporte seguro.<\/p>\n<p>Los objetivos de pulverizaci\u00f3n cat\u00f3dica <strong>Dy2O3<\/strong> deben almacenarse en condiciones secas y selladas para evitar la absorci\u00f3n de humedad y la contaminaci\u00f3n, y se recomienda colocarlos en un ambiente ventilado y seco despu\u00e9s del envasado al vac\u00edo.<\/p>\n","protected":false},"excerpt":{"rendered":"<p>El objetivo de pulverizaci\u00f3n cat\u00f3dica <strong><span style=\"color: #0000ff;\"><a style=\"color: #0000ff;\" href=\"https:\/\/vimaterial.de\/es\/product\/oxido-de-disprosio-3\/\">de \u00f3xido de disprosio<\/a><\/span><\/strong> es un tipo de material utilizado en la pulverizaci\u00f3n cat\u00f3dica de magnetr\u00f3n y otras tecnolog\u00edas de recubrimiento. El \u00f3xido de disprosio (Dy\u2082O\u2083) es el ingrediente principal, que suele tener las caracter\u00edsticas de alta pureza, altas densidades y composiciones homog\u00e9neas, etc. Puede ser ampliamente utilizado en semiconductores, \u00f3ptica, magnetismo, energ\u00eda at\u00f3mica y muchos otros campos para la preparaci\u00f3n de pel\u00edculas delgadas funcionales.<\/p>\n<p>VIMATERIAL ofrece personalizaci\u00f3n de productos, <span style=\"color: #0000ff;\"><a style=\"color: #0000ff;\" href=\"https:\/\/vimaterial.de\/es\/contacto\/\">cont\u00e1ctenos<\/a><\/span>.<\/p>\n","protected":false},"featured_media":1038508,"comment_status":"open","ping_status":"closed","template":"","meta":{"_acf_changed":false},"product_brand":[],"product_cat":[178],"product_tag":[],"class_list":{"0":"post-1029484","1":"product","2":"type-product","3":"status-publish","4":"has-post-thumbnail","6":"product_cat-catodos-para-sputtering-planar","8":"first","9":"instock","10":"shipping-taxable","11":"product-type-variable"},"acf":[],"_links":{"self":[{"href":"https:\/\/vimaterial.de\/es\/wp-json\/wp\/v2\/product\/1029484","targetHints":{"allow":["GET"]}}],"collection":[{"href":"https:\/\/vimaterial.de\/es\/wp-json\/wp\/v2\/product"}],"about":[{"href":"https:\/\/vimaterial.de\/es\/wp-json\/wp\/v2\/types\/product"}],"replies":[{"embeddable":true,"href":"https:\/\/vimaterial.de\/es\/wp-json\/wp\/v2\/comments?post=1029484"}],"wp:featuredmedia":[{"embeddable":true,"href":"https:\/\/vimaterial.de\/es\/wp-json\/wp\/v2\/media\/1038508"}],"wp:attachment":[{"href":"https:\/\/vimaterial.de\/es\/wp-json\/wp\/v2\/media?parent=1029484"}],"wp:term":[{"taxonomy":"product_brand","embeddable":true,"href":"https:\/\/vimaterial.de\/es\/wp-json\/wp\/v2\/product_brand?post=1029484"},{"taxonomy":"product_cat","embeddable":true,"href":"https:\/\/vimaterial.de\/es\/wp-json\/wp\/v2\/product_cat?post=1029484"},{"taxonomy":"product_tag","embeddable":true,"href":"https:\/\/vimaterial.de\/es\/wp-json\/wp\/v2\/product_tag?post=1029484"}],"curies":[{"name":"wp","href":"https:\/\/api.w.org\/{rel}","templated":true}]}}