{"id":1029472,"date":"2024-06-17T16:12:09","date_gmt":"2024-06-17T08:12:09","guid":{"rendered":"https:\/\/vimaterial.de\/product\/boruro-de-disprosio\/"},"modified":"2025-07-08T11:03:08","modified_gmt":"2025-07-08T03:03:08","slug":"boruro-de-disprosio","status":"publish","type":"product","link":"https:\/\/vimaterial.de\/es\/product\/boruro-de-disprosio\/","title":{"rendered":"Borido de disprosio"},"content":{"rendered":"<p>El polvo de <span style=\"color: #0000ff;\"><strong><a style=\"color: #0000ff;\" href=\"https:\/\/vimaterial.de\/es\/search\/?type=name&#038;keyword=Dysprosium\">Borido de disprosio<\/a><\/strong><\/span> es un polvo de boruro de tierras raras, de color gris o negro, con alto punto de fusi\u00f3n, alta dureza y propiedades qu\u00edmicas relativamente estables, que tiene aplicaciones en los campos de la electr\u00f3nica y la ciencia de los materiales.<\/p>\n<p>VIMATERIAL apoya la personalizaci\u00f3n de los productos, <a href=\"https:\/\/vimaterial.de\/es\/contacto\/\"><span style=\"color: #0000ff;\">cont\u00e1ctenos<\/span>.<\/a><\/p>\n<h2><span style=\"font-size: 14pt;\">Propiedades del boruro de disprosio<\/span><\/h2>\n<p>F\u00f3rmula molecular: DyB\u2086<\/p>\n<p>Peso molecular: 227,36 g\/mol<\/p>\n<p>Aspecto: Polvo met\u00e1lico gris-negro oscuro<\/p>\n<p>Densidad: aprox. 4,95 g\/cm\u00b3.<\/p>\n<p>Estructura cristalina: Sistema de cristal c\u00fabico<\/p>\n<p>Alto punto de fusi\u00f3n: Tiene un alto punto de fusi\u00f3n, lo que le permite mantener una estructura y un rendimiento estables en un entorno de alta temperatura, y puede soportar temperaturas m\u00e1s altas sin fundirse ni deformarse.<\/p>\n<p>Alta dureza: Una mayor dureza le da una mejor resistencia a la abrasi\u00f3n y al rayado, lo que es ventajoso en algunos escenarios de aplicaci\u00f3n donde se requiere la dureza del material.<\/p>\n<p>Alta estabilidad qu\u00edmica: a temperatura ambiente, el polvo de <strong>boruro de disprosio<\/strong> tiene una alta estabilidad qu\u00edmica y no es f\u00e1cil de reaccionar con agua, ox\u00edgeno y otras sustancias comunes.<\/p>\n<h2><span style=\"font-size: 14pt;\">Aplicaciones del borido de disprosio<\/span><\/h2>\n<p>Material del c\u00e1todo: debido a su buen rendimiento de emisi\u00f3n de electrones, se puede utilizar como c\u00e1todo de microscopio electr\u00f3nico, tubo de microondas, equipo de soldadura por haz de electrones, equipo de l\u00e1ser de electrones libres, etc.<\/p>\n<p>Materiales termoel\u00e9ctricos de alta temperatura: <strong>El boruro de disprosio<\/strong> mantiene un buen rendimiento en entornos de alta temperatura y se puede utilizar en el campo de la conversi\u00f3n termoel\u00e9ctrica a alta temperatura, por ejemplo, como material termoel\u00e9ctrico en equipos de alta temperatura que requieren la conversi\u00f3n de energ\u00eda t\u00e9rmica en energ\u00eda el\u00e9ctrica.<\/p>\n<p>Materiales<strong> magn\u00e9ticos: El boruro de disprosio<\/strong> tiene un cierto grado de magnetismo y se puede utilizar para preparar materiales magn\u00e9ticos como imanes permanentes y materiales de registro magn\u00e9ticos. Tiene aplicaciones potenciales en almacenamiento magn\u00e9tico, sensores magn\u00e9ticos y otros campos.<\/p>\n<h2><span style=\"font-size: 14pt;\">Control de calidad<\/span><\/h2>\n<p><span style=\"color: #0000ff;\"><a style=\"color: #0000ff;\" href=\"https:\/\/vimaterial.de\/es\/control-de-calidad\/\">VI HALBLEITERMATERIAL GmbH<\/a><\/span> implementa estrictamente un sistema de control de calidad de proceso completo, se adhiere al principio de reelaboraci\u00f3n de productos defectuosos y libera cada lote de productos solo despu\u00e9s de que haya pasado pruebas de especificaci\u00f3n detalladas. Nos comprometemos a construir una cadena de suministro responsable cumpliendo con las normas REACH y ASTM, garantizando la coherencia de los lotes y estableciendo un sistema completo de trazabilidad documentado.<\/p>\n<h2><span style=\"font-size: 14pt;\">Embalaje y almacenamiento<\/span><\/h2>\n<p><strong>El polvo DyB6<\/strong> se envasa al vac\u00edo en botellas y luego se empaqueta en cajas de cart\u00f3n especiales al aire libre para garantizar un transporte seguro. Capacidad Capacidad de la botella Las especificaciones de empaque se pueden personalizar de acuerdo con los requisitos del cliente.<\/p>\n<p><strong>El polvo DyB6<\/strong> debe sellarse y llenarse de arg\u00f3n y almacenarse en un ambiente seco, evitar el contacto con la humedad y el ox\u00edgeno, protecci\u00f3n recomendada para el envasado al vac\u00edo.<\/p>\n","protected":false},"excerpt":{"rendered":"<p>El polvo de <span style=\"color: #0000ff;\"><strong><a style=\"color: #0000ff;\" href=\"https:\/\/vimaterial.de\/es\/search\/?type=name&#038;keyword=Dysprosium\">Borido de disprosio<\/a><\/strong><\/span> es un polvo de boruro de tierras raras, de color gris o negro, con alto punto de fusi\u00f3n, alta dureza y propiedades qu\u00edmicas relativamente estables, que tiene aplicaciones en los campos de la electr\u00f3nica y la ciencia de los materiales.<\/p>\n<p>VIMATERIAL apoya la personalizaci\u00f3n de los productos, <a href=\"https:\/\/vimaterial.de\/es\/contacto\/\"><span style=\"color: #0000ff;\">cont\u00e1ctenos<\/span>.<\/a><\/p>\n","protected":false},"featured_media":1038522,"comment_status":"open","ping_status":"closed","template":"","meta":{"_acf_changed":false},"product_brand":[],"product_cat":[183,184],"product_tag":[],"class_list":{"0":"post-1029472","1":"product","2":"type-product","3":"status-publish","4":"has-post-thumbnail","6":"product_cat-c-n-b-si-materiales","7":"product_cat-materiales-de-tierras-raras","9":"first","10":"instock","11":"shipping-taxable","12":"product-type-variable"},"acf":[],"_links":{"self":[{"href":"https:\/\/vimaterial.de\/es\/wp-json\/wp\/v2\/product\/1029472","targetHints":{"allow":["GET"]}}],"collection":[{"href":"https:\/\/vimaterial.de\/es\/wp-json\/wp\/v2\/product"}],"about":[{"href":"https:\/\/vimaterial.de\/es\/wp-json\/wp\/v2\/types\/product"}],"replies":[{"embeddable":true,"href":"https:\/\/vimaterial.de\/es\/wp-json\/wp\/v2\/comments?post=1029472"}],"wp:featuredmedia":[{"embeddable":true,"href":"https:\/\/vimaterial.de\/es\/wp-json\/wp\/v2\/media\/1038522"}],"wp:attachment":[{"href":"https:\/\/vimaterial.de\/es\/wp-json\/wp\/v2\/media?parent=1029472"}],"wp:term":[{"taxonomy":"product_brand","embeddable":true,"href":"https:\/\/vimaterial.de\/es\/wp-json\/wp\/v2\/product_brand?post=1029472"},{"taxonomy":"product_cat","embeddable":true,"href":"https:\/\/vimaterial.de\/es\/wp-json\/wp\/v2\/product_cat?post=1029472"},{"taxonomy":"product_tag","embeddable":true,"href":"https:\/\/vimaterial.de\/es\/wp-json\/wp\/v2\/product_tag?post=1029472"}],"curies":[{"name":"wp","href":"https:\/\/api.w.org\/{rel}","templated":true}]}}