{"id":1029435,"date":"2024-06-17T16:16:10","date_gmt":"2024-06-17T08:16:10","guid":{"rendered":"https:\/\/vimaterial.de\/product\/fluoruro-de-disprosio-dfm-2\/"},"modified":"2025-07-07T11:32:55","modified_gmt":"2025-07-07T03:32:55","slug":"fluoruro-de-disprosio-dfm-2","status":"publish","type":"product","link":"https:\/\/vimaterial.de\/es\/product\/fluoruro-de-disprosio-dfm-2\/","title":{"rendered":"Fluoruro de disprosio (DFM)"},"content":{"rendered":"<p><strong><span style=\"color: #0000ff;\"><a style=\"color: #0000ff;\" href=\"https:\/\/vimaterial.de\/es\/product\/fluoruro-de-disprosio-dfm\/\">El polvo de fluoruro de disprosio<\/a><\/span> <\/strong>suele ser un polvo cristalino de color blanco o amarillo muy p\u00e1lido, de estructura cristalina c\u00fabica u rombo\u00e9drica centrada en la cara de color verde claro, con una estructura cristalina muy estable y una excelente estabilidad t\u00e9rmica, insoluble en agua y \u00e1cido diluido. Es ampliamente utilizado en \u00f3ptica, electr\u00f3nica, fundici\u00f3n de metales y muchos otros campos.<\/p>\n<p>VIMATERIAL apoya la personalizaci\u00f3n del producto<span style=\"color: #0000ff;\">, <a style=\"color: #0000ff;\" href=\"https:\/\/vimaterial.de\/es\/contacto\/\">cont\u00e1ctenos<\/a>.<\/span><\/p>\n<h2><span style=\"font-size: 14pt;\">Propiedades del fluoruro de disprosio <\/span><\/h2>\n<p>F\u00f3rmula molecular:<strong>DyF\u2083<\/strong><\/p>\n<p>Peso molecular: 219,50 g\/mol<\/p>\n<p>Aspecto:Polvo blanco<\/p>\n<p>Densidad:7,5 g\/cm\u00b3 (valor te\u00f3rico)<\/p>\n<p>Punto de fusi\u00f3n: alrededor de 1150 \u00b0C<\/p>\n<p>Punto de ebullici\u00f3n: alrededor de 2200 \u00b0C (puede descomponerse a alta temperatura)<\/p>\n<p>Estructura cristalina: sistema cristalino hexagonal<\/p>\n<p>Solubilidad: insoluble en agua, soluble en \u00e1cido concentrado caliente<\/p>\n<h2><span style=\"font-size: 14pt;\">Aplicaciones del fluoruro de disprosio<\/span><\/h2>\n<p>Preparaci\u00f3n de materiales fluorescentes:<strong> El fluoruro de disprosio<\/strong> se puede utilizar para preparar materiales fluorescentes que contienen iones met\u00e1licos de disprosio, que tienen importantes aplicaciones en el campo de los l\u00e1seres y la iluminaci\u00f3n, por ejemplo, se puede utilizar para hacer f\u00f3sforos especiales para mejorar el efecto fluorescente.<\/p>\n<p>Recubrimiento \u00f3ptico: El <strong>fluoruro de disprosio<\/strong> se puede utilizar como material de recubrimiento \u00f3ptico para mejorar el rendimiento de los elementos \u00f3pticos, como mejorar las propiedades antirreflectantes y antidesgaste de las lentes.<\/p>\n<p>Industria electr\u00f3nica: Se puede utilizar para preparar materiales magn\u00e9ticos, como imanes de disprosio, que se pueden aplicar a la luz de fondo de pantallas de cristal l\u00edquido, etc. Ayuda a mejorar el rendimiento de los materiales magn\u00e9ticos. Ayuda a mejorar el rendimiento y la estabilidad de los materiales magn\u00e9ticos.<\/p>\n<h2><span style=\"font-size: 14pt;\">Control de calidad<\/span><\/h2>\n<p><span style=\"color: #0000ff;\"><a style=\"color: #0000ff;\" href=\"https:\/\/vimaterial.de\/es\/control-de-calidad\/\">VI HALBLEITERMATERIAL GmbH <\/a><\/span> implementa estrictamente un sistema de control de calidad de proceso completo, se adhiere al principio de retrabajo y rehacer para productos defectuosos, y libera cada lote de productos solo despu\u00e9s de que hayan pasado pruebas de especificaci\u00f3n detalladas. Nos comprometemos a construir una cadena de suministro responsable cumpliendo con las normas REACH y ASTM, garantizando la coherencia de los lotes y estableciendo un sistema completo de trazabilidad documentado.<\/p>\n<h2><span style=\"font-size: 14pt;\">Embalaje y almacenamiento<\/span><\/h2>\n<p><strong>El fluoruro de disprosio<\/strong> se envasa en botellas de doble vac\u00edo en cajas de cart\u00f3n especiales para garantizar un transporte seguro. La capacidad se puede subempaquetar de acuerdo con los requisitos de los clientes.<\/p>\n<p><strong>El polvo DyF\u2083<\/strong> debe sellarse y almacenarse en un ambiente seco. Se recomienda el envasado al vac\u00edo para evitar la absorci\u00f3n de humedad y la oxidaci\u00f3n. El entorno de almacenamiento debe mantener la temperatura por debajo de 25 \u00b0C, la humedad relativa \u226420% HR y evitar la luz solar directa. Este producto es f\u00e1cil de absorber la humedad y deteriorarse, es necesario mantenerlo alejado de sustancias \u00e1cidas y oxidantes.<\/p>\n","protected":false},"excerpt":{"rendered":"<p><strong><span style=\"color: #0000ff;\"><a style=\"color: #0000ff;\" href=\"https:\/\/vimaterial.de\/es\/product\/fluoruro-de-disprosio-dfm\/\">El polvo de fluoruro de disprosio<\/a><\/span> <\/strong>suele ser un polvo cristalino de color blanco o amarillo muy p\u00e1lido, de estructura cristalina c\u00fabica u rombo\u00e9drica centrada en la cara de color verde claro, con una estructura cristalina muy estable y una excelente estabilidad t\u00e9rmica, insoluble en agua y \u00e1cido diluido. Es ampliamente utilizado en \u00f3ptica, electr\u00f3nica, fundici\u00f3n de metales y muchos otros campos.<\/p>\n<p>VIMATERIAL apoya la personalizaci\u00f3n del producto<span style=\"color: #0000ff;\">, <a style=\"color: #0000ff;\" href=\"https:\/\/vimaterial.de\/es\/contacto\/\">cont\u00e1ctenos<\/a>.<\/span><\/p>\n","protected":false},"featured_media":1038466,"comment_status":"open","ping_status":"closed","template":"","meta":{"_acf_changed":false},"product_brand":[],"product_cat":[184],"product_tag":[],"class_list":{"0":"post-1029435","1":"product","2":"type-product","3":"status-publish","4":"has-post-thumbnail","6":"product_cat-materiales-de-tierras-raras","8":"first","9":"instock","10":"shipping-taxable","11":"purchasable","12":"product-type-variable"},"acf":[],"_links":{"self":[{"href":"https:\/\/vimaterial.de\/es\/wp-json\/wp\/v2\/product\/1029435","targetHints":{"allow":["GET"]}}],"collection":[{"href":"https:\/\/vimaterial.de\/es\/wp-json\/wp\/v2\/product"}],"about":[{"href":"https:\/\/vimaterial.de\/es\/wp-json\/wp\/v2\/types\/product"}],"replies":[{"embeddable":true,"href":"https:\/\/vimaterial.de\/es\/wp-json\/wp\/v2\/comments?post=1029435"}],"wp:featuredmedia":[{"embeddable":true,"href":"https:\/\/vimaterial.de\/es\/wp-json\/wp\/v2\/media\/1038466"}],"wp:attachment":[{"href":"https:\/\/vimaterial.de\/es\/wp-json\/wp\/v2\/media?parent=1029435"}],"wp:term":[{"taxonomy":"product_brand","embeddable":true,"href":"https:\/\/vimaterial.de\/es\/wp-json\/wp\/v2\/product_brand?post=1029435"},{"taxonomy":"product_cat","embeddable":true,"href":"https:\/\/vimaterial.de\/es\/wp-json\/wp\/v2\/product_cat?post=1029435"},{"taxonomy":"product_tag","embeddable":true,"href":"https:\/\/vimaterial.de\/es\/wp-json\/wp\/v2\/product_tag?post=1029435"}],"curies":[{"name":"wp","href":"https:\/\/api.w.org\/{rel}","templated":true}]}}