{"id":1029432,"date":"2024-06-17T16:16:10","date_gmt":"2024-06-17T08:16:10","guid":{"rendered":"https:\/\/vimaterial.de\/product\/fluoruro-de-disprosio-dfm\/"},"modified":"2025-07-07T11:15:07","modified_gmt":"2025-07-07T03:15:07","slug":"fluoruro-de-disprosio-dfm","status":"publish","type":"product","link":"https:\/\/vimaterial.de\/es\/product\/fluoruro-de-disprosio-dfm\/","title":{"rendered":"Fluoruro de disprosio (DFM)"},"content":{"rendered":"<p>Los gr\u00e1nulos <span style=\"color: #0000ff;\"><a style=\"color: #0000ff;\" href=\"https:\/\/vimaterial.de\/es\/product\/fluoruro-de-disprosio-dfm-2\/\"><strong>de fluoruro de disprosio<\/strong><\/a><\/span> son una sustancia pulverulenta cristalina blanca compuesta de disprosio y fl\u00faor, con una estructura cristalina c\u00fabica o rombo\u00e9drica centrada en la cara de color verde claro, punto de fusi\u00f3n de 1360 \u00b0C, punto de ebullici\u00f3n de 2200 \u00b0C, insoluble en agua y \u00e1cidos diluidos, qu\u00edmicamente estable y ampliamente utilizada en los campos de \u00f3ptica, electr\u00f3nica y refinaci\u00f3n de metales.<\/p>\n<p>VIMATERIAL apoya la personalizaci\u00f3n del producto, por favor <span style=\"color: #0000ff;\"><a style=\"color: #0000ff;\" href=\"https:\/\/vimaterial.de\/es\/contacto\/\">cont\u00e1ctenos<\/a><\/span>.<\/p>\n<h2><span style=\"font-size: 14pt;\">Propiedades del fluoruro de disprosio <\/span><\/h2>\n<p>F\u00f3rmula molecular : DyF\u2083<\/p>\n<p>Peso molecular: 219,50 g\/mol<\/p>\n<p>Aspecto: Gr\u00e1nulos de color blanco a amarillo claro<\/p>\n<p>Densidad: 7,5 g\/cm\u00b3 (valor te\u00f3rico)<\/p>\n<p>Punto de fusi\u00f3n: ~1150 \u00b0C<\/p>\n<p>Punto de ebullici\u00f3n: alrededor de 2200 \u00b0C (puede descomponerse a alta temperatura)<\/p>\n<p>Estructura cristalina: Sistema cristalino hexagonal<\/p>\n<p>Solubilidad: insoluble en agua, soluble en \u00e1cido concentrado caliente<\/p>\n<h2><span style=\"font-size: 14pt;\">Aplicaciones del fluoruro de disprosio <\/span><\/h2>\n<p>Recubrimiento \u00f3ptico: El <strong>fluoruro de disprosio<\/strong> se puede utilizar en el recubrimiento de lentes y espejos \u00f3pticos para mejorar sus propiedades \u00f3pticas, como aumentar el \u00edndice de refracci\u00f3n y reducir la reflexi\u00f3n.<\/p>\n<p>Materiales l\u00e1ser: El <strong>fluoruro de disprosio<\/strong> se utiliza como dopante en cristales l\u00e1ser en tecnolog\u00eda l\u00e1ser, y se utiliza en la fabricaci\u00f3n de dispositivos \u00f3pticos como amplificadores l\u00e1ser, que tienen el efecto de amplificar la luz l\u00e1ser en longitudes de onda espec\u00edficas.<\/p>\n<p>Materiales <strong>fluorescentes: El fluoruro de disprosio<\/strong> se puede utilizar para preparar materiales fluorescentes que contienen iones met\u00e1licos de disprosio, lo que tiene un valor de aplicaci\u00f3n potencial en el campo de la iluminaci\u00f3n y la visualizaci\u00f3n, por ejemplo, se puede utilizar para fabricar f\u00f3sforos especiales.<\/p>\n<p>Industria electr\u00f3nica: <strong>El fluoruro de disprosio<\/strong> se puede utilizar para preparar materiales magn\u00e9ticos como imanes de disprosio, que se pueden utilizar en equipos electr\u00f3nicos, motores el\u00e9ctricos, almacenamiento magn\u00e9tico y otros campos; Tambi\u00e9n se puede utilizar como retroiluminaci\u00f3n de la pantalla de cristal l\u00edquido.<\/p>\n<h2><span style=\"font-size: 14pt;\">Control de calidad<\/span><\/h2>\n<p><span style=\"color: #0000ff;\"><a style=\"color: #0000ff;\" href=\"https:\/\/vimaterial.de\/es\/control-de-calidad\/\">VI HALBLEITERMATERIAL GmbH<\/a><\/span> implementa estrictamente un sistema de control de calidad de proceso completo, se adhiere al principio de retrabajo para productos defectuosos y libera cada lote de productos solo despu\u00e9s de pasar pruebas de especificaci\u00f3n detalladas. Nos comprometemos a construir una cadena de suministro responsable cumpliendo con las normas REACH y ASTM, garantizando la coherencia de los lotes y estableciendo un sistema completo de trazabilidad documentado.<\/p>\n<h2><span style=\"font-size: 14pt;\">Embalaje y almacenamiento<\/span><\/h2>\n<p>Los gr\u00e1nulos <strong>de fluoruro de disprosio<\/strong> se empaquetan en botellas y cajas de cart\u00f3n de doble vac\u00edo para garantizar un transporte seguro.<\/p>\n<p>Los gr\u00e1nulos de <strong>DyF\u2083<\/strong> deben sellarse estrictamente o almacenarse al vac\u00edo en un ambiente seco, evitando el contacto con la humedad y el ox\u00edgeno para evitar la absorci\u00f3n y el deterioro de la humedad.<\/p>\n","protected":false},"excerpt":{"rendered":"<p>Los gr\u00e1nulos <span style=\"color: #0000ff;\"><a style=\"color: #0000ff;\" href=\"https:\/\/vimaterial.de\/es\/product\/fluoruro-de-disprosio-dfm-2\/\"><strong>de fluoruro de disprosio<\/strong><\/a><\/span> son una sustancia pulverulenta cristalina blanca compuesta de disprosio y fl\u00faor, con una estructura cristalina c\u00fabica o rombo\u00e9drica centrada en la cara de color verde claro, punto de fusi\u00f3n de 1360 \u00b0C, punto de ebullici\u00f3n de 2200 \u00b0C, insoluble en agua y \u00e1cidos diluidos, qu\u00edmicamente estable y ampliamente utilizada en los campos de \u00f3ptica, electr\u00f3nica y refinaci\u00f3n de metales.<\/p>\n<p>VIMATERIAL apoya la personalizaci\u00f3n del producto, por favor <span style=\"color: #0000ff;\"><a style=\"color: #0000ff;\" href=\"https:\/\/vimaterial.de\/es\/contacto\/\">cont\u00e1ctenos<\/a><\/span>.<\/p>\n","protected":false},"featured_media":1038460,"comment_status":"open","ping_status":"closed","template":"","meta":{"_acf_changed":false},"product_brand":[],"product_cat":[179],"product_tag":[],"class_list":{"0":"post-1029432","1":"product","2":"type-product","3":"status-publish","4":"has-post-thumbnail","6":"product_cat-materiales-de-evaporacion","8":"first","9":"instock","10":"shipping-taxable","11":"product-type-variable"},"acf":[],"_links":{"self":[{"href":"https:\/\/vimaterial.de\/es\/wp-json\/wp\/v2\/product\/1029432","targetHints":{"allow":["GET"]}}],"collection":[{"href":"https:\/\/vimaterial.de\/es\/wp-json\/wp\/v2\/product"}],"about":[{"href":"https:\/\/vimaterial.de\/es\/wp-json\/wp\/v2\/types\/product"}],"replies":[{"embeddable":true,"href":"https:\/\/vimaterial.de\/es\/wp-json\/wp\/v2\/comments?post=1029432"}],"wp:featuredmedia":[{"embeddable":true,"href":"https:\/\/vimaterial.de\/es\/wp-json\/wp\/v2\/media\/1038460"}],"wp:attachment":[{"href":"https:\/\/vimaterial.de\/es\/wp-json\/wp\/v2\/media?parent=1029432"}],"wp:term":[{"taxonomy":"product_brand","embeddable":true,"href":"https:\/\/vimaterial.de\/es\/wp-json\/wp\/v2\/product_brand?post=1029432"},{"taxonomy":"product_cat","embeddable":true,"href":"https:\/\/vimaterial.de\/es\/wp-json\/wp\/v2\/product_cat?post=1029432"},{"taxonomy":"product_tag","embeddable":true,"href":"https:\/\/vimaterial.de\/es\/wp-json\/wp\/v2\/product_tag?post=1029432"}],"curies":[{"name":"wp","href":"https:\/\/api.w.org\/{rel}","templated":true}]}}