{"id":1029417,"date":"2024-06-17T16:16:10","date_gmt":"2024-06-17T08:16:10","guid":{"rendered":"https:\/\/vimaterial.de\/product\/aleacion-de-hierro-disprosio-2\/"},"modified":"2025-07-07T14:35:52","modified_gmt":"2025-07-07T06:35:52","slug":"aleacion-de-hierro-disprosio-2","status":"publish","type":"product","link":"https:\/\/vimaterial.de\/es\/product\/aleacion-de-hierro-disprosio-2\/","title":{"rendered":"Aleaci\u00f3n de hierro y disprosio"},"content":{"rendered":"<p>El polvo de <span style=\"color: #0000ff;\"><a style=\"color: #0000ff;\" href=\"https:\/\/vimaterial.de\/es\/product\/aleacion-de-hierro-disprosio\/\"><strong>aleaci\u00f3n de hierro y disprosio<\/strong><\/a><\/span> es un tipo de polvo de aleaci\u00f3n met\u00e1lica compuesto por elementos de tierras raras disprosio y hierro, con ciertas propiedades magn\u00e9ticas, en forma de polvo y f\u00e1cil de oxidar en el aire, que tiene aplicaciones importantes en muchos campos, como los materiales de imanes permanentes de neodimio-hierro-boro.<\/p>\n<p>VIMATERIAL apoya la personalizaci\u00f3n del producto, por favor <span style=\"color: #0000ff;\"><a style=\"color: #0000ff;\" href=\"https:\/\/vimaterial.de\/es\/contacto\/\">cont\u00e1ctenos<\/a><\/span>.<\/p>\n<h2><span style=\"font-size: 14pt;\">Propiedades de la aleaci\u00f3n de hierro y disprosio<\/span><\/h2>\n<p>Color: Por lo general, polvo met\u00e1lico gris-negro con brillo met\u00e1lico.<\/p>\n<p>Estructura cristalina: fase c\u00fabica\/hexagonal<\/p>\n<p>Magnetismo: La ferroaleaci\u00f3n de disprosio tiene un fuerte magnetismo, que se debe a que el disprosio en s\u00ed mismo es un elemento de tierras raras con una estructura electr\u00f3nica especial, y el polvo de aleaci\u00f3n formado despu\u00e9s de combinarse con hierro tiene una alta permeabilidad magn\u00e9tica y saturaci\u00f3n magn\u00e9tica.<\/p>\n<p>Propiedades qu\u00edmicas: La aleaci\u00f3n de disprosio es f\u00e1cil de oxidar en el aire, por lo que debe conservarse adecuadamente, generalmente utilizando la capa interna de bolsas de pl\u00e1stico dobles llenas al vac\u00edo con gas arg\u00f3n, la capa exterior del paquete de tambor de hierro. Es f\u00e1cilmente soluble en \u00e1cidos y reaccionar\u00e1 qu\u00edmicamente bajo la acci\u00f3n de los \u00e1cidos para producir los compuestos salinos correspondientes.<\/p>\n<h2><span style=\"font-size: 14pt;\">Aplicaci\u00f3n de aleaci\u00f3n de hierro y disprosio <\/span><\/h2>\n<p>Resistencia a la corrosi\u00f3n de los imanes permanentes, para que puedan mantener buenas propiedades magn\u00e9ticas a altas temperaturas y en entornos complejos, y son ampliamente utilizados en motores de accionamiento de veh\u00edculos el\u00e9ctricos, generadores e\u00f3licos, dispositivos electr\u00f3nicos y equipos m\u00e9dicos y otros campos.<\/p>\n<p>Materiales de grabaci\u00f3n magn\u00e9tica \u00f3ptica: el polvo de <strong>aleaci\u00f3n de hierro y disprosio<\/strong> tiene altas propiedades magn\u00e9ticas y buenas caracter\u00edsticas de grabaci\u00f3n magn\u00e9tica, y se puede utilizar para fabricar materiales de grabaci\u00f3n magn\u00e9tica como discos duros y cintas magn\u00e9ticas, as\u00ed como dispositivos de grabaci\u00f3n magn\u00e9tica \u00f3ptica como sensores magn\u00e9ticos y memorias magn\u00e9ticas aleatorias, que pueden realizar un almacenamiento y lectura de informaci\u00f3n de alta eficiencia.<\/p>\n<h2><span style=\"font-size: 14pt;\">Control de calidad<\/span><\/h2>\n<p><span style=\"color: #0000ff;\"><a style=\"color: #0000ff;\" href=\"https:\/\/vimaterial.de\/es\/control-de-calidad\/\">VI HALBLEITERMATERIAL GmbH<\/a> <\/span>implementa estrictamente un sistema de control de calidad de proceso completo, se adhiere al principio de retrabajo y rehacer para productos defectuosos, y cada lote de productos pasa una prueba de especificaci\u00f3n detallada antes de su lanzamiento. Cumplimos plenamente con las normas REACH y ASTM para garantizar la consistencia de los lotes y establecer un sistema completo de trazabilidad de documentos, y estamos comprometidos con la construcci\u00f3n de una cadena de suministro responsable.<\/p>\n<h2><span style=\"font-size: 14pt;\">Embalaje y almacenamiento<\/span><\/h2>\n<p>Se empaqueta en botellas de vac\u00edo de doble capa y luego se empaqueta en cajas de cart\u00f3n especiales para garantizar la seguridad del transporte, y la capacidad se puede personalizar de acuerdo con los requisitos de los clientes.<\/p>\n<p><strong>El polvo de DyFe<\/strong> debe sellarse y almacenarse en un ambiente seco para evitar la oxidaci\u00f3n y el deterioro, se recomienda almacenarlo a una temperatura \u226425 \u00b0C y una humedad \u226410% HR.<\/p>\n","protected":false},"excerpt":{"rendered":"<p>El polvo de <span style=\"color: #0000ff;\"><a style=\"color: #0000ff;\" href=\"https:\/\/vimaterial.de\/es\/product\/aleacion-de-hierro-disprosio\/\"><strong>aleaci\u00f3n de hierro y disprosio<\/strong><\/a><\/span> es un tipo de polvo de aleaci\u00f3n met\u00e1lica compuesto por elementos de tierras raras disprosio y hierro, con ciertas propiedades magn\u00e9ticas, en forma de polvo y f\u00e1cil de oxidar en el aire, que tiene aplicaciones importantes en muchos campos, como los materiales de imanes permanentes de neodimio-hierro-boro.<\/p>\n<p>VIMATERIAL apoya la personalizaci\u00f3n del producto, por favor <span style=\"color: #0000ff;\"><a style=\"color: #0000ff;\" href=\"https:\/\/vimaterial.de\/es\/contacto\/\">cont\u00e1ctenos<\/a><\/span>.<\/p>\n","protected":false},"featured_media":1038473,"comment_status":"open","ping_status":"closed","template":"","meta":{"_acf_changed":false},"product_brand":[],"product_cat":[184],"product_tag":[],"class_list":{"0":"post-1029417","1":"product","2":"type-product","3":"status-publish","4":"has-post-thumbnail","6":"product_cat-materiales-de-tierras-raras","8":"first","9":"instock","10":"shipping-taxable","11":"product-type-variable"},"acf":[],"_links":{"self":[{"href":"https:\/\/vimaterial.de\/es\/wp-json\/wp\/v2\/product\/1029417","targetHints":{"allow":["GET"]}}],"collection":[{"href":"https:\/\/vimaterial.de\/es\/wp-json\/wp\/v2\/product"}],"about":[{"href":"https:\/\/vimaterial.de\/es\/wp-json\/wp\/v2\/types\/product"}],"replies":[{"embeddable":true,"href":"https:\/\/vimaterial.de\/es\/wp-json\/wp\/v2\/comments?post=1029417"}],"wp:featuredmedia":[{"embeddable":true,"href":"https:\/\/vimaterial.de\/es\/wp-json\/wp\/v2\/media\/1038473"}],"wp:attachment":[{"href":"https:\/\/vimaterial.de\/es\/wp-json\/wp\/v2\/media?parent=1029417"}],"wp:term":[{"taxonomy":"product_brand","embeddable":true,"href":"https:\/\/vimaterial.de\/es\/wp-json\/wp\/v2\/product_brand?post=1029417"},{"taxonomy":"product_cat","embeddable":true,"href":"https:\/\/vimaterial.de\/es\/wp-json\/wp\/v2\/product_cat?post=1029417"},{"taxonomy":"product_tag","embeddable":true,"href":"https:\/\/vimaterial.de\/es\/wp-json\/wp\/v2\/product_tag?post=1029417"}],"curies":[{"name":"wp","href":"https:\/\/api.w.org\/{rel}","templated":true}]}}