{"id":1029405,"date":"2024-06-17T16:16:10","date_gmt":"2024-06-17T08:16:10","guid":{"rendered":"https:\/\/vimaterial.de\/product\/oxido-de-hierro-y-disprosio\/"},"modified":"2025-07-07T15:43:23","modified_gmt":"2025-07-07T07:43:23","slug":"oxido-de-hierro-y-disprosio","status":"publish","type":"product","link":"https:\/\/vimaterial.de\/es\/product\/oxido-de-hierro-y-disprosio\/","title":{"rendered":"Disprosio \u00d3xido de Hierro"},"content":{"rendered":"<p>El objetivo de pulverizaci\u00f3n cat\u00f3dica de <strong><span style=\"color: #0000ff;\"><a style=\"color: #0000ff;\" href=\"https:\/\/vimaterial.de\/es\/product\/aleacion-de-hierro-disprosio-2\/\">Disprosio \u00d3xido de Hierro<\/a><\/span><span style=\"color: #0000ff;\">\u00a0<\/span><\/strong>es un tipo de material clave compuesto de \u00f3xido de disprosio y hierro, que se utiliza en la pulverizaci\u00f3n cat\u00f3dica de magnetr\u00f3n y otras t\u00e9cnicas de deposici\u00f3n de pel\u00edcula delgada para preparar pel\u00edculas delgadas funcionales relevantes, y tiene aplicaciones importantes en semiconductores, \u00f3ptica, magnetismo y muchos otros campos de alta tecnolog\u00eda.<\/p>\n<p>VIMATERIAL soporte de personalizaci\u00f3n de productos, <span style=\"color: #0000ff;\"><a style=\"color: #0000ff;\" href=\"https:\/\/vimaterial.de\/es\/contacto\/\">cont\u00e1ctenos.<\/a><\/span><\/p>\n<h2><span style=\"font-size: 14pt;\">Propiedades del \u00f3xido de hierro disprosio <\/span><\/h2>\n<p>F\u00f3rmula molecular DyFeO\u2083<\/p>\n<p>Peso molecular 279,25 g\/mol<\/p>\n<p>Apariencia Blanco cer\u00e1mico denso negro o marr\u00f3n oscuro<\/p>\n<p>Densidad aprox. 7,8 g\/cm\u00b3<\/p>\n<p>Punto de fusi\u00f3n Aprox. 1800 \u00b0C (puede descomponerse a altas temperaturas)<\/p>\n<p>Estructura cristalina Sistema cristalino ortorr\u00f3mbico<\/p>\n<p>Mayor dureza: El ferr\u00f3xido de disprosio tiene una mayor dureza para resistir el bombardeo de part\u00edculas y la abrasi\u00f3n durante el proceso de pulverizaci\u00f3n cat\u00f3dica, lo que reduce la p\u00e9rdida de objetivo y la deformaci\u00f3n, lo que garantiza la precisi\u00f3n dimensional.<\/p>\n<h2><span style=\"font-size: 14pt;\">Aplicaciones del \u00f3xido de hierro disprosio <\/span><\/h2>\n<p>Dispositivos multiferroicos y espintr\u00f3nica: Los objetivos de pulverizaci\u00f3n cat\u00f3dica<strong> DyFeO\u2083<\/strong> se pueden utilizar para preparar materiales de pel\u00edcula delgada con propiedades de acoplamiento magnetoel\u00e9ctrico, y su antiferromagnetismo \u00fanico y su estructura de calcogenuro ortorr\u00f3mbico los hacen importantes para aplicaciones en \u00e1reas como memorias de baja potencia y dispositivos espintr\u00f3nicos. Flujo<\/p>\n<p>Materiales catal\u00edticos y energ\u00e9ticos: La estructura de calcogenuro de<strong> DyFeO\u2083<\/strong> tiene abundantes vacantes de ox\u00edgeno en la superficie y buena estabilidad t\u00e9rmica, lo que lo convierte en un material portador de catalizador eficiente. Muestra una excelente actividad en reacciones catal\u00edticas a alta temperatura, como la oxidaci\u00f3n de metano y el tratamiento de gases de escape de autom\u00f3viles.<\/p>\n<p>Medios de almacenamiento magneto-\u00f3pticos: Los dispositivos de almacenamiento magneto-\u00f3ptico de alta densidad se pueden desarrollar utilizando el fuerte efecto magneto-\u00f3ptico y la alta temperatura de Curie de la pel\u00edcula <strong>DyFeO\u2083<\/strong> . Su estructura de dominio magn\u00e9tico \u00fanica puede realizar el registro de informaci\u00f3n a nanoescala.<\/p>\n<h2><span style=\"font-size: 14pt;\">Control de calidad<\/span><\/h2>\n<p><span style=\"color: #0000ff;\"><a style=\"color: #0000ff;\" href=\"https:\/\/vimaterial.de\/es\/control-de-calidad\/\">VI HALBLEITERMATERIAL GmbH<\/a><\/span> implementa estrictamente un sistema de control de calidad de proceso completo, se adhiere al principio de retrabajo y rehacer para productos defectuosos, y cada lote de productos pasa pruebas de especificaci\u00f3n detalladas antes de su lanzamiento. Nos comprometemos a construir una cadena de suministro responsable cumpliendo plenamente con las normas REACH y ASTM, garantizando la coherencia de los lotes y estableciendo un sistema completo de trazabilidad documentado.<\/p>\n<h2><span style=\"font-size: 14pt;\">Embalaje y almacenamiento<\/span><\/h2>\n<p>Los objetivos de pulverizaci\u00f3n <strong>cat\u00f3dica de \u00f3xido de hierro y disprosio<\/strong> se empaquetan en cajas especiales para su protecci\u00f3n despu\u00e9s del doble embolsado al vac\u00edo y se env\u00edan en cajas de cart\u00f3n exteriores para garantizar un transporte seguro.<\/p>\n<p>Los objetivos de pulverizaci\u00f3n cat\u00f3dica <strong>DyFeO\u2083<\/strong> deben sellarse estrictamente y almacenarse en un entorno seco y libre de polvo (temperatura 15-25 \u00b0C\/humedad \u226430 % HR) para evitar la oxidaci\u00f3n y los da\u00f1os mec\u00e1nicos.<\/p>\n","protected":false},"excerpt":{"rendered":"<p>El objetivo de pulverizaci\u00f3n cat\u00f3dica de <strong><span style=\"color: #0000ff;\"><a style=\"color: #0000ff;\" href=\"https:\/\/vimaterial.de\/es\/product\/aleacion-de-hierro-disprosio-2\/\">Disprosio \u00d3xido de Hierro<\/a><\/span><span style=\"color: #0000ff;\">\u00a0<\/span><\/strong>es un tipo de material clave compuesto de \u00f3xido de disprosio y hierro, que se utiliza en la pulverizaci\u00f3n cat\u00f3dica de magnetr\u00f3n y otras t\u00e9cnicas de deposici\u00f3n de pel\u00edcula delgada para preparar pel\u00edculas delgadas funcionales relevantes, y tiene aplicaciones importantes en semiconductores, \u00f3ptica, magnetismo y muchos otros campos de alta tecnolog\u00eda.<\/p>\n<p>VIMATERIAL soporte de personalizaci\u00f3n de productos, <span style=\"color: #0000ff;\"><a style=\"color: #0000ff;\" href=\"https:\/\/vimaterial.de\/es\/contacto\/\">cont\u00e1ctenos.<\/a><\/span><\/p>\n<p>&nbsp;<\/p>\n","protected":false},"featured_media":1038490,"comment_status":"open","ping_status":"closed","template":"","meta":{"_acf_changed":false},"product_brand":[],"product_cat":[178],"product_tag":[],"class_list":{"0":"post-1029405","1":"product","2":"type-product","3":"status-publish","4":"has-post-thumbnail","6":"product_cat-catodos-para-sputtering-planar","8":"first","9":"instock","10":"shipping-taxable","11":"product-type-variable"},"acf":[],"_links":{"self":[{"href":"https:\/\/vimaterial.de\/es\/wp-json\/wp\/v2\/product\/1029405","targetHints":{"allow":["GET"]}}],"collection":[{"href":"https:\/\/vimaterial.de\/es\/wp-json\/wp\/v2\/product"}],"about":[{"href":"https:\/\/vimaterial.de\/es\/wp-json\/wp\/v2\/types\/product"}],"replies":[{"embeddable":true,"href":"https:\/\/vimaterial.de\/es\/wp-json\/wp\/v2\/comments?post=1029405"}],"wp:featuredmedia":[{"embeddable":true,"href":"https:\/\/vimaterial.de\/es\/wp-json\/wp\/v2\/media\/1038490"}],"wp:attachment":[{"href":"https:\/\/vimaterial.de\/es\/wp-json\/wp\/v2\/media?parent=1029405"}],"wp:term":[{"taxonomy":"product_brand","embeddable":true,"href":"https:\/\/vimaterial.de\/es\/wp-json\/wp\/v2\/product_brand?post=1029405"},{"taxonomy":"product_cat","embeddable":true,"href":"https:\/\/vimaterial.de\/es\/wp-json\/wp\/v2\/product_cat?post=1029405"},{"taxonomy":"product_tag","embeddable":true,"href":"https:\/\/vimaterial.de\/es\/wp-json\/wp\/v2\/product_tag?post=1029405"}],"curies":[{"name":"wp","href":"https:\/\/api.w.org\/{rel}","templated":true}]}}