{"id":1029400,"date":"2024-06-17T16:16:10","date_gmt":"2024-06-17T08:16:10","guid":{"rendered":"https:\/\/vimaterial.de\/product\/aleacion-de-hierro-disprosio\/"},"modified":"2025-07-07T15:03:36","modified_gmt":"2025-07-07T07:03:36","slug":"aleacion-de-hierro-disprosio","status":"publish","type":"product","link":"https:\/\/vimaterial.de\/es\/product\/aleacion-de-hierro-disprosio\/","title":{"rendered":"Aleaci\u00f3n de hierro y disprosio"},"content":{"rendered":"<p>El objetivo de pulverizaci\u00f3n cat\u00f3dica de <span style=\"color: #0000ff;\"><a style=\"color: #0000ff;\" href=\"https:\/\/vimaterial.de\/es\/product\/aleacion-de-hierro-disprosio-2\/\"><strong>aleaci\u00f3n de hierro y disprosio<\/strong><\/a><\/span> es un material clave que consta de los elementos de tierras raras disprosio y hierro, que se utiliza para formar pel\u00edculas delgadas sobre sustratos en t\u00e9cnicas de deposici\u00f3n por pulverizaci\u00f3n cat\u00f3dica y tiene aplicaciones importantes en muchos campos, como semiconductores, grabaci\u00f3n magn\u00e9tica y \u00f3ptica. Por lo general, se requieren propiedades como la alta pureza, la buena estructura cristalina y la distribuci\u00f3n uniforme de la composici\u00f3n para garantizar la calidad y el rendimiento de las pel\u00edculas delgadas durante la pulverizaci\u00f3n cat\u00f3dica.<\/p>\n<p>VIMATERIAL ofrece productos personalizados, <span style=\"color: #0000ff;\"><a style=\"color: #0000ff;\" href=\"https:\/\/vimaterial.de\/es\/contacto\/\">cont\u00e1ctenos.<\/a><\/span><\/p>\n<h2><span style=\"font-size: 14pt;\">Propiedades de la aleaci\u00f3n de hierro y disprosio<\/span><\/h2>\n<p>F\u00f3rmula molecular: forma de aleaci\u00f3n, se puede personalizar<\/p>\n<p>Aspecto:Objetivo de metal gris-negro<\/p>\n<p>Alto punto de fusi\u00f3n y resistencia a altas temperaturas: la aleaci\u00f3n de disprosio tiene un alto punto de fusi\u00f3n, lo que permite que los objetivos de pulverizaci\u00f3n cat\u00f3dica resistan el bombardeo de alta energ\u00eda y las altas temperaturas durante el proceso de pulverizaci\u00f3n cat\u00f3dica sin fundirse ni deformarse, lo que garantiza la estabilidad del proceso de pulverizaci\u00f3n cat\u00f3dica y la vida \u00fatil del objetivo.<\/p>\n<p>Buena conductividad el\u00e9ctrica: Para aplicaciones de pel\u00edcula delgada que requieren conductividad el\u00e9ctrica, la buena conductividad el\u00e9ctrica de los objetivos de pulverizaci\u00f3n cat\u00f3dica de disprosio-ferroaleaci\u00f3n garantiza que las pel\u00edculas depositadas tengan una excelente conductividad el\u00e9ctrica para satisfacer las necesidades de los dispositivos electr\u00f3nicos y otros campos.<\/p>\n<h2><span style=\"font-size: 14pt;\">Aplicaciones de la aleaci\u00f3n de hierro y disprosio<\/span><\/h2>\n<p>Campo de grabaci\u00f3n magn\u00e9tica: La<strong> aleaci\u00f3n de hierro y disprosio<\/strong> tiene excelentes propiedades magn\u00e9ticas y se puede utilizar para preparar pel\u00edculas de grabaci\u00f3n magn\u00e9tica con alta coercitividad y alta permeabilidad, aumentando as\u00ed la densidad de almacenamiento y la velocidad de lectura \/ escritura de los medios de grabaci\u00f3n magn\u00e9ticos.<\/p>\n<p>Campo de semiconductores: En el proceso de fabricaci\u00f3n de chips semiconductores, es necesario depositar varias pel\u00edculas delgadas, como capas conductoras y de barrera, en la superficie de la oblea. Los objetivos de pulverizaci\u00f3n cat\u00f3dica de <strong>aleaci\u00f3n de disprosio-ferro<\/strong> se pueden utilizar para preparar estas pel\u00edculas para proporcionar una buena conductividad, propiedades de barrera y estabilidad t\u00e9rmica para cumplir con los requisitos de alto rendimiento de los dispositivos semiconductores.<\/p>\n<p>Campo \u00f3ptico: En el campo del recubrimiento \u00f3ptico, los objetivos de pulverizaci\u00f3n cat\u00f3dica de aleaci\u00f3n de disprosio se pueden usar para preparar pel\u00edculas delgadas con propiedades \u00f3pticas especiales, como pel\u00edculas de mejora de la transmitancia, pel\u00edculas reflectantes y pel\u00edculas de filtrado de luz.<\/p>\n<h2><span style=\"font-size: 14pt;\">Control de calidad<\/span><\/h2>\n<p><span style=\"color: #0000ff;\"><a style=\"color: #0000ff;\" href=\"https:\/\/vimaterial.de\/es\/control-de-calidad\/\">VI HALBLEITERMATERIAL GmbH<\/a> <\/span>implementa estrictamente un sistema de control de calidad de proceso completo, se adhiere al principio de reelaboraci\u00f3n de productos defectuosos y libera cada lote de productos solo despu\u00e9s de que haya pasado pruebas de especificaci\u00f3n detalladas. Nos comprometemos a construir una cadena de suministro responsable cumpliendo con las normas REACH y ASTM, garantizando la coherencia de los lotes y estableciendo un sistema completo de trazabilidad documentado.<\/p>\n<h2><span style=\"font-size: 14pt;\">Embalaje y almacenamiento<\/span><\/h2>\n<p><strong>Los objetivos de aleaci\u00f3n de hierro y disprosio<\/strong> se empaquetan en cajas especiales despu\u00e9s del vac\u00edo y se protegen en cajas de cart\u00f3n para su env\u00edo.<\/p>\n<p>Los objetivos de aleaci\u00f3n <strong>DyFe<\/strong> deben sellarse y almacenarse en un ambiente seco para evitar la oxidaci\u00f3n y el da\u00f1o mec\u00e1nico. Se recomienda una temperatura de almacenamiento \u2264 25 \u00b0C, una humedad \u2264 10% HR, lejos de \u00e1cidos, hal\u00f3genos y sustancias oxidantes.<\/p>\n","protected":false},"excerpt":{"rendered":"<p>El objetivo de pulverizaci\u00f3n cat\u00f3dica de <span style=\"color: #0000ff;\"><a style=\"color: #0000ff;\" href=\"https:\/\/vimaterial.de\/es\/product\/aleacion-de-hierro-disprosio-2\/\"><strong>aleaci\u00f3n de hierro y disprosio<\/strong><\/a><\/span> es un material clave que consta de los elementos de tierras raras disprosio y hierro, que se utiliza para formar pel\u00edculas delgadas sobre sustratos en t\u00e9cnicas de deposici\u00f3n por pulverizaci\u00f3n cat\u00f3dica y tiene aplicaciones importantes en muchos campos, como semiconductores, grabaci\u00f3n magn\u00e9tica y \u00f3ptica. Por lo general, se requieren propiedades como la alta pureza, la buena estructura cristalina y la distribuci\u00f3n uniforme de la composici\u00f3n para garantizar la calidad y el rendimiento de las pel\u00edculas delgadas durante la pulverizaci\u00f3n cat\u00f3dica.<\/p>\n<p>VIMATERIAL ofrece productos personalizados, <span style=\"color: #0000ff;\"><a style=\"color: #0000ff;\" href=\"https:\/\/vimaterial.de\/es\/contacto\/\">cont\u00e1ctenos.<\/a><\/span><\/p>\n","protected":false},"featured_media":1038478,"comment_status":"open","ping_status":"closed","template":"","meta":{"_acf_changed":false},"product_brand":[],"product_cat":[178],"product_tag":[],"class_list":{"0":"post-1029400","1":"product","2":"type-product","3":"status-publish","4":"has-post-thumbnail","6":"product_cat-catodos-para-sputtering-planar","8":"first","9":"instock","10":"shipping-taxable","11":"product-type-variable"},"acf":[],"_links":{"self":[{"href":"https:\/\/vimaterial.de\/es\/wp-json\/wp\/v2\/product\/1029400","targetHints":{"allow":["GET"]}}],"collection":[{"href":"https:\/\/vimaterial.de\/es\/wp-json\/wp\/v2\/product"}],"about":[{"href":"https:\/\/vimaterial.de\/es\/wp-json\/wp\/v2\/types\/product"}],"replies":[{"embeddable":true,"href":"https:\/\/vimaterial.de\/es\/wp-json\/wp\/v2\/comments?post=1029400"}],"wp:featuredmedia":[{"embeddable":true,"href":"https:\/\/vimaterial.de\/es\/wp-json\/wp\/v2\/media\/1038478"}],"wp:attachment":[{"href":"https:\/\/vimaterial.de\/es\/wp-json\/wp\/v2\/media?parent=1029400"}],"wp:term":[{"taxonomy":"product_brand","embeddable":true,"href":"https:\/\/vimaterial.de\/es\/wp-json\/wp\/v2\/product_brand?post=1029400"},{"taxonomy":"product_cat","embeddable":true,"href":"https:\/\/vimaterial.de\/es\/wp-json\/wp\/v2\/product_cat?post=1029400"},{"taxonomy":"product_tag","embeddable":true,"href":"https:\/\/vimaterial.de\/es\/wp-json\/wp\/v2\/product_tag?post=1029400"}],"curies":[{"name":"wp","href":"https:\/\/api.w.org\/{rel}","templated":true}]}}