{"id":1029393,"date":"2024-06-17T16:16:11","date_gmt":"2024-06-17T08:16:11","guid":{"rendered":"https:\/\/vimaterial.de\/product\/nitruro-de-disprosio\/"},"modified":"2025-07-04T10:32:27","modified_gmt":"2025-07-04T02:32:27","slug":"nitruro-de-disprosio","status":"publish","type":"product","link":"https:\/\/vimaterial.de\/es\/product\/nitruro-de-disprosio\/","title":{"rendered":"Nitruro de disprosio"},"content":{"rendered":"<p>Los polvos de <span style=\"color: #0000ff;\"><a style=\"color: #0000ff;\" href=\"https:\/\/vimaterial.de\/es\/product\/oxido-de-disprosio-2\/\"><strong>nitruro de disprosio<\/strong><\/a><\/span> tienen excelentes propiedades magn\u00e9ticas y semiconductoras para su uso en materiales magn\u00e9ticos permanentes, dispositivos electr\u00f3nicos y espintr\u00f3nica.<\/p>\n<p>VIMATERIAL apoya la personalizaci\u00f3n del producto, <span style=\"color: #0000ff;\"><a style=\"color: #0000ff;\" href=\"https:\/\/vimaterial.de\/es\/contacto\/\">cont\u00e1ctenos<\/a><\/span>.<\/p>\n<h2><span style=\"font-size: 14pt;\">Propiedades<\/span><\/h2>\n<p>F\u00f3rmula molecular: DyN<\/p>\n<p>Peso molecular: 178,50 g\/mol<\/p>\n<p>Aspecto: polvo de color marr\u00f3n oscuro a negro<\/p>\n<p>Punto de fusi\u00f3n: alrededor de 2600 \u00b0C<\/p>\n<p>Estructura cristalina: Sistema cristalino c\u00fabico tipo NaCl (grupo espacial Fm-3m)<\/p>\n<h2><span style=\"font-size: 14pt;\">Aplicaciones <\/span><\/h2>\n<p>Materiales cer\u00e1micos: El nitruro de disprosio se puede agregar a los materiales cer\u00e1micos para mejorar sus propiedades.<\/p>\n<p>Materiales semiconductores: Aplicaciones potenciales en la preparaci\u00f3n o mejora de las propiedades de los materiales semiconductores, que afectan a las propiedades el\u00e9ctricas, \u00f3pticas y de otro tipo de los semiconductores.<\/p>\n<div class=\"elementor-element elementor-element-72e7750 animated-slow elementor-widget elementor-widget-heading animated fadeIn\" data-id=\"72e7750\" data-element_type=\"widget\" data-settings=\"{\" data-widget_type=\"heading.default\">\n<div class=\"elementor-widget-container\">\n<h2 class=\"elementor-heading-title elementor-size-default\"><span style=\"font-size: 14pt;\">Control de calidad<\/span><\/h2>\n<\/div>\n<\/div>\n<p><span style=\"color: #0000ff;\"><a style=\"color: #0000ff;\" href=\"https:\/\/vimaterial.de\/es\/control-de-calidad\/\">VI HALBLEITERMATERIAL GmbH<\/a> <\/span>implementa un estricto control de calidad en todo el proceso y 8D mecanismo de resoluci\u00f3n de problemas para garantizar que los productos cumplan con REACH, ASTM y los est\u00e1ndares de la industria, y apoyar el desarrollo sostenible y la trazabilidad de la cadena de suministro. La compa\u00f1\u00eda se compromete a proporcionar a los clientes productos y servicios de alta calidad mediante la gesti\u00f3n de todo el proceso, desde la investigaci\u00f3n y el desarrollo hasta la entrega, y se adhiere al principio de reelaboraci\u00f3n de productos no conformes.<\/p>\n<h2><span style=\"font-size: 14pt;\">Embalaje y almacenamiento<\/span><\/h2>\n<p><strong>El polvo de nitruro de disprosio<\/strong> se envasa en botellas de doble vac\u00edo y se coloca en cajas de cart\u00f3n especiales para garantizar un transporte seguro. Los tama\u00f1os de botellas individuales se pueden personalizar para cumplir con los requisitos del cliente.<\/p>\n<p><strong>El polvo de nitruro de disprosio<\/strong> debe sellarse al vac\u00edo y almacenarse en un ambiente seco, lejos del aire y la humedad, para evitar la oxidaci\u00f3n y la hidr\u00f3lisis.<\/p>\n","protected":false},"excerpt":{"rendered":"<p>Los polvos de <span style=\"color: #0000ff;\"><a style=\"color: #0000ff;\" href=\"https:\/\/vimaterial.de\/es\/product\/oxido-de-disprosio-2\/\"><strong>nitruro de disprosio<\/strong><\/a><\/span> tienen excelentes propiedades magn\u00e9ticas y semiconductoras para su uso en materiales magn\u00e9ticos permanentes, dispositivos electr\u00f3nicos y espintr\u00f3nica.<\/p>\n<p>VIMATERIAL apoya la personalizaci\u00f3n del producto, <span style=\"color: #0000ff;\"><a style=\"color: #0000ff;\" href=\"https:\/\/vimaterial.de\/es\/contacto\/\">cont\u00e1ctenos<\/a><\/span>.<\/p>\n","protected":false},"featured_media":1038416,"comment_status":"open","ping_status":"closed","template":"","meta":{"_acf_changed":false},"product_brand":[],"product_cat":[184],"product_tag":[],"class_list":{"0":"post-1029393","1":"product","2":"type-product","3":"status-publish","4":"has-post-thumbnail","6":"product_cat-materiales-de-tierras-raras","8":"first","9":"instock","10":"shipping-taxable","11":"product-type-variable"},"acf":[],"_links":{"self":[{"href":"https:\/\/vimaterial.de\/es\/wp-json\/wp\/v2\/product\/1029393","targetHints":{"allow":["GET"]}}],"collection":[{"href":"https:\/\/vimaterial.de\/es\/wp-json\/wp\/v2\/product"}],"about":[{"href":"https:\/\/vimaterial.de\/es\/wp-json\/wp\/v2\/types\/product"}],"replies":[{"embeddable":true,"href":"https:\/\/vimaterial.de\/es\/wp-json\/wp\/v2\/comments?post=1029393"}],"wp:featuredmedia":[{"embeddable":true,"href":"https:\/\/vimaterial.de\/es\/wp-json\/wp\/v2\/media\/1038416"}],"wp:attachment":[{"href":"https:\/\/vimaterial.de\/es\/wp-json\/wp\/v2\/media?parent=1029393"}],"wp:term":[{"taxonomy":"product_brand","embeddable":true,"href":"https:\/\/vimaterial.de\/es\/wp-json\/wp\/v2\/product_brand?post=1029393"},{"taxonomy":"product_cat","embeddable":true,"href":"https:\/\/vimaterial.de\/es\/wp-json\/wp\/v2\/product_cat?post=1029393"},{"taxonomy":"product_tag","embeddable":true,"href":"https:\/\/vimaterial.de\/es\/wp-json\/wp\/v2\/product_tag?post=1029393"}],"curies":[{"name":"wp","href":"https:\/\/api.w.org\/{rel}","templated":true}]}}