{"id":1029355,"date":"2024-06-17T16:16:11","date_gmt":"2024-06-17T08:16:11","guid":{"rendered":"https:\/\/vimaterial.de\/product\/oxido-de-holmio-3\/"},"modified":"2025-07-07T10:54:28","modified_gmt":"2025-07-07T02:54:28","slug":"oxido-de-holmio-3","status":"publish","type":"product","link":"https:\/\/vimaterial.de\/es\/product\/oxido-de-holmio-3\/","title":{"rendered":"\u00d3xido de holmio"},"content":{"rendered":"<p><span style=\"color: #0000ff;\"><a style=\"color: #0000ff;\" href=\"https:\/\/vimaterial.de\/es\/product\/oxido-de-holmio-2\/\">El polvo de \u00f3xido de holmio<\/a><\/span> es una estructura isotr\u00f3pica de \u00f3xido de escandio cristalina de color amarillo claro, insoluble en agua pero soluble en \u00e1cido, con un alto punto de fusi\u00f3n, y el \u00f3xido de disprosio es un compuesto del elemento de tierras raras holmio, que se sabe que es un elemento paramagn\u00e9tico muy fuerte, y el elemento ox\u00edgeno.<\/p>\n<p>VIMATERIAL apoya la personalizaci\u00f3n del producto, por favor <span style=\"color: #0000ff;\"><a style=\"color: #0000ff;\" href=\"https:\/\/vimaterial.de\/es\/contacto\/\">cont\u00e1ctenos.<\/a><\/span><\/p>\n<h2><span style=\"font-size: 14pt;\">Propiedades del \u00f3xido de holmio<\/span><\/h2>\n<p>F\u00f3rmula molecular: Ho\u2082O\u2083<\/p>\n<p>Peso molecular: 377,86 g\/mol<\/p>\n<p>Aspecto: polvo de color amarillo claro a verde amarillento<\/p>\n<p>Densidad: 8,41 g\/cm\u00b3<\/p>\n<p>Punto de fusi\u00f3n: 2415 \u00b0C<\/p>\n<p>Punto de ebullici\u00f3n: alrededor de 3900 \u00b0C (sublimaci\u00f3n\/descomposici\u00f3n)<\/p>\n<p>Estructura cristalina: Sistema cristalino c\u00fabico (grupo espacial Ia-3)<\/p>\n<p>Solubilidad: insoluble en agua, soluble en \u00e1cidos fuertes<\/p>\n<p>Magnetismo: Paramagn\u00e9tico<\/p>\n<h2><span style=\"font-size: 14pt;\">Aplicaciones del \u00f3xido de holmio<\/span><\/h2>\n<p>L\u00e1seres y optoelectr\u00f3nica: El polvo de Ho\u2082O\u2083 es una materia prima clave para la preparaci\u00f3n de cristales l\u00e1ser de Ho:YAG, y la salida del l\u00e1ser de longitud de onda de 2,1 \u03bcm de dichos l\u00e1seres es especialmente adecuada para la litotricia m\u00e9dica y la cirug\u00eda de tejidos blandos. Adem\u00e1s, en el \u00e1mbito militar, los l\u00e1seres de fibra dopados con Ho\u2082O\u2083 se pueden utilizar para aplicaciones como contramedidas infrarrojas y alcance l\u00e1ser.<\/p>\n<p>Industria de la energ\u00eda nuclear: Debido a su secci\u00f3n transversal de absorci\u00f3n de neutrones extremadamente alta, el Ho\u2082O\u2083 se usa ampliamente como material de barra de control para reactores nucleares, que puede regular eficazmente la velocidad de reacci\u00f3n en cadena. Mientras tanto, en la eliminaci\u00f3n de desechos nucleares, el Ho\u2082O\u2083 tambi\u00e9n se puede usar como material venenoso de neutrones para ayudar a almacenar materiales radiactivos de manera segura.<\/p>\n<p>Materiales funcionales especializados: Como sustrato para materiales luminiscentes de conversi\u00f3n ascendente, el Ho\u2082O\u2083 puede lograr una emisi\u00f3n de luz visible altamente eficiente cuando se dopa con plasma Yb\u00b3\u207a, que se usa ampliamente en marcadores antifalsificaci\u00f3n y bioim\u00e1genes. Adem\u00e1s, en el campo de los materiales magn\u00e9ticos, el Ho\u2082O\u2083 se utiliza en el desarrollo de nuevos materiales magn\u00e9ticos de refrigeraci\u00f3n y dispositivos espintr\u00f3nicos debido a su configuraci\u00f3n electr\u00f3nica especial 4f.<\/p>\n<h2><span style=\"font-size: 14pt;\">Control de calidad<\/span><\/h2>\n<p><span style=\"color: #0000ff;\"><a style=\"color: #0000ff;\" href=\"https:\/\/vimaterial.de\/es\/control-de-calidad\/\">VI HALBLEITERMATERIAL GmbH<\/a><\/span> implementa estrictamente un sistema de control de calidad de proceso completo, se adhiere al principio de reelaboraci\u00f3n y reelaboraci\u00f3n de productos defectuosos, y cada lote de productos pasa una prueba de especificaci\u00f3n detallada antes de su lanzamiento. Nos comprometemos a construir una cadena de suministro responsable cumpliendo plenamente con las normas REACH y ASTM, garantizando la coherencia de los lotes y estableciendo un sistema completo de trazabilidad de documentos.<\/p>\n<h2><span style=\"font-size: 14pt;\">Embalaje y almacenamiento<\/span><\/h2>\n<p><strong>El polvo de \u00f3xido de holmio<\/strong> se envasa en botellas de doble vac\u00edo y luego se protege en cajas de cart\u00f3n especiales para garantizar un transporte seguro.<\/p>\n<p><strong>Ho\u2082O\u2083<\/strong> debe sellarse y almacenarse en un ambiente seco, evitar el contacto con la humedad, los gases \u00e1cidos, para evitar el deterioro del material por humedad.<\/p>\n","protected":false},"excerpt":{"rendered":"<p><span style=\"color: #0000ff;\"><a style=\"color: #0000ff;\" href=\"https:\/\/vimaterial.de\/es\/product\/oxido-de-holmio-2\/\">El polvo de \u00f3xido de holmio<\/a><\/span> es una estructura isotr\u00f3pica de \u00f3xido de escandio cristalina de color amarillo claro, insoluble en agua pero soluble en \u00e1cido, con un alto punto de fusi\u00f3n, y el \u00f3xido de disprosio es un compuesto del elemento de tierras raras holmio, que se sabe que es un elemento paramagn\u00e9tico muy fuerte, y el elemento ox\u00edgeno.<\/p>\n<p>VIMATERIAL apoya la personalizaci\u00f3n del producto, por favor <span style=\"color: #0000ff;\"><a style=\"color: #0000ff;\" href=\"https:\/\/vimaterial.de\/es\/contacto\/\">cont\u00e1ctenos.<\/a><\/span><\/p>\n","protected":false},"featured_media":1034379,"comment_status":"open","ping_status":"closed","template":"","meta":{"_acf_changed":false},"product_brand":[],"product_cat":[186,184],"product_tag":[],"class_list":{"0":"post-1029355","1":"product","2":"type-product","3":"status-publish","4":"has-post-thumbnail","6":"product_cat-materiales-de-oxido-hidroxido","7":"product_cat-materiales-de-tierras-raras","9":"first","10":"instock","11":"shipping-taxable","12":"purchasable","13":"product-type-variable"},"acf":[],"_links":{"self":[{"href":"https:\/\/vimaterial.de\/es\/wp-json\/wp\/v2\/product\/1029355","targetHints":{"allow":["GET"]}}],"collection":[{"href":"https:\/\/vimaterial.de\/es\/wp-json\/wp\/v2\/product"}],"about":[{"href":"https:\/\/vimaterial.de\/es\/wp-json\/wp\/v2\/types\/product"}],"replies":[{"embeddable":true,"href":"https:\/\/vimaterial.de\/es\/wp-json\/wp\/v2\/comments?post=1029355"}],"wp:featuredmedia":[{"embeddable":true,"href":"https:\/\/vimaterial.de\/es\/wp-json\/wp\/v2\/media\/1034379"}],"wp:attachment":[{"href":"https:\/\/vimaterial.de\/es\/wp-json\/wp\/v2\/media?parent=1029355"}],"wp:term":[{"taxonomy":"product_brand","embeddable":true,"href":"https:\/\/vimaterial.de\/es\/wp-json\/wp\/v2\/product_brand?post=1029355"},{"taxonomy":"product_cat","embeddable":true,"href":"https:\/\/vimaterial.de\/es\/wp-json\/wp\/v2\/product_cat?post=1029355"},{"taxonomy":"product_tag","embeddable":true,"href":"https:\/\/vimaterial.de\/es\/wp-json\/wp\/v2\/product_tag?post=1029355"}],"curies":[{"name":"wp","href":"https:\/\/api.w.org\/{rel}","templated":true}]}}