{"id":1029351,"date":"2024-06-17T16:16:11","date_gmt":"2024-06-17T08:16:11","guid":{"rendered":"https:\/\/vimaterial.de\/product\/oxido-de-holmio-2\/"},"modified":"2025-07-07T10:37:35","modified_gmt":"2025-07-07T02:37:35","slug":"oxido-de-holmio-2","status":"publish","type":"product","link":"https:\/\/vimaterial.de\/es\/product\/oxido-de-holmio-2\/","title":{"rendered":"\u00d3xido de holmio"},"content":{"rendered":"<p>Los gr\u00e1nulos <span style=\"color: #0000ff;\"><a style=\"color: #0000ff;\" href=\"https:\/\/vimaterial.de\/es\/product\/oxido-de-holmio-3\/\">de \u00f3xido de holmio<\/a><\/span> son part\u00edculas compuestas de tierras raras, generalmente en forma de polvo cristalino de color amarillo claro, insolubles en agua, solubles en \u00e1cido, con alto punto de fusi\u00f3n, y tienen aplicaciones importantes en muchos campos, como materiales l\u00e1ser, comunicaci\u00f3n de fibra \u00f3ptica, materiales magnetostrictivos y otras part\u00edculas materiales.<\/p>\n<p>VIMATERIAl apoya la personalizaci\u00f3n y el desarrollo de productos, <span style=\"color: #0000ff;\"><a style=\"color: #0000ff;\" href=\"https:\/\/vimaterial.de\/es\/contacto\/\">Cont\u00e1ctenos<\/a><\/span>.<\/p>\n<h2><span style=\"font-size: 14pt;\">Propiedades del \u00f3xido de holmio<\/span><\/h2>\n<p>F\u00f3rmula molecular:<strong>Ho\u2082O\u2083<\/strong><\/p>\n<p>Peso molecular:377,86 g\/mol<\/p>\n<p>Aspecto: polvo de color amarillo claro a verde amarillento<\/p>\n<p>Densidad:8,41 g\/cm\u00b3<\/p>\n<p>Punto de fusi\u00f3n: 2415 \u00b0C<\/p>\n<p>Punto de ebullici\u00f3n: alrededor de 3900 \u00b0C (sublimaci\u00f3n \/ descomposici\u00f3n)<\/p>\n<p>Estructura cristalina:Sistema cristalino c\u00fabico (grupo espacial Ia-3)<\/p>\n<p>Solubilidad: insoluble en agua, soluble en \u00e1cidos fuertes<\/p>\n<p>Magnetismo:Paramagn\u00e9tico<\/p>\n<h2><span style=\"font-size: 14pt;\">Aplicaciones del \u00f3xido de holmio<\/span><\/h2>\n<p>Aplicaciones del l\u00e1ser: <strong>Ho\u2082O\u2083<\/strong> se utiliza como medio de ganancia l\u00e1ser en la fabricaci\u00f3n de l\u00e1seres de estado s\u00f3lido Ho:YAG, que emiten l\u00e1seres con una longitud de onda de 2,1 \u03bcm, y son ampliamente utilizados en litotricia y cirug\u00eda m\u00e9dica.<\/p>\n<p>Control de energ\u00eda nuclear: <strong>El Ho\u2082O\u2083<\/strong> se utiliza como material de barra de control para reactores nucleares debido a su alta secci\u00f3n transversal de absorci\u00f3n de neutrones, que regula eficazmente la tasa de reacci\u00f3n de fisi\u00f3n nuclear.<\/p>\n<p>Materiales fluorescentes: <strong>El Ho\u2082O\u2083<\/strong> dopado en vidrio o cristales produce una fluorescencia especial de color amarillo verdoso, que se utiliza en materiales luminiscentes de conversi\u00f3n ascendente, marcadores antifalsificaci\u00f3n y dispositivos LED.<\/p>\n<p>Materiales magn\u00e9ticos: Los iones Ho\u00b3\u207a en <strong>el \u00f3xido de holmio<\/strong> tienen fuertes momentos magn\u00e9ticos, que se pueden utilizar en materiales de refrigeraci\u00f3n magn\u00e9tica a baja temperatura e investigaci\u00f3n magn\u00e9tica.<\/p>\n<h2><span style=\"font-size: 14pt;\">Control de calidad<\/span><\/h2>\n<p><span style=\"color: #0000ff;\"><a style=\"color: #0000ff;\" href=\"https:\/\/vimaterial.de\/es\/control-de-calidad\/\">VI HALBLEITERMATERIAL GmbH<\/a><\/span> implementa estrictamente un sistema de control de calidad de proceso completo, se adhiere al principio de reelaboraci\u00f3n de productos defectuosos y libera cada lote de productos solo despu\u00e9s de que haya pasado pruebas de especificaci\u00f3n detalladas. Nos comprometemos a construir una cadena de suministro responsable cumpliendo con las normas REACH y ASTM, garantizando la coherencia de los lotes y estableciendo un sistema completo de trazabilidad documentado.<\/p>\n<h2><span style=\"font-size: 14pt;\">Embalaje y almacenamiento<\/span><\/h2>\n<p>Los gr\u00e1nulos de <strong>\u00f3xido de holmio<\/strong>se empaquetan en botellas de doble vac\u00edo y luego se empaquetan en cajas de cart\u00f3n especiales para garantizar un transporte seguro.<\/p>\n<p>Los gr\u00e1nulos de Ho\u2082O\u2083 deben envasarse al vac\u00edo y almacenarse en un ambiente seco y libre de polvo para evitar la humedad y la contaminaci\u00f3n.<\/p>\n","protected":false},"excerpt":{"rendered":"<p>Los gr\u00e1nulos <span style=\"color: #0000ff;\"><a style=\"color: #0000ff;\" href=\"https:\/\/vimaterial.de\/es\/product\/oxido-de-holmio-3\/\">de \u00f3xido de holmio<\/a><\/span> son part\u00edculas compuestas de tierras raras, generalmente en forma de polvo cristalino de color amarillo claro, insolubles en agua, solubles en \u00e1cido, con alto punto de fusi\u00f3n, y tienen aplicaciones importantes en muchos campos, como materiales l\u00e1ser, comunicaci\u00f3n de fibra \u00f3ptica, materiales magnetostrictivos y otras part\u00edculas materiales.<\/p>\n<p>VIMATERIAl apoya la personalizaci\u00f3n y el desarrollo de productos, <span style=\"color: #0000ff;\"><a style=\"color: #0000ff;\" href=\"https:\/\/vimaterial.de\/es\/contacto\/\">Cont\u00e1ctenos<\/a><\/span>.<\/p>\n","protected":false},"featured_media":1034374,"comment_status":"open","ping_status":"closed","template":"","meta":{"_acf_changed":false},"product_brand":[],"product_cat":[179],"product_tag":[],"class_list":{"0":"post-1029351","1":"product","2":"type-product","3":"status-publish","4":"has-post-thumbnail","6":"product_cat-materiales-de-evaporacion","8":"first","9":"instock","10":"shipping-taxable","11":"product-type-variable"},"acf":[],"_links":{"self":[{"href":"https:\/\/vimaterial.de\/es\/wp-json\/wp\/v2\/product\/1029351","targetHints":{"allow":["GET"]}}],"collection":[{"href":"https:\/\/vimaterial.de\/es\/wp-json\/wp\/v2\/product"}],"about":[{"href":"https:\/\/vimaterial.de\/es\/wp-json\/wp\/v2\/types\/product"}],"replies":[{"embeddable":true,"href":"https:\/\/vimaterial.de\/es\/wp-json\/wp\/v2\/comments?post=1029351"}],"wp:featuredmedia":[{"embeddable":true,"href":"https:\/\/vimaterial.de\/es\/wp-json\/wp\/v2\/media\/1034374"}],"wp:attachment":[{"href":"https:\/\/vimaterial.de\/es\/wp-json\/wp\/v2\/media?parent=1029351"}],"wp:term":[{"taxonomy":"product_brand","embeddable":true,"href":"https:\/\/vimaterial.de\/es\/wp-json\/wp\/v2\/product_brand?post=1029351"},{"taxonomy":"product_cat","embeddable":true,"href":"https:\/\/vimaterial.de\/es\/wp-json\/wp\/v2\/product_cat?post=1029351"},{"taxonomy":"product_tag","embeddable":true,"href":"https:\/\/vimaterial.de\/es\/wp-json\/wp\/v2\/product_tag?post=1029351"}],"curies":[{"name":"wp","href":"https:\/\/api.w.org\/{rel}","templated":true}]}}