{"id":1029337,"date":"2024-06-17T16:16:12","date_gmt":"2024-06-17T08:16:12","guid":{"rendered":"https:\/\/vimaterial.de\/product\/sulfuro-de-holmio\/"},"modified":"2025-07-03T16:36:44","modified_gmt":"2025-07-03T08:36:44","slug":"sulfuro-de-holmio","status":"publish","type":"product","link":"https:\/\/vimaterial.de\/es\/product\/sulfuro-de-holmio\/","title":{"rendered":"Sulfuro de holmio"},"content":{"rendered":"<p><span style=\"color: #0000ff;\"><a style=\"color: #0000ff;\" href=\"https:\/\/vimaterial.de\/es\/product\/sulfuro-de-tulio\/\"><strong>El polvo de sulfuro de holmio <\/strong><\/a><\/span>es un polvo compuesto por los elementos holmio y azufre, con una apariencia amarilla u otro color y propiedades qu\u00edmicas y f\u00edsicas espec\u00edficas, que es de valor de investigaci\u00f3n en el campo de la ciencia de los materiales y la investigaci\u00f3n qu\u00edmica.<\/p>\n<p>VIMATERIL apoya la personalizaci\u00f3n y el desarrollo de productos, <span style=\"color: #0000ff;\"><a style=\"color: #0000ff;\" href=\"https:\/\/vimaterial.de\/es\/contacto\/\">cont\u00e1ctenos.<\/a><\/span><\/p>\n<h2><span style=\"font-size: 14pt;\">Propiedades del sulfuro de holmio<\/span><\/h2>\n<p>F\u00f3rmula molecular: Ho\u2082S\u2083<\/p>\n<p>Peso molecular: alrededor de 426,17 g\/mol<\/p>\n<p>Aspecto: polvo negro parduzco<\/p>\n<p>Estabilidad qu\u00edmica: El polvo de sulfuro de holmio tiene buena estabilidad qu\u00edmica a temperatura y presi\u00f3n ambiente y en un entorno inerte, y no es f\u00e1cil de reaccionar con \u00e1cidos y bases comunes.<\/p>\n<p>Propiedades \u00f3pticas: Seg\u00fan las caracter\u00edsticas comunes de los sulfuros de tierras raras, el polvo de Ho\u2082S\u2083 tiene amplias propiedades de absorci\u00f3n espectral y transmisi\u00f3n infrarroja, lo cual es valioso para aplicaciones en materiales \u00f3pticos infrarrojos y materiales de sustrato fluorescente.<\/p>\n<h2><span style=\"font-size: 14pt;\">Aplicaciones del sulfuro de holmio<\/span><\/h2>\n<p>Exploraci\u00f3n de investigaci\u00f3n cient\u00edfica: como material de investigaci\u00f3n de vanguardia, es ampliamente utilizado en laboratorios multidisciplinarios de qu\u00edmica, f\u00edsica, ciencia de materiales, etc., proporcionando muestras importantes para el estudio de la estructura cristalina, las propiedades electr\u00f3nicas y el mecanismo de reacci\u00f3n qu\u00edmica de los sulfuros de tierras raras.<\/p>\n<p>Desarrollo de materiales \u00f3pticos: como sustratos de materiales \u00f3pticos infrarrojos o portadores de materiales luminiscentes, se pueden utilizar para preparar materiales de ventanas infrarrojas de alto rendimiento, detectores de infrarrojos o dispositivos de visualizaci\u00f3n fluorescentes mediante dopaje y modificaci\u00f3n, y para promover la innovaci\u00f3n tecnol\u00f3gica en el campo de los materiales \u00f3pticos.<\/p>\n<h2><span style=\"font-size: 14pt;\">Control de calidad<\/span><\/h2>\n<p><span style=\"color: #0000ff;\"><a style=\"color: #0000ff;\" href=\"https:\/\/vimaterial.de\/es\/control-de-calidad\/\">Cada lote<\/a> <\/span>de productos implementamos un estricto sistema de calidad, con un estricto proceso de inspecci\u00f3n de las materias primas para garantizar la consistencia de los materiales entrantes, un proceso completo para el aislamiento y tratamiento de productos defectuosos para garantizar que ning\u00fan producto defectuoso fluya hacia el siguiente proceso, y estrictos est\u00e1ndares de inspecci\u00f3n de f\u00e1brica para productos terminados para garantizar la consistencia de la calidad de los productos enviados fuera de la f\u00e1brica.<\/p>\n<p>Hay registros completos de inspecci\u00f3n de producci\u00f3n en todo el proceso de producci\u00f3n, que pueden realizar la trazabilidad de todo el proceso de los productos. Tambi\u00e9n ayudamos a los clientes a presentar requisitos de inspecci\u00f3n de terceros.<\/p>\n<h2><span style=\"font-size: 14pt;\">Embalaje y almacenamiento<\/span><\/h2>\n<p><strong>El polvo de sulfuro de holmio<\/strong> se embotella y luego se embolsa al vac\u00edo y se coloca en cajas de cart\u00f3n personalizadas para garantizar un transporte seguro.<\/p>\n<p><strong>El polvo de sulfuro de holmio<\/strong> se almacena en un ambiente fresco, seco y bien ventilado, lejos del fuego y la oxidaci\u00f3n.<\/p>\n","protected":false},"excerpt":{"rendered":"<p><span style=\"color: #0000ff;\"><a style=\"color: #0000ff;\" href=\"https:\/\/vimaterial.de\/es\/product\/sulfuro-de-tulio\/\"><strong>El polvo de sulfuro de holmio <\/strong><\/a><\/span>es un polvo compuesto por los elementos holmio y azufre, con una apariencia amarilla u otro color y propiedades qu\u00edmicas y f\u00edsicas espec\u00edficas, que es de valor de investigaci\u00f3n en el campo de la ciencia de los materiales y la investigaci\u00f3n qu\u00edmica.<\/p>\n<p>VIMATERIL apoya la personalizaci\u00f3n y el desarrollo de productos, <span style=\"color: #0000ff;\"><a style=\"color: #0000ff;\" href=\"https:\/\/vimaterial.de\/es\/contacto\/\">cont\u00e1ctenos.<\/a><\/span><\/p>\n","protected":false},"featured_media":1034389,"comment_status":"open","ping_status":"closed","template":"","meta":{"_acf_changed":false},"product_brand":[],"product_cat":[184],"product_tag":[],"class_list":{"0":"post-1029337","1":"product","2":"type-product","3":"status-publish","4":"has-post-thumbnail","6":"product_cat-materiales-de-tierras-raras","8":"first","9":"instock","10":"shipping-taxable","11":"purchasable","12":"product-type-variable"},"acf":[],"_links":{"self":[{"href":"https:\/\/vimaterial.de\/es\/wp-json\/wp\/v2\/product\/1029337","targetHints":{"allow":["GET"]}}],"collection":[{"href":"https:\/\/vimaterial.de\/es\/wp-json\/wp\/v2\/product"}],"about":[{"href":"https:\/\/vimaterial.de\/es\/wp-json\/wp\/v2\/types\/product"}],"replies":[{"embeddable":true,"href":"https:\/\/vimaterial.de\/es\/wp-json\/wp\/v2\/comments?post=1029337"}],"wp:featuredmedia":[{"embeddable":true,"href":"https:\/\/vimaterial.de\/es\/wp-json\/wp\/v2\/media\/1034389"}],"wp:attachment":[{"href":"https:\/\/vimaterial.de\/es\/wp-json\/wp\/v2\/media?parent=1029337"}],"wp:term":[{"taxonomy":"product_brand","embeddable":true,"href":"https:\/\/vimaterial.de\/es\/wp-json\/wp\/v2\/product_brand?post=1029337"},{"taxonomy":"product_cat","embeddable":true,"href":"https:\/\/vimaterial.de\/es\/wp-json\/wp\/v2\/product_cat?post=1029337"},{"taxonomy":"product_tag","embeddable":true,"href":"https:\/\/vimaterial.de\/es\/wp-json\/wp\/v2\/product_tag?post=1029337"}],"curies":[{"name":"wp","href":"https:\/\/api.w.org\/{rel}","templated":true}]}}