{"id":1029332,"date":"2024-06-17T16:16:12","date_gmt":"2024-06-17T08:16:12","guid":{"rendered":"https:\/\/vimaterial.de\/product\/oxido-de-holmio\/"},"modified":"2025-06-27T14:24:05","modified_gmt":"2025-06-27T06:24:05","slug":"oxido-de-holmio","status":"publish","type":"product","link":"https:\/\/vimaterial.de\/es\/product\/oxido-de-holmio\/","title":{"rendered":"\u00d3xido de holmio"},"content":{"rendered":"<p><strong>El objetivo de pulverizaci\u00f3n cat\u00f3dica <span style=\"color: #0000ff;\"><a style=\"color: #0000ff;\" href=\"https:\/\/vimaterial.de\/es\/product\/oxido-de-holmio-2\/\">de \u00f3xido de holmio<\/a><\/span><\/strong> es un tipo de material clave utilizado en la pulverizaci\u00f3n cat\u00f3dica de magnetr\u00f3n y otras tecnolog\u00edas de recubrimiento, que est\u00e1 hecho de \u00f3xido de holmio como ingrediente principal a trav\u00e9s de una tecnolog\u00eda de procesamiento especial para depositar una pel\u00edcula delgada de \u00f3xido de holmio en el sustrato, y es ampliamente utilizado en los campos de \u00f3ptica, electr\u00f3nica, nueva energ\u00eda y otros materiales clave.<\/p>\n<p>VIMATERIAL apoya la personalizaci\u00f3n y la investigaci\u00f3n de productos, <span style=\"color: #0000ff;\"><a style=\"color: #0000ff;\" href=\"https:\/\/vimaterial.de\/es\/contacto\/\">cont\u00e1ctenos<\/a> <\/span>si lo necesita.<\/p>\n<h2><span style=\"font-size: 14pt;\">Caracter\u00edsticas del \u00f3xido de holmio<\/span><\/h2>\n<p>F\u00f3rmula molecular: Ho\u2082O\u2083<\/p>\n<p>Peso molecular: alrededor de 377,86 g\/mol<\/p>\n<p>Aspecto: cer\u00e1mica grumosa de color amarillo claro a marr\u00f3n amarillento con superficie lisa y densa.<\/p>\n<p>Densidad: 8,36 g\/cm\u00b3 a temperatura ambiente, material cer\u00e1mico de alta densidad.<\/p>\n<p>Punto de fusi\u00f3n: alrededor de 2415 \u00b0C<\/p>\n<p>Punto de ebullici\u00f3n: alrededor de 3900 \u00b0C, el estado l\u00edquido a alta temperatura la volatilizaci\u00f3n es lenta.<\/p>\n<p>Estructura cristalina: sistema cristalino c\u00fabico estructura tipo Sc\u2082O\u2083 (estructura de fluorita defectuosa) a temperatura ambiente, grupo espacial Ia3, constante de red de aproximadamente 1,06 nm.<\/p>\n<p>Estabilidad qu\u00edmica: a temperatura y presi\u00f3n normales, tiene buena estabilidad qu\u00edmica y no es f\u00e1cil de reaccionar con el ox\u00edgeno y la humedad del aire.<\/p>\n<p>Buena formaci\u00f3n de pel\u00edcula: En el proceso de pulverizaci\u00f3n cat\u00f3dica, se puede formar una pel\u00edcula uniforme y densa, que se debe a la buena adhesi\u00f3n y cohesi\u00f3n de los \u00e1tomos <strong>de \u00f3xido de holmio<\/strong> despu\u00e9s de la pulverizaci\u00f3n cat\u00f3dica, y puede formar r\u00e1pidamente una estructura de pel\u00edcula estable en la superficie del sustrato. Esta buena formaci\u00f3n de pel\u00edcula es muy importante para la preparaci\u00f3n de dispositivos de pel\u00edcula delgada de alta calidad para \u00f3ptica y electr\u00f3nica.<\/p>\n<h2><span style=\"font-size: 14pt;\"><strong>Aplicaciones del \u00f3xido de holmio<\/strong><\/span><\/h2>\n<p>Materiales l\u00e1ser: Se puede utilizar como dopante para materiales l\u00e1ser para la fabricaci\u00f3n de l\u00e1seres de estado s\u00f3lido. Al pulverizar una pel\u00edcula delgada de \u00f3xido de holmio, se puede formar una capa dopante uniforme en un material de sustrato como un cristal l\u00e1ser o vidrio, mejorando as\u00ed el rendimiento y la eficiencia del l\u00e1ser.<\/p>\n<p>Recubrimientos \u00f3pticos: Recubrimientos utilizados para lentes \u00f3pticas, ventanas \u00f3pticas y otros componentes \u00f3pticos para mejorar sus propiedades \u00f3pticas.<\/p>\n<p>Almacenamiento \u00f3ptico: <strong>Los objetivos de pulverizaci\u00f3n cat\u00f3dica de \u00f3xido de holmio<\/strong> se utilizan para preparar medios de almacenamiento \u00f3ptico en el campo del almacenamiento \u00f3ptico.<\/p>\n<p>Fabricaci\u00f3n de semiconductores:<strong> Los objetivos de pulverizaci\u00f3n cat\u00f3dica de \u00f3xido de holmio<\/strong> se utilizan para preparar estructuras de pel\u00edcula delgada para dispositivos semiconductores durante la fabricaci\u00f3n de semiconductores.<\/p>\n<h2><span style=\"font-size: 14pt;\">Control de calidad<\/span><\/h2>\n<p><span style=\"color: #0000ff;\"><a style=\"color: #0000ff;\" href=\"https:\/\/vimaterial.de\/es\/control-de-calidad\/\">Cada lote<\/a> <\/span>de productos est\u00e1 sujeto a un estricto sistema de control de calidad, que se gestiona a trav\u00e9s de todo el proceso, desde el R&amp;D, la producci\u00f3n hasta el transporte y el servicio al cliente, y sigue estrictamente el 8D procedimiento de resoluci\u00f3n de problemas para investigar desviaciones y cumple plenamente con los requisitos de la Uni\u00f3n Europea, garantizando el suministro de productos y servicios de alta calidad.<\/p>\n<h2><span style=\"font-size: 14pt;\">Embalaje y almacenamiento<\/span><\/h2>\n<p>Los productos se envasan al vac\u00edo y se protegen con cajas especiales durante el transporte para garantizar un transporte seguro.<\/p>\n<p><strong>Los objetivos de \u00f3xido de holmio<\/strong> deben sellarse y almacenarse en un ambiente seco y fresco, evitando el contacto con el aire, la humedad y las sustancias corrosivas, con la temperatura controlada a temperatura ambiente y la humedad \u2264 40% HR para evitar el deterioro oxidativo.<\/p>\n","protected":false},"excerpt":{"rendered":"<p><strong>El objetivo de pulverizaci\u00f3n cat\u00f3dica <span style=\"color: #0000ff;\"><a style=\"color: #0000ff;\" href=\"https:\/\/vimaterial.de\/es\/product\/oxido-de-holmio-2\/\">de \u00f3xido de holmio<\/a><\/span><\/strong> es un tipo de material clave utilizado en la pulverizaci\u00f3n cat\u00f3dica de magnetr\u00f3n y otras tecnolog\u00edas de recubrimiento, que est\u00e1 hecho de \u00f3xido de holmio como ingrediente principal a trav\u00e9s de una tecnolog\u00eda de procesamiento especial para depositar una pel\u00edcula delgada de \u00f3xido de holmio en el sustrato, y es ampliamente utilizado en los campos de \u00f3ptica, electr\u00f3nica, nueva energ\u00eda y otros materiales clave.<\/p>\n<p>VIMATERIAL apoya la personalizaci\u00f3n y la investigaci\u00f3n de productos, <span style=\"color: #0000ff;\"><a style=\"color: #0000ff;\" href=\"https:\/\/vimaterial.de\/es\/contacto\/\">cont\u00e1ctenos<\/a> <\/span>si lo necesita.<\/p>\n","protected":false},"featured_media":1034384,"comment_status":"open","ping_status":"closed","template":"","meta":{"_acf_changed":false},"product_brand":[],"product_cat":[178],"product_tag":[],"class_list":{"0":"post-1029332","1":"product","2":"type-product","3":"status-publish","4":"has-post-thumbnail","6":"product_cat-catodos-para-sputtering-planar","8":"first","9":"instock","10":"shipping-taxable","11":"product-type-variable"},"acf":[],"_links":{"self":[{"href":"https:\/\/vimaterial.de\/es\/wp-json\/wp\/v2\/product\/1029332","targetHints":{"allow":["GET"]}}],"collection":[{"href":"https:\/\/vimaterial.de\/es\/wp-json\/wp\/v2\/product"}],"about":[{"href":"https:\/\/vimaterial.de\/es\/wp-json\/wp\/v2\/types\/product"}],"replies":[{"embeddable":true,"href":"https:\/\/vimaterial.de\/es\/wp-json\/wp\/v2\/comments?post=1029332"}],"wp:featuredmedia":[{"embeddable":true,"href":"https:\/\/vimaterial.de\/es\/wp-json\/wp\/v2\/media\/1034384"}],"wp:attachment":[{"href":"https:\/\/vimaterial.de\/es\/wp-json\/wp\/v2\/media?parent=1029332"}],"wp:term":[{"taxonomy":"product_brand","embeddable":true,"href":"https:\/\/vimaterial.de\/es\/wp-json\/wp\/v2\/product_brand?post=1029332"},{"taxonomy":"product_cat","embeddable":true,"href":"https:\/\/vimaterial.de\/es\/wp-json\/wp\/v2\/product_cat?post=1029332"},{"taxonomy":"product_tag","embeddable":true,"href":"https:\/\/vimaterial.de\/es\/wp-json\/wp\/v2\/product_tag?post=1029332"}],"curies":[{"name":"wp","href":"https:\/\/api.w.org\/{rel}","templated":true}]}}