{"id":1029303,"date":"2024-06-17T16:16:12","date_gmt":"2024-06-17T08:16:12","guid":{"rendered":"https:\/\/vimaterial.de\/product\/fluoruro-de-holmio-dfm-2\/"},"modified":"2025-07-03T17:49:03","modified_gmt":"2025-07-03T09:49:03","slug":"fluoruro-de-holmio-dfm-2","status":"publish","type":"product","link":"https:\/\/vimaterial.de\/es\/product\/fluoruro-de-holmio-dfm-2\/","title":{"rendered":"Fluoruro de holmio (DFM)"},"content":{"rendered":"<p><span style=\"color: #0000ff;\"><a style=\"color: #0000ff;\" href=\"https:\/\/vimaterial.de\/es\/product\/fluoruro-de-holmio-dfm\/\"><strong>El polvo de fluoruro de holmio<\/strong> <\/a><\/span>es un material inorg\u00e1nico de color blanco a amarillo claro con excelentes propiedades \u00f3pticas y magn\u00e9ticas, que se usa ampliamente en vidrio de tierras raras, cristal l\u00e1ser, recubrimiento \u00f3ptico y materiales magn\u00e9ticos.<\/p>\n<p>VIMATERIAL apoya la personalizaci\u00f3n, <span style=\"color: #0000ff;\"><a style=\"color: #0000ff;\" href=\"https:\/\/vimaterial.de\/es\/contacto\/\">cont\u00e1ctenos<\/a><\/span>.<\/p>\n<h2><span style=\"font-size: 14pt;\">Propiedades del fluoruro de holmio<\/span><\/h2>\n<p>F\u00f3rmula molecular: HoF\u2083<\/p>\n<p>Peso molecular: 221,93 g\/mol<\/p>\n<p>N\u00ba CAS: 13760-78-6<\/p>\n<p>Aspecto: Polvo de color blanco a amarillo claro<\/p>\n<p>Densidad: aprox. 7,64 g\/cm\u00b3<\/p>\n<p>Punto de fusi\u00f3n: 1143\u00b0C<\/p>\n<p>Punto de ebullici\u00f3n: alrededor de 2200 \u00b0C (puede descomponerse a alta temperatura)<\/p>\n<p>Estructura cristalina: Sistema cristalino hexagonal<\/p>\n<p>Solubilidad: insoluble en agua, soluble en \u00e1cido concentrado caliente<\/p>\n<h2><span style=\"font-size: 14pt;\">Aplicaciones del fluoruro de holmio<\/span><\/h2>\n<p>Recubrimiento \u00f3ptico: El <strong>fluoruro de holmio<\/strong> se puede utilizar en la preparaci\u00f3n de pel\u00edculas \u00f3pticas para mejorar el rendimiento de los componentes \u00f3pticos, como mejorar la reflectividad y la transmitancia, etc. Se utiliza en instrumentos \u00f3pticos y lentes de gafas.<\/p>\n<p>Dopaje de fibra \u00f3ptica: el <strong>fluoruro de holmio<\/strong> se puede dopar en fibra \u00f3ptica para mejorar el rendimiento \u00f3ptico de la fibra \u00f3ptica, como mejorar la capacidad de transmisi\u00f3n de se\u00f1ales \u00f3pticas y la capacidad antiinterferente, que es de gran importancia para el desarrollo de la red de comunicaci\u00f3n de alta velocidad.<\/p>\n<p>Cristales l\u00e1ser: Los cristales l\u00e1ser dopados con holmio se pueden utilizar como dopantes para la fabricaci\u00f3n de cristales l\u00e1ser, como los cristales l\u00e1ser dopados con holmio, que se pueden utilizar en la tecnolog\u00eda l\u00e1ser, que tiene una amplia gama de aplicaciones en el campo del procesamiento m\u00e9dico e industrial.<\/p>\n<p>Material semiconductor: se puede utilizar como dopante de materiales semiconductores para cambiar las propiedades el\u00e9ctricas de los semiconductores y se utiliza en la fabricaci\u00f3n de equipos electr\u00f3nicos.<\/p>\n<h2><span style=\"font-size: 14pt;\">Control de calidad<\/span><\/h2>\n<p><span style=\"color: #0000ff;\"><a style=\"color: #0000ff;\" href=\"https:\/\/vimaterial.de\/es\/control-de-calidad\/\">VIMATERIAL<\/a><\/span> ejecuta estrictamente todo el sistema de control de calidad del proceso, se adhiere al principio de retrabajo y rehacer para productos defectuosos, y cada lote de productos pasa la prueba de especificaci\u00f3n detallada antes del lanzamiento. Cumplimos plenamente con las regulaciones REACH y las normas ASTM para garantizar la consistencia de los lotes y establecemos un sistema completo de trazabilidad de documentos para construir una cadena de suministro responsable.<\/p>\n<h2><span style=\"font-size: 14pt;\">Embalaje y almacenamiento<\/span><\/h2>\n<p><strong>El polvo de fluoruro de holmio<\/strong> se empaqueta en botellas de vac\u00edo de doble capa, la capacidad se puede personalizar de acuerdo con los requisitos del cliente y el paquete completo se coloca en cajas de cart\u00f3n personalizadas para garantizar un transporte seguro.<\/p>\n<p><strong>El polvo de fluoruro de holmio<\/strong> debe estar estrictamente sellado, protegido de la luz y almacenado en un ambiente seco para evitar la absorci\u00f3n de humedad y la oxidaci\u00f3n.<\/p>\n","protected":false},"excerpt":{"rendered":"<p><span style=\"color: #0000ff;\"><a style=\"color: #0000ff;\" href=\"https:\/\/vimaterial.de\/es\/product\/fluoruro-de-holmio-dfm\/\"><strong>Fluoruro de holmio<\/strong> <\/a><\/span>El polvo es un material inorg\u00e1nico de color blanco a amarillo claro con excelentes propiedades \u00f3pticas y magn\u00e9ticas, que se usa ampliamente en vidrio de tierras raras, cristal l\u00e1ser, recubrimiento \u00f3ptico y materiales magn\u00e9ticos.<\/p>\n<p>VIMATERIAL apoya la personalizaci\u00f3n, <span style=\"color: #0000ff;\"><a style=\"color: #0000ff;\" href=\"https:\/\/vimaterial.de\/es\/contacto\/\">cont\u00e1ctenos<\/a><\/span>.<\/p>\n","protected":false},"featured_media":1034404,"comment_status":"open","ping_status":"closed","template":"","meta":{"_acf_changed":false},"product_brand":[],"product_cat":[184],"product_tag":[],"class_list":{"0":"post-1029303","1":"product","2":"type-product","3":"status-publish","4":"has-post-thumbnail","6":"product_cat-materiales-de-tierras-raras","8":"first","9":"instock","10":"shipping-taxable","11":"purchasable","12":"product-type-variable"},"acf":[],"_links":{"self":[{"href":"https:\/\/vimaterial.de\/es\/wp-json\/wp\/v2\/product\/1029303","targetHints":{"allow":["GET"]}}],"collection":[{"href":"https:\/\/vimaterial.de\/es\/wp-json\/wp\/v2\/product"}],"about":[{"href":"https:\/\/vimaterial.de\/es\/wp-json\/wp\/v2\/types\/product"}],"replies":[{"embeddable":true,"href":"https:\/\/vimaterial.de\/es\/wp-json\/wp\/v2\/comments?post=1029303"}],"wp:featuredmedia":[{"embeddable":true,"href":"https:\/\/vimaterial.de\/es\/wp-json\/wp\/v2\/media\/1034404"}],"wp:attachment":[{"href":"https:\/\/vimaterial.de\/es\/wp-json\/wp\/v2\/media?parent=1029303"}],"wp:term":[{"taxonomy":"product_brand","embeddable":true,"href":"https:\/\/vimaterial.de\/es\/wp-json\/wp\/v2\/product_brand?post=1029303"},{"taxonomy":"product_cat","embeddable":true,"href":"https:\/\/vimaterial.de\/es\/wp-json\/wp\/v2\/product_cat?post=1029303"},{"taxonomy":"product_tag","embeddable":true,"href":"https:\/\/vimaterial.de\/es\/wp-json\/wp\/v2\/product_tag?post=1029303"}],"curies":[{"name":"wp","href":"https:\/\/api.w.org\/{rel}","templated":true}]}}