{"id":1029297,"date":"2024-06-17T16:16:12","date_gmt":"2024-06-17T08:16:12","guid":{"rendered":"https:\/\/vimaterial.de\/product\/fluoruro-de-holmio-dfm\/"},"modified":"2025-07-03T17:20:35","modified_gmt":"2025-07-03T09:20:35","slug":"fluoruro-de-holmio-dfm","status":"publish","type":"product","link":"https:\/\/vimaterial.de\/es\/product\/fluoruro-de-holmio-dfm\/","title":{"rendered":"Fluoruro de holmio (DFM)"},"content":{"rendered":"<p>Los gr\u00e1nulos <span style=\"color: #0000ff;\"><a style=\"color: #0000ff;\" href=\"https:\/\/vimaterial.de\/es\/product\/fluoruro-de-holmio-dfm-2\/\"><strong>de fluoruro de holmio<\/strong> <\/a><\/span>(DFM) son un tipo de part\u00edculas de fluoruro de tierras raras en forma de s\u00f3lido amarillo, con tipos de cristal hexagonal y ortorr\u00f3mbico, alta densidad, punto de fusi\u00f3n de 1143 \u00b0C, punto de ebullici\u00f3n de 2200 \u00b0C, insoluble en agua y \u00e1cido diluido, estable a temperatura ambiente y presi\u00f3n normal, y se puede utilizar en los campos de recubrimientos \u00f3pticos, dopaje de fibra \u00f3ptica, cristales l\u00e1ser, etc.<\/p>\n<p>VIMATERIAL acepta la personalizaci\u00f3n y el desarrollo de productos, <span style=\"color: #0000ff;\"><a style=\"color: #0000ff;\" href=\"https:\/\/vimaterial.de\/es\/contacto\/\">cont\u00e1ctenos<\/a><\/span>.<\/p>\n<h2><span style=\"font-size: 14pt;\">Propiedades del fluoruro de holmio<\/span><\/h2>\n<p>F\u00f3rmula molecular : HoF\u2083<\/p>\n<p>Peso molecular: 221,93 g\/mol<\/p>\n<p>Aspecto: Part\u00edculas de color blanco a amarillo claro<\/p>\n<p>Densidad: aprox. 7,64 g\/cm\u00b3<\/p>\n<p>Punto de fusi\u00f3n: alrededor de 1143 \u00b0C<\/p>\n<p>Estructura cristalina: Sistema cristalino hexagonal (grupo espacial: P6\u2083\/cm)<\/p>\n<p>Solubilidad: insoluble en agua, soluble en \u00e1cidos fuertes<\/p>\n<h2><span style=\"font-size: 14pt;\">Aplicaci\u00f3n de fluoruro de holmio<\/span><\/h2>\n<p>Recubrimiento \u00f3ptico: el <strong>fluoruro de holmio<\/strong> se puede utilizar en la preparaci\u00f3n de pel\u00edculas \u00f3pticas, lo que puede mejorar el rendimiento de los componentes \u00f3pticos, como aumentar la reflectividad y la transmitancia, etc. Se utiliza en instrumentos \u00f3pticos y lentes de gafas.<\/p>\n<p>Dopaje de fibra \u00f3ptica: el <strong>fluoruro de holmio<\/strong> se puede utilizar para mejorar las propiedades \u00f3pticas de las fibras \u00f3pticas, como mejorar la transmisi\u00f3n de se\u00f1ales \u00f3pticas y la capacidad antiinterferente, que es de gran importancia para el desarrollo de redes de comunicaci\u00f3n de alta velocidad.<\/p>\n<p>Cristales l\u00e1ser: <strong>El fluoruro de holmio<\/strong> es un dopante para los cristales l\u00e1ser, como los cristales l\u00e1ser dopados con holmio, que se pueden utilizar en la tecnolog\u00eda l\u00e1ser y tienen una amplia gama de aplicaciones en los campos de procesamiento m\u00e9dico e industrial.<\/p>\n<p>Materiales semiconductores: El <strong>fluoruro de holmio<\/strong> se puede utilizar como dopante en materiales semiconductores para cambiar las propiedades el\u00e9ctricas de los semiconductores, que se pueden utilizar en la fabricaci\u00f3n de dispositivos electr\u00f3nicos.<\/p>\n<h2><span style=\"font-size: 14pt;\">Control de calidad<\/span><\/h2>\n<p><span style=\"color: #0000ff;\"><a style=\"color: #0000ff;\" href=\"https:\/\/vimaterial.de\/es\/control-de-calidad\/\">Cada lote<\/a> <\/span>de productos sigue un estricto proceso de control de calidad, todo el proceso se puede realizar a lo largo de la trazabilidad, los productos desde las materias primas hasta los productos terminados, se utilizan en pruebas de inspecci\u00f3n de calidad de m\u00faltiples capas, garantizan estrictamente la calidad y la consistencia de los productos.<\/p>\n<h2><span style=\"font-size: 14pt;\">Embalaje y almacenamiento<\/span><\/h2>\n<p>Los gr\u00e1nulos <strong>de fluoruro de holmio<\/strong> se empaquetan en botellas de doble vac\u00edo y se colocan en cajas de cart\u00f3n especiales para un transporte seguro. La capacidad se puede dispensar de acuerdo con los requisitos del cliente.<\/p>\n<p>Los gr\u00e1nulos <strong>de fluoruro de holmio<\/strong> deben sellarse y almacenarse en un ambiente seco para evitar la humedad y la oxidaci\u00f3n, se recomienda el envasado al vac\u00edo, envasarlo al vac\u00edo inmediatamente despu\u00e9s de su uso.<\/p>\n","protected":false},"excerpt":{"rendered":"<p>Los gr\u00e1nulos <span style=\"color: #0000ff;\"><a style=\"color: #0000ff;\" href=\"https:\/\/vimaterial.de\/es\/product\/fluoruro-de-holmio-dfm-2\/\"><strong>de fluoruro de holmio<\/strong> <\/a><\/span>(DFM) son un tipo de part\u00edculas de fluoruro de tierras raras en forma de s\u00f3lido amarillo, con tipos de cristal hexagonal y ortorr\u00f3mbico, alta densidad, punto de fusi\u00f3n de 1143 \u00b0C, punto de ebullici\u00f3n de 2200 \u00b0C, insoluble en agua y \u00e1cido diluido, estable a temperatura ambiente y presi\u00f3n normal, y se puede utilizar en los campos de recubrimientos \u00f3pticos, dopaje de fibra \u00f3ptica, cristales l\u00e1ser, etc.<\/p>\n<p>VIMATERIAL acepta la personalizaci\u00f3n y el desarrollo de productos, <span style=\"color: #0000ff;\"><a style=\"color: #0000ff;\" href=\"https:\/\/vimaterial.de\/es\/contacto\/\">cont\u00e1ctenos<\/a><\/span>.<\/p>\n","protected":false},"featured_media":1034399,"comment_status":"open","ping_status":"closed","template":"","meta":{"_acf_changed":false},"product_brand":[],"product_cat":[179],"product_tag":[],"class_list":{"0":"post-1029297","1":"product","2":"type-product","3":"status-publish","4":"has-post-thumbnail","6":"product_cat-materiales-de-evaporacion","8":"first","9":"instock","10":"shipping-taxable","11":"product-type-variable"},"acf":[],"_links":{"self":[{"href":"https:\/\/vimaterial.de\/es\/wp-json\/wp\/v2\/product\/1029297","targetHints":{"allow":["GET"]}}],"collection":[{"href":"https:\/\/vimaterial.de\/es\/wp-json\/wp\/v2\/product"}],"about":[{"href":"https:\/\/vimaterial.de\/es\/wp-json\/wp\/v2\/types\/product"}],"replies":[{"embeddable":true,"href":"https:\/\/vimaterial.de\/es\/wp-json\/wp\/v2\/comments?post=1029297"}],"wp:featuredmedia":[{"embeddable":true,"href":"https:\/\/vimaterial.de\/es\/wp-json\/wp\/v2\/media\/1034399"}],"wp:attachment":[{"href":"https:\/\/vimaterial.de\/es\/wp-json\/wp\/v2\/media?parent=1029297"}],"wp:term":[{"taxonomy":"product_brand","embeddable":true,"href":"https:\/\/vimaterial.de\/es\/wp-json\/wp\/v2\/product_brand?post=1029297"},{"taxonomy":"product_cat","embeddable":true,"href":"https:\/\/vimaterial.de\/es\/wp-json\/wp\/v2\/product_cat?post=1029297"},{"taxonomy":"product_tag","embeddable":true,"href":"https:\/\/vimaterial.de\/es\/wp-json\/wp\/v2\/product_tag?post=1029297"}],"curies":[{"name":"wp","href":"https:\/\/api.w.org\/{rel}","templated":true}]}}