{"id":1029289,"date":"2024-06-17T16:16:13","date_gmt":"2024-06-17T08:16:13","guid":{"rendered":"https:\/\/vimaterial.de\/product\/erbio-metalico-5\/"},"modified":"2025-06-17T17:55:08","modified_gmt":"2025-06-17T09:55:08","slug":"erbio-metalico-5","status":"publish","type":"product","link":"https:\/\/vimaterial.de\/es\/product\/erbio-metalico-5\/","title":{"rendered":"Metal de erbio"},"content":{"rendered":"<p>Los gr\u00e1nulos de <span style=\"color: #0000ff;\"><a style=\"color: #0000ff;\" href=\"https:\/\/vimaterial.de\/es\/product\/erbio-metalico-4\/\"><strong>metal de erbio<\/strong><\/a><\/span> son un tipo de material met\u00e1lico que es f\u00e1cil de oxidar en el aire y tiene un brillo met\u00e1lico blanco plateado en la fractura, y se puede procesar en diferentes especificaciones de acuerdo con los requisitos, que se usa com\u00fanmente en los campos de la industria de la energ\u00eda at\u00f3mica, la industria electr\u00f3nica, los aditivos de metales no ferrosos y los materiales de aleaci\u00f3n de alta tecnolog\u00eda.<\/p>\n<p>Los gr\u00e1nulos de <strong>erbio<\/strong> de VIMATERIAL tienen una alta pureza, un tama\u00f1o de part\u00edcula uniforme y altas<span style=\"color: #0000ff;\"><a style=\"color: #0000ff;\" href=\"https:\/\/vimaterial.de\/es\/contacto\/\"> densidades de producto.<\/a><\/span><\/p>\n<h2><span style=\"font-size: 14pt;\">Caracter\u00edsticas del <strong>metal de erbio<\/strong><\/span><\/h2>\n<p>F\u00f3rmula qu\u00edmica: Er<\/p>\n<p>Peso molecular: 167.26<\/p>\n<p>Aspecto: part\u00edculas met\u00e1licas de color gris plateado<\/p>\n<p>Densidad: aprox. 9.006 g\/cm\u00b3<\/p>\n<p>Punto de fusi\u00f3n: alrededor de 1529 \u00b0C<\/p>\n<p>Punto de ebullici\u00f3n: aprox. 2863 \u00b0C<\/p>\n<p>Estructura cristalina: Hexagonal Close Packed (HCP)<\/p>\n<h2><span style=\"font-size: 14pt;\">Aplicaciones <\/span><span style=\"font-size: 14pt;\">del <strong>metal de erbio<\/strong><\/span><\/h2>\n<p>Comunicaci\u00f3n por fibra \u00f3ptica: se utiliza en la fabricaci\u00f3n de un amplificador de fibra \u00f3ptica dopado con erbio, que es un importante amplificador de se\u00f1al \u00f3ptica en la comunicaci\u00f3n por fibra \u00f3ptica, capaz de hacer que la se\u00f1al \u00f3ptica mantenga su intensidad durante la transmisi\u00f3n a larga distancia, y desempe\u00f1a un papel clave en la comunicaci\u00f3n moderna de fibra \u00f3ptica a larga distancia, de gran capacidad y alta velocidad.<\/p>\n<p>Materiales l\u00e1ser: se pueden utilizar como materiales l\u00e1ser, como el l\u00e1ser de granate de erbio itrio y aluminio (Er: YAG) en el tratamiento cl\u00ednico es ampliamente utilizado en la piel, la cavidad oral y la ginecolog\u00eda y otros campos de tratamiento, como el tratamiento de tumores de conductos sudor\u00edparos, la prevenci\u00f3n de caries secundarias y llevar a cabo algunas cirug\u00edas m\u00ednimamente invasivas.<\/p>\n<p>Aleaci\u00f3n: Los gr\u00e1nulos de <strong>metal de erbio<\/strong> pueden formar aleaciones con vanadio y otros metales para mejorar la maquinabilidad y la ductilidad del metal objetivo.<\/p>\n<p>Cer\u00e1mica y vidrio: Los \u00f3xidos de erbio se pueden agregar al vidrio y la cer\u00e1mica para darles un color rosado, que se puede utilizar para hacer esmaltes para cer\u00e1mica, gafas de sol y joyas baratas.<\/p>\n<div class=\"elementor-element elementor-element-72e7750 animated-slow elementor-widget elementor-widget-heading animated fadeIn\" data-id=\"72e7750\" data-element_type=\"widget\" data-settings=\"{\" data-widget_type=\"heading.default\">\n<div class=\"elementor-widget-container\">\n<h2 class=\"elementor-heading-title elementor-size-default\"><span style=\"font-size: 14pt;\">Control de calidad<\/span><\/h2>\n<\/div>\n<\/div>\n<p class=\"ds-markdown-paragraph\"><span style=\"color: #0000ff;\"><a style=\"color: #0000ff;\" href=\"https:\/\/vimaterial.de\/es\/control-de-calidad\/\">Nuestros productos<\/a> <\/span>cumplen con todas las normas ASTM y espec\u00edficas de la industria. VIMATERIAL se compromete a realizar el mayor control de calidad posible y a mantener la coherencia entre lotes.<\/p>\n<h2><span style=\"font-size: 14pt;\">Embalaje y almacenamiento<\/span><\/h2>\n<p>Los gr\u00e1nulos <strong>de metal de erbio<\/strong> se embotellan despu\u00e9s de ser empacados en bolsas de vac\u00edo dobles y se colocan en cajas de cart\u00f3n especiales para garantizar un transporte seguro.<\/p>\n<p>Los gr\u00e1nulos de erbio se mantienen en el ambiente con una temperatura ambiente de 15-25 \u00b0C y una humedad \u226445%, el envasado al vac\u00edo se utiliza para evitar el contacto con el aire.<\/p>\n","protected":false},"excerpt":{"rendered":"<p>Los gr\u00e1nulos de <span style=\"color: #0000ff;\"><a style=\"color: #0000ff;\" href=\"https:\/\/vimaterial.de\/es\/product\/erbio-metalico-4\/\"><strong>metal de erbio<\/strong><\/a><\/span> son un tipo de material met\u00e1lico que es f\u00e1cil de oxidar en el aire y tiene un brillo met\u00e1lico blanco plateado en la fractura, y se puede procesar en diferentes especificaciones de acuerdo con los requisitos, que se usa com\u00fanmente en los campos de la industria de la energ\u00eda at\u00f3mica, la industria electr\u00f3nica, los aditivos de metales no ferrosos y los materiales de aleaci\u00f3n de alta tecnolog\u00eda.<\/p>\n<p>Los gr\u00e1nulos de <strong>erbio<\/strong> de VIMATERIAL tienen una alta pureza, un tama\u00f1o de part\u00edcula uniforme y altas<span style=\"color: #0000ff;\"><a style=\"color: #0000ff;\" href=\"https:\/\/vimaterial.de\/es\/contacto\/\"> densidades de producto.<\/a><\/span><\/p>\n","protected":false},"featured_media":1034414,"comment_status":"open","ping_status":"closed","template":"","meta":{"_acf_changed":false},"product_brand":[],"product_cat":[179],"product_tag":[],"class_list":{"0":"post-1029289","1":"product","2":"type-product","3":"status-publish","4":"has-post-thumbnail","6":"product_cat-materiales-de-evaporacion","8":"first","9":"instock","10":"shipping-taxable","11":"purchasable","12":"product-type-variable"},"acf":[],"_links":{"self":[{"href":"https:\/\/vimaterial.de\/es\/wp-json\/wp\/v2\/product\/1029289","targetHints":{"allow":["GET"]}}],"collection":[{"href":"https:\/\/vimaterial.de\/es\/wp-json\/wp\/v2\/product"}],"about":[{"href":"https:\/\/vimaterial.de\/es\/wp-json\/wp\/v2\/types\/product"}],"replies":[{"embeddable":true,"href":"https:\/\/vimaterial.de\/es\/wp-json\/wp\/v2\/comments?post=1029289"}],"wp:featuredmedia":[{"embeddable":true,"href":"https:\/\/vimaterial.de\/es\/wp-json\/wp\/v2\/media\/1034414"}],"wp:attachment":[{"href":"https:\/\/vimaterial.de\/es\/wp-json\/wp\/v2\/media?parent=1029289"}],"wp:term":[{"taxonomy":"product_brand","embeddable":true,"href":"https:\/\/vimaterial.de\/es\/wp-json\/wp\/v2\/product_brand?post=1029289"},{"taxonomy":"product_cat","embeddable":true,"href":"https:\/\/vimaterial.de\/es\/wp-json\/wp\/v2\/product_cat?post=1029289"},{"taxonomy":"product_tag","embeddable":true,"href":"https:\/\/vimaterial.de\/es\/wp-json\/wp\/v2\/product_tag?post=1029289"}],"curies":[{"name":"wp","href":"https:\/\/api.w.org\/{rel}","templated":true}]}}