{"id":1029285,"date":"2024-06-17T16:16:13","date_gmt":"2024-06-17T08:16:13","guid":{"rendered":"https:\/\/vimaterial.de\/product\/fosfato-de-holmio\/"},"modified":"2025-06-17T17:32:21","modified_gmt":"2025-06-17T09:32:21","slug":"fosfato-de-holmio","status":"publish","type":"product","link":"https:\/\/vimaterial.de\/es\/product\/fosfato-de-holmio\/","title":{"rendered":"Fosfato de holmio"},"content":{"rendered":"<p><strong>El polvo de fosfato de holmio<\/strong> es un compuesto de tierras raras formado por la combinaci\u00f3n de holmio y fosfato, generalmente en forma de polvo, con aplicaciones potenciales en ciencia de materiales, cat\u00e1lisis y otros campos.<\/p>\n<p>VIMATERIAL <strong>Fosfato de Holmio<\/strong>e Polvo tiene alta pureza, bajas impurezas e informes completos de inspecci\u00f3n del producto, venga y <span style=\"color: #0000ff;\"><a style=\"color: #0000ff;\" href=\"https:\/\/vimaterial.de\/es\/contacto\/\">cont\u00e1ctenos<\/a><\/span> para obtener los informes relevantes.<\/p>\n<h2><span style=\"font-size: 14pt;\">Caracter\u00edsticas del fosfato de holmio<\/span><\/h2>\n<p>F\u00f3rmula qu\u00edmica: HoPO\u2084<\/p>\n<p>Peso molecular: 259.90<\/p>\n<p>Aspecto: Polvo cristalino de color blanco a blanquecino, estable en el aire.<\/p>\n<p>Densidad: aprox. 5,3 g\/cm\u00b3<\/p>\n<p>Punto de fusi\u00f3n: aprox. 2070 \u00b0C (descomposici\u00f3n)<\/p>\n<p>Estructura cristalina: Monocl\u00ednica, grupo espacial P2\u2081\/n<\/p>\n<h2><span style=\"font-size: 14pt;\">Aplicaciones del <\/span><span style=\"font-size: 14pt;\">fosfato de holmio<\/span><\/h2>\n<p>Materiales l\u00e1ser: Los iones de holmio tienen importantes aplicaciones en el campo de los l\u00e1seres. Se puede utilizar como matriz o dopante en materiales l\u00e1ser para la fabricaci\u00f3n de l\u00e1seres de estado s\u00f3lido.<\/p>\n<p>Materiales luminiscentes: Debido a la estructura electr\u00f3nica especial de los iones de holmio, pueden emitir longitudes de onda espec\u00edficas de luz cuando se excitan y, por lo tanto, se pueden utilizar como materiales luminiscentes.<\/p>\n<p>Materiales magn\u00e9ticos: Se puede utilizar para la preparaci\u00f3n de materiales magn\u00e9ticos. Los iones de holmio tienen ciertas propiedades magn\u00e9ticas debido a sus electrones desapareados. En la preparaci\u00f3n de algunos materiales magn\u00e9ticos, el <strong>fosfato de holmio<\/strong> se puede utilizar como fuente de iones magn\u00e9ticos para impartir propiedades magn\u00e9ticas a los materiales, que se pueden utilizar en almacenamiento magn\u00e9tico, sensores magn\u00e9ticos y otros campos.<\/p>\n<h2><span style=\"font-size: 14pt;\">Control de calidad<\/span><\/h2>\n<p><span style=\"color: #0000ff;\"><a style=\"color: #0000ff;\" href=\"https:\/\/vimaterial.de\/es\/control-de-calidad\/\">VIMATERIAL<\/a> <\/span>construye una cadena de suministro objetivo socialmente responsable a trav\u00e9s de toda la cadena de control de calidad triple (R&amp;D \/ Producci\u00f3n \/ Entrega), el 8D obligatorio el mecanismo de rastreo de problemas y el sistema de certificaci\u00f3n dual REACH-ASTM para garantizar la variaci\u00f3n cero de los lotes y la trazabilidad del ciclo completo.<\/p>\n<h2><span style=\"font-size: 14pt;\">Embalaje y almacenamiento<\/span><\/h2>\n<p><strong>El polvo de fosfuro de holmio<\/strong> en peque\u00f1as cantidades se envasa en una botella seguida de una bolsa de vac\u00edo y se envasa en una caja de cart\u00f3n exterior. Grandes cantidades se envasan al vac\u00edo en bolsas de papel de aluminio y se colocan en barriles especiales.<\/p>\n<p><strong>El polvo de fosfuro de holmio<\/strong> debe almacenarse a menos de 10-30 \u00b0C, \u226430% de humedad y empacar al vac\u00edo bajo el ambiente para evitar la luz.<\/p>\n","protected":false},"excerpt":{"rendered":"<p><strong>El polvo de fosfato de holmio<\/strong> es un compuesto de tierras raras formado por la combinaci\u00f3n de holmio y fosfato, generalmente en forma de polvo, con aplicaciones potenciales en ciencia de materiales, cat\u00e1lisis y otros campos.<\/p>\n<p>VIMATERIAL <strong>Fosfato de Holmio<\/strong>e Polvo tiene alta pureza, bajas impurezas e informes completos de inspecci\u00f3n del producto, venga y <span style=\"color: #0000ff;\"><a style=\"color: #0000ff;\" href=\"https:\/\/vimaterial.de\/es\/contacto\/\">cont\u00e1ctenos<\/a><\/span> para obtener los informes relevantes.<\/p>\n","protected":false},"featured_media":1034409,"comment_status":"open","ping_status":"closed","template":"","meta":{"_acf_changed":false},"product_brand":[],"product_cat":[164],"product_tag":[],"class_list":{"0":"post-1029285","1":"product","2":"type-product","3":"status-publish","4":"has-post-thumbnail","6":"product_cat-sin-categoria","8":"first","9":"instock","10":"shipping-taxable","11":"product-type-variable"},"acf":[],"_links":{"self":[{"href":"https:\/\/vimaterial.de\/es\/wp-json\/wp\/v2\/product\/1029285","targetHints":{"allow":["GET"]}}],"collection":[{"href":"https:\/\/vimaterial.de\/es\/wp-json\/wp\/v2\/product"}],"about":[{"href":"https:\/\/vimaterial.de\/es\/wp-json\/wp\/v2\/types\/product"}],"replies":[{"embeddable":true,"href":"https:\/\/vimaterial.de\/es\/wp-json\/wp\/v2\/comments?post=1029285"}],"wp:featuredmedia":[{"embeddable":true,"href":"https:\/\/vimaterial.de\/es\/wp-json\/wp\/v2\/media\/1034409"}],"wp:attachment":[{"href":"https:\/\/vimaterial.de\/es\/wp-json\/wp\/v2\/media?parent=1029285"}],"wp:term":[{"taxonomy":"product_brand","embeddable":true,"href":"https:\/\/vimaterial.de\/es\/wp-json\/wp\/v2\/product_brand?post=1029285"},{"taxonomy":"product_cat","embeddable":true,"href":"https:\/\/vimaterial.de\/es\/wp-json\/wp\/v2\/product_cat?post=1029285"},{"taxonomy":"product_tag","embeddable":true,"href":"https:\/\/vimaterial.de\/es\/wp-json\/wp\/v2\/product_tag?post=1029285"}],"curies":[{"name":"wp","href":"https:\/\/api.w.org\/{rel}","templated":true}]}}