{"id":1029272,"date":"2024-06-17T16:16:13","date_gmt":"2024-06-17T08:16:13","guid":{"rendered":"https:\/\/vimaterial.de\/product\/erbio-metalico-4\/"},"modified":"2025-06-26T17:06:24","modified_gmt":"2025-06-26T09:06:24","slug":"erbio-metalico-4","status":"publish","type":"product","link":"https:\/\/vimaterial.de\/es\/product\/erbio-metalico-4\/","title":{"rendered":"Metal de erbio"},"content":{"rendered":"<p><span style=\"color: #0000ff;\"><a style=\"color: #0000ff;\" href=\"https:\/\/vimaterial.de\/es\/product\/erbio-metalico-5\/\">El polvo metal de erbio<\/a> <\/span>es un polvo de color negro gris\u00e1ceo, suave, qu\u00edmicamente activo, f\u00e1cil de oxidar, el componente principal del material en polvo de erbio (Er), generalmente envases de vac\u00edo o gas inerte, se puede procesar en diferentes tama\u00f1os de part\u00edculas, en pulvimetalurgia, catalizador petroqu\u00edmico, \u00f3ptica y otras aplicaciones importantes.<\/p>\n<p>Los polvos de erbio de VIMATERIAL se caracterizan por su alta pureza, su preciso control del tama\u00f1o de part\u00edcula (micr\u00f3n\/nano ajustable) y su bajo contenido de impurezas, lo que ha dado lugar a excelentes comentarios de los clientes sobre la calidad de los polvos utilizados.<span style=\"color: #0000ff;\"><a style=\"color: #0000ff;\" href=\"https:\/\/vimaterial.de\/es\/contacto\/\">cont\u00e1ctenos.<\/a><\/span><\/p>\n<h2><span style=\"font-size: 14pt;\">Caracter\u00edstica<\/span><\/h2>\n<p>F\u00f3rmula molecular: Er<\/p>\n<p>Peso molecular: 167.26<\/p>\n<p>Aspecto: Polvo met\u00e1lico de color gris plateado, f\u00e1cilmente oxidado en el aire para producir una capa de \u00f3xido de color rosa claro.<\/p>\n<p>Densidad: 9,07 g\/cm\u00b3 (densidad s\u00f3lida a 20\u00b0C).<\/p>\n<p>Punto de fusi\u00f3n: 1529\u00b0C<\/p>\n<p>Punto de ebullici\u00f3n: 2863\u00b0C<\/p>\n<p>Estructura cristalina: Estructura cristalina hexagonal compacta (hcp) a temperatura ambiente, los \u00e1tomos est\u00e1n dispuestos estrechamente, lo que le da al metal ductilidad y cierta resistencia.<\/p>\n<p>Viviabilidad: El polvo met\u00e1lico de erbio es qu\u00edmicamente activo y se oxida f\u00e1cilmente en el aire, form\u00e1ndose r\u00e1pidamente una pel\u00edcula de \u00f3xidos en la superficie, lo que lleva a la necesidad de medidas de protecci\u00f3n especiales durante el almacenamiento y el uso, como el envasado al vac\u00edo o el envasado con gas inerte.<\/p>\n<h2><span style=\"font-size: 14pt;\">Aplicaci\u00f3n<\/span><\/h2>\n<p>Materiales l\u00e1ser: El polvo met\u00e1lico de erbio se puede utilizar para fabricar materiales l\u00e1ser, por ejemplo, en algunos l\u00e1seres espec\u00edficos, la adici\u00f3n de erbio puede ajustar la longitud de onda y el rendimiento del l\u00e1ser, lo que lo hace adecuado para diferentes escenarios de aplicaci\u00f3n l\u00e1ser.<\/p>\n<p>Comunicaci\u00f3n por fibra \u00f3ptica: En la comunicaci\u00f3n por fibra \u00f3ptica, el amplificador de fibra dopada con erbio es un importante dispositivo amplificador de se\u00f1al \u00f3ptica. El polvo met\u00e1lico de erbio se puede utilizar para preparar fibra \u00f3ptica dopada con erbio, que puede hacer que la se\u00f1al \u00f3ptica mantenga su intensidad durante la transmisi\u00f3n a larga distancia, y tiene un papel clave en la comunicaci\u00f3n moderna de fibra \u00f3ptica de larga distancia, gran capacidad y alta velocidad.<\/p>\n<p>Aleaci\u00f3n: El polvo met\u00e1lico de erbio se puede agregar a otros metales como componente de aleaci\u00f3n.<\/p>\n<h2><span style=\"font-size: 14pt;\">Control de calidad<\/span><\/h2>\n<p><span style=\"color: #0000ff;\"><a style=\"color: #0000ff;\" href=\"https:\/\/vimaterial.de\/es\/control-de-calidad\/\">VI HALBLEITERMATERIAL GmbH<\/a> <\/span>(VIMATERIAL) implementa un riguroso sistema de aseguramiento de la calidad, llevando a cabo un estricto control de calidad en toda la cadena de producci\u00f3n, reelaborando los productos defectuosos y liberando cada lote solo despu\u00e9s de pasar pruebas de especificaci\u00f3n detalladas. La empresa se adhiere a los m\u00e1s altos est\u00e1ndares en R&amp;D, producci\u00f3n, env\u00edo y servicio al cliente, investiga desviaciones a trav\u00e9s del 8D cumple con las normas REACH y ASTM, garantiza la consistencia y trazabilidad de los lotes, y se compromete a construir una cadena de suministro socialmente responsable para proteger la salud humana y el medio ambiente.<\/p>\n<h2><span style=\"font-size: 14pt;\">Embalaje y almacenamiento<\/span><\/h2>\n<p>El polvo de erbio se envasa al vac\u00edo en botellas y en cajas de cart\u00f3n.<\/p>\n<p>La condici\u00f3n de almacenamiento del polvo de erbio debe colocarse en un ambiente seco y limpio de 15-30 \u00b0C, humedad \u226460%, lejos de sustancias corrosivas, y el sellado al vac\u00edo debe volver a aplicarse despu\u00e9s de la apertura para evitar la oxidaci\u00f3n.<\/p>\n","protected":false},"excerpt":{"rendered":"<p><span style=\"color: #0000ff;\"><a style=\"color: #0000ff;\" href=\"https:\/\/vimaterial.de\/es\/product\/erbio-metalico-5\/\">El polvo Metal de erbio<\/a>\u00a0<\/span>es un polvo de color negro gris\u00e1ceo, suave, qu\u00edmicamente activo, f\u00e1cil de oxidar, el componente principal del material en polvo de erbio (Er), generalmente envases de vac\u00edo o gas inerte, se puede procesar en diferentes tama\u00f1os de part\u00edculas, en pulvimetalurgia, catalizador petroqu\u00edmico, \u00f3ptica y otras aplicaciones importantes.<\/p>\n<p>Los polvos de erbio de VIMATERIAL se caracterizan por su alta pureza, su preciso control del tama\u00f1o de part\u00edcula (micr\u00f3n\/nano ajustable) y su bajo contenido de impurezas, lo que ha dado lugar a excelentes comentarios de los clientes sobre la calidad de los polvos utilizados. <span style=\"color: #0000ff;\"><a style=\"color: #0000ff;\" href=\"https:\/\/vimaterial.de\/es\/contacto\/\">cont\u00e1ctenos.<\/a><\/span><\/p>\n","protected":false},"featured_media":1034419,"comment_status":"open","ping_status":"closed","template":"","meta":{"_acf_changed":false},"product_brand":[],"product_cat":[164],"product_tag":[],"class_list":{"0":"post-1029272","1":"product","2":"type-product","3":"status-publish","4":"has-post-thumbnail","6":"product_cat-sin-categoria","8":"first","9":"instock","10":"shipping-taxable","11":"purchasable","12":"product-type-variable"},"acf":[],"_links":{"self":[{"href":"https:\/\/vimaterial.de\/es\/wp-json\/wp\/v2\/product\/1029272","targetHints":{"allow":["GET"]}}],"collection":[{"href":"https:\/\/vimaterial.de\/es\/wp-json\/wp\/v2\/product"}],"about":[{"href":"https:\/\/vimaterial.de\/es\/wp-json\/wp\/v2\/types\/product"}],"replies":[{"embeddable":true,"href":"https:\/\/vimaterial.de\/es\/wp-json\/wp\/v2\/comments?post=1029272"}],"wp:featuredmedia":[{"embeddable":true,"href":"https:\/\/vimaterial.de\/es\/wp-json\/wp\/v2\/media\/1034419"}],"wp:attachment":[{"href":"https:\/\/vimaterial.de\/es\/wp-json\/wp\/v2\/media?parent=1029272"}],"wp:term":[{"taxonomy":"product_brand","embeddable":true,"href":"https:\/\/vimaterial.de\/es\/wp-json\/wp\/v2\/product_brand?post=1029272"},{"taxonomy":"product_cat","embeddable":true,"href":"https:\/\/vimaterial.de\/es\/wp-json\/wp\/v2\/product_cat?post=1029272"},{"taxonomy":"product_tag","embeddable":true,"href":"https:\/\/vimaterial.de\/es\/wp-json\/wp\/v2\/product_tag?post=1029272"}],"curies":[{"name":"wp","href":"https:\/\/api.w.org\/{rel}","templated":true}]}}