{"id":1029244,"date":"2024-06-17T16:16:13","date_gmt":"2024-06-17T08:16:13","guid":{"rendered":"https:\/\/vimaterial.de\/product\/erbio-metalico-2\/"},"modified":"2025-06-27T11:08:15","modified_gmt":"2025-06-27T03:08:15","slug":"erbio-metalico-2","status":"publish","type":"product","link":"https:\/\/vimaterial.de\/es\/product\/erbio-metalico-2\/","title":{"rendered":"Metal de erbio"},"content":{"rendered":"<p><span style=\"color: #0000ff;\"><a style=\"color: #0000ff;\" href=\"https:\/\/vimaterial.de\/es\/product\/erbio-metalico-5\/\"><strong>La l\u00e1mina de metal de erbio<\/strong> <span style=\"color: #000000;\">es<\/span><\/a><\/span> un material de l\u00e1mina delgada hecho de metal de erbio con brillo met\u00e1lico, textura suave, propiedades qu\u00edmicas <span style=\"color: #000000;\">activas<\/span> y f\u00e1cil de oxidar, buena ductilidad y espesor fino, que tiene muchas aplicaciones en los campos de \u00f3ptica, electr\u00f3nica y materiales.<\/p>\n<p>VIMATERIAL apoya la personalizaci\u00f3n y la investigaci\u00f3n de productos, \u00a1 <span style=\"color: #0000ff;\"><a style=\"color: #0000ff;\" href=\"https:\/\/vimaterial.de\/es\/contacto\/\">cont\u00e1ctenos<\/a><\/span> si necesita ayuda!<\/p>\n<h2><span style=\"font-size: 14pt;\">Caracter\u00edsticas de <strong>la l\u00e1mina met\u00e1lica de erbio<\/strong><\/span><\/h2>\n<p>F\u00f3rmula molecular: Er<\/p>\n<p>Peso molecular: alrededor de 167.26<\/p>\n<p>Apariencia: Brillo met\u00e1lico blanco plateado, textura suave y lisa, pel\u00edcula de \u00f3xido blanco gris\u00e1ceo f\u00e1cil de generar cuando se expone al aire.<\/p>\n<p>Densidad: 9,07 g\/cm\u00b3<\/p>\n<p>Punto de fusi\u00f3n: 1529\u00b0C<\/p>\n<p>Punto de ebullici\u00f3n: 2863\u00b0C<\/p>\n<p>Estructura cristalina: red hexagonal densa (hcp) a temperatura ambiente, con apilamiento at\u00f3mico cercano, lo que le confiere una buena ductilidad.<\/p>\n<p>Solubilidad: insoluble en agua.<\/p>\n<h2><span style=\"font-size: 14pt;\">Aplicaciones de <strong>la l\u00e1mina met\u00e1lica de erbio<\/strong><\/span><\/h2>\n<p>Materiales l\u00e1ser: se pueden utilizar para la fabricaci\u00f3n de materiales l\u00e1ser, y en algunos l\u00e1seres espec\u00edficos, las l\u00e1minas met\u00e1licas de erbio se pueden utilizar como fuente de elementos dopantes para la preparaci\u00f3n de materiales l\u00e1ser con longitudes de onda y propiedades espec\u00edficas.<\/p>\n<p>Amplificadores \u00f3pticos: Componentes clave utilizados en la preparaci\u00f3n de amplificadores de fibra dopada con erbio. Los amplificadores de fibra dopados con erbio mejoran las se\u00f1ales \u00f3pticas y desempe\u00f1an un papel importante en la amplificaci\u00f3n de se\u00f1ales en los sistemas de comunicaci\u00f3n de fibra \u00f3ptica.<\/p>\n<p>Adici\u00f3n de aleaci\u00f3n: se agrega a otros metales como un componente de aleaci\u00f3n para mejorar las propiedades de la aleaci\u00f3n.<\/p>\n<h2><span style=\"font-size: 14pt;\">Control de calidad<\/span><\/h2>\n<p><span style=\"color: #0000ff;\"><a style=\"color: #0000ff;\" href=\"https:\/\/vimaterial.de\/es\/control-de-calidad\/\">Cada lote<\/a><\/span> de productos est\u00e1 sujeto a un estricto sistema de control de calidad, que se gestiona a trav\u00e9s de todo el proceso, desde la investigaci\u00f3n y el desarrollo, la producci\u00f3n hasta el transporte y el servicio al cliente. Las desviaciones se investigan en estricta conformidad con 8D procedimientos de resoluci\u00f3n de problemas y en pleno cumplimiento de los requisitos de la UE, garantizando el suministro de productos y servicios de alta calidad.<\/p>\n<h2><span style=\"font-size: 14pt;\">Embalaje y almacenamiento<\/span><\/h2>\n<p>Los productos se envasan al vac\u00edo y se protegen con cajas especiales durante el transporte para garantizar un transporte seguro.<\/p>\n<p><strong>La l\u00e1mina met\u00e1lica de erbio<\/strong> debe sellarse y almacenarse en un ambiente seco y fresco, evitando el contacto con el aire y la humedad para evitar la oxidaci\u00f3n y el deterioro, y al mismo tiempo debe mantenerse alejada de sustancias corrosivas como \u00e1cidos y \u00e1lcalis, y se recomienda que la temperatura de almacenamiento se controle a temperatura ambiente (20\u00b15 \u00b0C) y humedad \u226440% HR para mantener estables sus propiedades met\u00e1licas.<\/p>\n","protected":false},"excerpt":{"rendered":"<p><span style=\"color: #0000ff;\"><a style=\"color: #0000ff;\" href=\"https:\/\/vimaterial.de\/es\/product\/erbio-metalico-5\/\"><strong>La l\u00e1mina de metal de erbio<\/strong> <span style=\"color: #000000;\">es<\/span><\/a><\/span> un material de l\u00e1mina delgada hecho de metal de erbio con brillo met\u00e1lico, textura suave, propiedades qu\u00edmicas <span style=\"color: #000000;\">activas<\/span> y f\u00e1cil de oxidar, buena ductilidad y espesor fino, que tiene muchas aplicaciones en los campos de \u00f3ptica, electr\u00f3nica y materiales.<\/p>\n<p>VIMATERIAL apoya la personalizaci\u00f3n y la investigaci\u00f3n de productos, \u00a1<span style=\"color: #0000ff;\"><a style=\"color: #0000ff;\" href=\"https:\/\/vimaterial.de\/es\/contacto\/\">cont\u00e1ctenos<\/a><\/span> si necesita ayuda!<\/p>\n","protected":false},"featured_media":1034424,"comment_status":"open","ping_status":"closed","template":"","meta":{"_acf_changed":false},"product_brand":[],"product_cat":[188],"product_tag":[],"class_list":{"0":"post-1029244","1":"product","2":"type-product","3":"status-publish","4":"has-post-thumbnail","6":"product_cat-perfil","8":"first","9":"instock","10":"shipping-taxable","11":"purchasable","12":"product-type-variable"},"acf":[],"_links":{"self":[{"href":"https:\/\/vimaterial.de\/es\/wp-json\/wp\/v2\/product\/1029244","targetHints":{"allow":["GET"]}}],"collection":[{"href":"https:\/\/vimaterial.de\/es\/wp-json\/wp\/v2\/product"}],"about":[{"href":"https:\/\/vimaterial.de\/es\/wp-json\/wp\/v2\/types\/product"}],"replies":[{"embeddable":true,"href":"https:\/\/vimaterial.de\/es\/wp-json\/wp\/v2\/comments?post=1029244"}],"wp:featuredmedia":[{"embeddable":true,"href":"https:\/\/vimaterial.de\/es\/wp-json\/wp\/v2\/media\/1034424"}],"wp:attachment":[{"href":"https:\/\/vimaterial.de\/es\/wp-json\/wp\/v2\/media?parent=1029244"}],"wp:term":[{"taxonomy":"product_brand","embeddable":true,"href":"https:\/\/vimaterial.de\/es\/wp-json\/wp\/v2\/product_brand?post=1029244"},{"taxonomy":"product_cat","embeddable":true,"href":"https:\/\/vimaterial.de\/es\/wp-json\/wp\/v2\/product_cat?post=1029244"},{"taxonomy":"product_tag","embeddable":true,"href":"https:\/\/vimaterial.de\/es\/wp-json\/wp\/v2\/product_tag?post=1029244"}],"curies":[{"name":"wp","href":"https:\/\/api.w.org\/{rel}","templated":true}]}}