{"id":1029224,"date":"2024-06-17T16:16:14","date_gmt":"2024-06-17T08:16:14","guid":{"rendered":"https:\/\/vimaterial.de\/product\/nitrato-de-erbioiii-pentahidratado\/"},"modified":"2025-06-10T13:21:54","modified_gmt":"2025-06-10T05:21:54","slug":"nitrato-de-erbioiii-pentahidratado","status":"publish","type":"product","link":"https:\/\/vimaterial.de\/es\/product\/nitrato-de-erbioiii-pentahidratado\/","title":{"rendered":"Nitrato de erbio (III) pentahidratado"},"content":{"rendered":"<p><span style=\"color: #0000ff;\"><a style=\"color: #0000ff;\" href=\"https:\/\/vimaterial.de\/es\/product\/carbonato-de-erbio-hidrato\/\"><strong>Nitrato de erbio pentahidratado<\/strong><\/a><\/span>, f\u00f3rmula qu\u00edmica: Er(NO\u2083)\u2083\u00b75H\u2082O, es un s\u00f3lido cristalino de color rosa claro con buena solubilidad y reactividad en agua. Es un importante compuesto fuente de erbio. Tiene una amplia gama de usos en materiales l\u00e1ser, dispositivos optoelectr\u00f3nicos, modificadores cer\u00e1micos y s\u00edntesis qu\u00edmica.<\/p>\n<p><strong>El nitrato de erbio pentahidratado<\/strong> suministrado por VIMATERIAL est\u00e1 hecho de materias primas de tierras raras de alta pureza y refinado a trav\u00e9s de procesos avanzados. Tiene las caracter\u00edsticas de alta pureza y bajo contenido de impurezas. Puede ser su fuente ideal de materiales. <span style=\"color: #0000ff;\"><a style=\"color: #0000ff;\" href=\"https:\/\/vimaterial.de\/es\/contacto\/\">P\u00f3ngase en contacto con nosotros r\u00e1pidamente.<\/a><\/span><\/p>\n<h2><span style=\"font-size: 14pt;\">Caracter\u00edsticas<\/span><\/h2>\n<p>F\u00f3rmula molecular: Er(NO\u2083)\u2083\u00b75H\u2082O<\/p>\n<p>Peso molecular: 434,37 g\/mol<\/p>\n<p>Aspecto: polvo cristalino de color rosa claro a rosa p\u00farpura<\/p>\n<p>Punto de fusi\u00f3n: alrededor de 60-65 \u00b0C (deshidrataci\u00f3n)<\/p>\n<p>Estructura cristalina: A temperatura ambiente, el nitrato de erbio pentahidratado cristaliza en el sistema monocl\u00ednico. En su estructura cristalina, los iones Er\u00b3\u207a est\u00e1n coordinados y estabilizados por iones de nitrato y mol\u00e9culas de agua para formar una compleja red de coordinaci\u00f3n. Esta estructura tiene buena solubilidad y estabilidad t\u00e9rmica, y es adecuada para s\u00edntesis, descomposici\u00f3n, dopaje i\u00f3nico y otros fines.<\/p>\n<h2><span style=\"font-size: 14pt;\">Aplicaci\u00f3n<\/span><\/h2>\n<p>Materiales de comunicaci\u00f3n l\u00e1ser y de fibra \u00f3ptica: Las caracter\u00edsticas de emisi\u00f3n de iones Er\u00b3\u207a en el rango de 1,5 \u03bcm se utilizan para fabricar amplificadores de fibra dopados con erbio (EDFA) y vidrio l\u00e1ser.<\/p>\n<p>Reactivos de s\u00edntesis qu\u00edmica: <strong>El nitrato de erbio pentahidratado<\/strong> se utiliza para preparar complejos org\u00e1nicos de erbio, sales de erbio de alta pureza y precursores de catalizadores.<\/p>\n<p>Modificaci\u00f3n de cer\u00e1mica y vidrio: <strong>El nitrato de erbio pentahidratado<\/strong> se puede utilizar como regulador del color y potenciador de la estabilidad t\u00e9rmica.<\/p>\n<h2><span style=\"font-size: 14pt;\">Control de calidad<\/span><\/h2>\n<p><span style=\"color: #0000ff;\"><a style=\"color: #0000ff;\" href=\"https:\/\/vimaterial.de\/es\/control-de-calidad\/\">Nuestros productos<\/a> <\/span>tienen un estricto proceso de control de calidad para garantizar el principio de calidad de \u201ccontrol de lotes y trazabilidad de la fuente\u201d. Nuestras materias primas son verificadas por ICP-MS, GDMS y otras purezas, procesos de producci\u00f3n estandarizados, control de calidad de proceso completo e integridad de inspecci\u00f3n final.<\/p>\n<h2><span style=\"font-size: 14pt;\">Embalaje<\/span><\/h2>\n<p><strong>El nitrato de erbio pentahidratado<\/strong> se envasa en botellas selladas al vac\u00edo con diferentes especificaciones de embalaje, como 50 g \/ 100 g \/ 500 g \/ 1 kg \/ 5 kg, que se pueden personalizar seg\u00fan los requisitos del cliente. Las grandes cantidades se empaquetan en barriles de 25 kg y se fijan con palets externos.<\/p>\n<h2><span style=\"font-size: 14pt;\">Almacenamiento<\/span><\/h2>\n<p><strong>El nitrato de erbio pentahidratado<\/strong> debe almacenarse en un ambiente seco sellado para evitar la humedad. La temperatura de almacenamiento recomendada es de 5 ~ 30 \u00b0C. Evite la exposici\u00f3n prolongada al aire y evite las vibraciones fuertes y la luz solar directa durante el transporte.<\/p>\n","protected":false},"excerpt":{"rendered":"<p><span style=\"color: #0000ff;\"><a style=\"color: #0000ff;\" href=\"https:\/\/vimaterial.de\/es\/product\/carbonato-de-erbio-hidrato\/\"><strong>Nitrato de erbio pentahidratado<\/strong><\/a><\/span>, f\u00f3rmula qu\u00edmica: Er(NO\u2083)\u2083\u00b75H\u2082O, es un s\u00f3lido cristalino de color rosa claro con buena solubilidad y reactividad en agua. Es un importante compuesto fuente de erbio. Tiene una amplia gama de usos en materiales l\u00e1ser, dispositivos optoelectr\u00f3nicos, modificadores cer\u00e1micos y s\u00edntesis qu\u00edmica.<\/p>\n<p><strong>El nitrato de erbio pentahidratado<\/strong> suministrado por VIMATERIAL est\u00e1 hecho de materias primas de tierras raras de alta pureza y refinado a trav\u00e9s de procesos avanzados. Tiene las caracter\u00edsticas de alta pureza y bajo contenido de impurezas. Puede ser su fuente ideal de materiales. <span style=\"color: #0000ff;\"><a style=\"color: #0000ff;\" href=\"https:\/\/vimaterial.de\/es\/contacto\/\">P\u00f3ngase en contacto con nosotros r\u00e1pidamente.<\/a><\/span><\/p>\n<p>&nbsp;<\/p>\n","protected":false},"featured_media":1034439,"comment_status":"open","ping_status":"closed","template":"","meta":{"_acf_changed":false},"product_brand":[],"product_cat":[184],"product_tag":[],"class_list":{"0":"post-1029224","1":"product","2":"type-product","3":"status-publish","4":"has-post-thumbnail","6":"product_cat-materiales-de-tierras-raras","8":"first","9":"instock","10":"shipping-taxable","11":"purchasable","12":"product-type-variable"},"acf":[],"_links":{"self":[{"href":"https:\/\/vimaterial.de\/es\/wp-json\/wp\/v2\/product\/1029224","targetHints":{"allow":["GET"]}}],"collection":[{"href":"https:\/\/vimaterial.de\/es\/wp-json\/wp\/v2\/product"}],"about":[{"href":"https:\/\/vimaterial.de\/es\/wp-json\/wp\/v2\/types\/product"}],"replies":[{"embeddable":true,"href":"https:\/\/vimaterial.de\/es\/wp-json\/wp\/v2\/comments?post=1029224"}],"wp:featuredmedia":[{"embeddable":true,"href":"https:\/\/vimaterial.de\/es\/wp-json\/wp\/v2\/media\/1034439"}],"wp:attachment":[{"href":"https:\/\/vimaterial.de\/es\/wp-json\/wp\/v2\/media?parent=1029224"}],"wp:term":[{"taxonomy":"product_brand","embeddable":true,"href":"https:\/\/vimaterial.de\/es\/wp-json\/wp\/v2\/product_brand?post=1029224"},{"taxonomy":"product_cat","embeddable":true,"href":"https:\/\/vimaterial.de\/es\/wp-json\/wp\/v2\/product_cat?post=1029224"},{"taxonomy":"product_tag","embeddable":true,"href":"https:\/\/vimaterial.de\/es\/wp-json\/wp\/v2\/product_tag?post=1029224"}],"curies":[{"name":"wp","href":"https:\/\/api.w.org\/{rel}","templated":true}]}}