{"id":1029215,"date":"2024-06-17T16:16:13","date_gmt":"2024-06-17T08:16:13","guid":{"rendered":"https:\/\/vimaterial.de\/product\/erbio-metalico\/"},"modified":"2025-06-17T16:54:24","modified_gmt":"2025-06-17T08:54:24","slug":"erbio-metalico","status":"publish","type":"product","link":"https:\/\/vimaterial.de\/es\/product\/erbio-metalico\/","title":{"rendered":"Metal de erbio"},"content":{"rendered":"<p><span style=\"color: #0000ff;\"><strong><a style=\"color: #0000ff;\" href=\"https:\/\/vimaterial.de\/es\/product\/erbio-metalico-4\/\">Metal de erbio<\/a> <\/strong><\/span>El objetivo de pulverizaci\u00f3n cat\u00f3dica es un material clave hecho de erbio como materia prima a trav\u00e9s de un proceso espec\u00edfico, que se utiliza en la pulverizaci\u00f3n cat\u00f3dica de magnetr\u00f3n y otras tecnolog\u00edas de recubrimiento para depositar pel\u00edculas delgadas de <strong>metal de erbio<\/strong> en sustratos para satisfacer la demanda de propiedades de pel\u00edcula espec\u00edficas en los campos de semiconductores, \u00f3ptica, electr\u00f3nica, etc.<\/p>\n<p>Los objetivos de <strong>erbio <\/strong>de VIMATERIAL con alta pureza, excelente orientaci\u00f3n cristalina y uniformidad de densidad son muy competitivos en el mercado, comprenda que<span style=\"color: #0000ff;\"><a style=\"color: #0000ff;\" href=\"https:\/\/vimaterial.de\/es\/contacto\/\"> debe dejar un mensaje<\/a> <\/span>para un informe de COA si lo necesita.<\/p>\n<h2><span style=\"font-size: 14pt;\">Caracter\u00edsticas del erbio met\u00e1lico<\/span><\/h2>\n<p>F\u00f3rmula qu\u00edmica: Er<\/p>\n<p>Peso molecular: 167.26<\/p>\n<p>Aspecto: brillo met\u00e1lico gris plateado, f\u00e1cilmente oxidable en el aire<\/p>\n<p>Densidad: 9.006g\/cm\u00b3<\/p>\n<p>Punto de fusi\u00f3n: alrededor de 1529 \u00b0C<\/p>\n<p>Punto de ebullici\u00f3n: alrededor de 2863 \u00b0C<\/p>\n<p>Estructura cristalina: a temperatura y presi\u00f3n ambiente, el objetivo <strong>de erbio <\/strong>tiene una estructura cristalina densa hexagonal (HCP). HCP) estructura cristalina<\/p>\n<h2><span style=\"font-size: 14pt;\">Aplicaciones del metal de erbio<\/span><\/h2>\n<p>Materiales l\u00e1ser: se pueden utilizar para fabricar materiales l\u00e1ser. En algunos l\u00e1seres espec\u00edficos, los medios de ganancia l\u00e1ser con propiedades \u00f3pticas espec\u00edficas se pueden preparar mediante pulverizaci\u00f3n cat\u00f3dica de pel\u00edculas delgadas de erbio para generar l\u00e1seres de longitudes de onda espec\u00edficas.<\/p>\n<p>Recubrimiento \u00f3ptico: se utiliza para recubrir lentes \u00f3pticas, ventanas \u00f3pticas y otros componentes \u00f3pticos para mejorar sus propiedades \u00f3pticas.<\/p>\n<p>Almacenamiento \u00f3ptico: En el campo del almacenamiento \u00f3ptico, los objetivos de pulverizaci\u00f3n cat\u00f3dica de erbio se pueden utilizar para preparar medios de almacenamiento \u00f3ptico, como discos \u00f3pticos regrabables. La pel\u00edcula de metal de erbio formada por pulverizaci\u00f3n cat\u00f3dica puede sufrir cambios f\u00edsicos o qu\u00edmicos bajo irradiaci\u00f3n l\u00e1ser para lograr el almacenamiento y la lectura de la informaci\u00f3n.<\/p>\n<h2><span style=\"font-size: 14pt;\">Control de calidad<\/span><\/h2>\n<p><span style=\"color: #0000ff;\"><a style=\"color: #0000ff;\" href=\"https:\/\/vimaterial.de\/es\/control-de-calidad\/\">El control de calidad de la empresa<\/a> <\/span>se basa en un estricto control de calidad de proceso completo, 8D mecanismo de gesti\u00f3n de problemas y sistema de cumplimiento de REACH\/ASTM. VIMATERIAL garantiza la trazabilidad y la construcci\u00f3n sostenible de la cadena de suministro para productos objetivo de alta consistencia.<\/p>\n<h2><span style=\"font-size: 14pt;\">Embalaje y almacenamiento<\/span><\/h2>\n<p>Embalaje: Los objetivos de <strong>erbio <\/strong>se envasan al vac\u00edo en bolsas especiales, se protegen con cajas de PE y se colocan en cajas de cart\u00f3n.<\/p>\n<p>Almacenamiento: <strong>El erbio debe<\/strong>almacenarse a 15-25 \u00b0C, humedad \u226440% HR, en un ambiente de vac\u00edo y evitar estrictamente el impacto f\u00edsico y el riesgo de oxidaci\u00f3n para garantizar la estabilidad a largo plazo del material.<\/p>\n","protected":false},"excerpt":{"rendered":"<p><span style=\"color: #0000ff;\"><strong><a style=\"color: #0000ff;\" href=\"https:\/\/vimaterial.de\/es\/product\/erbio-metalico-4\/\">Metal de erbio<\/a> <\/strong><\/span>El objetivo de pulverizaci\u00f3n cat\u00f3dica es un material clave hecho de erbio como materia prima a trav\u00e9s de un proceso espec\u00edfico, que se utiliza en la pulverizaci\u00f3n cat\u00f3dica de magnetr\u00f3n y otras tecnolog\u00edas de recubrimiento para depositar pel\u00edculas delgadas de <strong>metal de erbio<\/strong> en sustratos para satisfacer la demanda de propiedades de pel\u00edcula espec\u00edficas en los campos de semiconductores, \u00f3ptica, electr\u00f3nica, etc.<\/p>\n<p>Los objetivos de <strong>erbio <\/strong>de VIMATERIAL con alta pureza, excelente orientaci\u00f3n cristalina y uniformidad de densidad son muy competitivos en el mercado, comprenda que<span style=\"color: #0000ff;\"><a style=\"color: #0000ff;\" href=\"https:\/\/vimaterial.de\/es\/contacto\/\"> debe dejar un mensaje<\/a> <\/span>para un informe de COA si lo necesita.<\/p>\n","protected":false},"featured_media":1034434,"comment_status":"open","ping_status":"closed","template":"","meta":{"_acf_changed":false},"product_brand":[],"product_cat":[178],"product_tag":[],"class_list":{"0":"post-1029215","1":"product","2":"type-product","3":"status-publish","4":"has-post-thumbnail","6":"product_cat-catodos-para-sputtering-planar","8":"first","9":"instock","10":"shipping-taxable","11":"product-type-variable"},"acf":[],"_links":{"self":[{"href":"https:\/\/vimaterial.de\/es\/wp-json\/wp\/v2\/product\/1029215","targetHints":{"allow":["GET"]}}],"collection":[{"href":"https:\/\/vimaterial.de\/es\/wp-json\/wp\/v2\/product"}],"about":[{"href":"https:\/\/vimaterial.de\/es\/wp-json\/wp\/v2\/types\/product"}],"replies":[{"embeddable":true,"href":"https:\/\/vimaterial.de\/es\/wp-json\/wp\/v2\/comments?post=1029215"}],"wp:featuredmedia":[{"embeddable":true,"href":"https:\/\/vimaterial.de\/es\/wp-json\/wp\/v2\/media\/1034434"}],"wp:attachment":[{"href":"https:\/\/vimaterial.de\/es\/wp-json\/wp\/v2\/media?parent=1029215"}],"wp:term":[{"taxonomy":"product_brand","embeddable":true,"href":"https:\/\/vimaterial.de\/es\/wp-json\/wp\/v2\/product_brand?post=1029215"},{"taxonomy":"product_cat","embeddable":true,"href":"https:\/\/vimaterial.de\/es\/wp-json\/wp\/v2\/product_cat?post=1029215"},{"taxonomy":"product_tag","embeddable":true,"href":"https:\/\/vimaterial.de\/es\/wp-json\/wp\/v2\/product_tag?post=1029215"}],"curies":[{"name":"wp","href":"https:\/\/api.w.org\/{rel}","templated":true}]}}