{"id":1029196,"date":"2024-06-17T16:16:14","date_gmt":"2024-06-17T08:16:14","guid":{"rendered":"https:\/\/vimaterial.de\/product\/oxalato-de-erbio-hidrato\/"},"modified":"2025-06-10T14:13:15","modified_gmt":"2025-06-10T06:13:15","slug":"oxalato-de-erbio-hidrato","status":"publish","type":"product","link":"https:\/\/vimaterial.de\/es\/product\/oxalato-de-erbio-hidrato\/","title":{"rendered":"Hidrato de oxalato de erbio"},"content":{"rendered":"<p><span style=\"color: #0000ff;\"><a style=\"color: #0000ff;\" href=\"https:\/\/vimaterial.de\/es\/product\/sulfato-de-erbio-octahidrato\/\"><strong>El hidrato de oxalato de erbio<\/strong><\/a><\/span>, con la f\u00f3rmula qu\u00edmica Er\u2082(C\u2082O\u2084)\u2083\u00b7xH\u2082O, es un polvo de oxalato de tierras raras de color rosa a p\u00farpura claro y un intermediario importante para la preparaci\u00f3n de \u00f3xido de erbio de alta pureza (Er\u2082O\u2083). El producto se forma por la reacci\u00f3n y precipitaci\u00f3n de sal de erbio de alta pureza y \u00e1cido ox\u00e1lico. Tiene buenas caracter\u00edsticas de descomposici\u00f3n t\u00e9rmica y se puede convertir en polvo de \u00f3xido uniforme y fino a alta temperatura. Es ampliamente utilizado en materiales cer\u00e1micos, dispositivos optoelectr\u00f3nicos, materiales magn\u00e9ticos y otros campos.<\/p>\n<p>El producto Er\u2082(C\u2082O\u2084)\u2083\u00b7xH\u2082O proporcionado por VIMATERIAL tiene una hidrataci\u00f3n controlable, alta pureza, buena estabilidad t\u00e9rmica y es adecuado para una variedad de ocasiones.<span style=\"color: #0000ff;\"><a style=\"color: #0000ff;\" href=\"https:\/\/vimaterial.de\/es\/contacto\/\">Cont\u00e1ctenos.<\/a><\/span><\/p>\n<h2><span style=\"font-size: 14pt;\">Caracter\u00edsticas<\/span><\/h2>\n<p>F\u00f3rmula qu\u00edmica: Er\u2082(C\u2082O\u2084)\u2083\u00b7xH\u2082O<\/p>\n<p>Aspecto: polvo de color rosa claro a p\u00farpura<\/p>\n<p>Grado de hidrataci\u00f3n (x): x = 10 ~12 (personalizable)<\/p>\n<p>Estructura cristalina: sistema monocl\u00ednico, su estructura de coordinaci\u00f3n consiste en que cada Er forma un poliedro de coordinaci\u00f3n compleja mediante la coordinaci\u00f3n de mol\u00e9culas de oxalato y agua, formando un enlace de hidr\u00f3geno y un enlace de coordinaci\u00f3n para estabilizar la estructura.<\/p>\n<h2><span style=\"font-size: 14pt;\">Aplicaci\u00f3n<\/span><\/h2>\n<p>Precursor de \u00f3xido de erbio de alta pureza: <strong>el hidrato de oxalato de erbio<\/strong> se piroliza para generar un polvo uniforme de Er\u2082O\u2083 con un tama\u00f1o de part\u00edcula controlable<\/p>\n<p>Materias primas cer\u00e1micas de tierras raras: <strong>El hidrato de oxalato de erbio<\/strong> se utiliza para fabricar materiales de alto rendimiento, como cer\u00e1micas dopadas y cristales l\u00e1ser<\/p>\n<p>Materiales magn\u00e9ticos y materiales luminiscentes: <strong>El hidrato de oxalato de erbio<\/strong> es adecuado para la preparaci\u00f3n de nanomateriales magn\u00e9ticos dopados con erbio y lumin\u00f3foros<\/p>\n<h2><span style=\"font-size: 14pt;\">Control de calidad<\/span><\/h2>\n<p><span style=\"color: #0000ff;\"><a style=\"color: #0000ff;\" href=\"https:\/\/vimaterial.de\/es\/control-de-calidad\/\">Nuestros productos<\/a> <\/span>siguen estrictos procedimientos de control de calidad y m\u00e9todos de prueba cient\u00edficos, incluidos ICP-MS, XRD, SEM, etc. para realizar un an\u00e1lisis exhaustivo de los productos. Nuestros productos cuentan con registros completos y trazabilidad desde la adquisici\u00f3n de materias primas, la producci\u00f3n hasta el env\u00edo, lo que garantiza la consistencia de los ingredientes y el rendimiento entre lotes. Cada lote de productos va acompa\u00f1ado de datos completos de inspecci\u00f3n de calidad.<\/p>\n<h2><span style=\"font-size: 14pt;\">Embalaje y almacenamiento<\/span><\/h2>\n<p>El polvo de <strong>hidrato de oxalato de erbio<\/strong> se envasa en botellas selladas al vac\u00edo, con diferentes especificaciones de embalaje, como 50 g \/ 100 g \/ 500 g \/ 1 kg \/ 5 kg, que se pueden personalizar seg\u00fan las necesidades del cliente. Las grandes cantidades se empaquetan en barriles de 25 kg y se fijan con palets est\u00e1ndar.<\/p>\n<p><strong>El polvo hidratado de oxalato de erbio<\/strong> debe almacenarse en un lugar seco y fresco para evitar la humedad. Se recomienda guardarlo en un frasco sellado a temperatura ambiente (10-30 \u00b0C) y sellarlo inmediatamente despu\u00e9s de su uso.<\/p>\n","protected":false},"excerpt":{"rendered":"<p><span style=\"color: #0000ff;\"><a style=\"color: #0000ff;\" href=\"https:\/\/vimaterial.de\/es\/product\/sulfato-de-erbio-octahidrato\/\"><strong>El hidrato de oxalato de erbio<\/strong><\/a><\/span>, con la f\u00f3rmula qu\u00edmica Er\u2082(C\u2082O\u2084)\u2083\u00b7xH\u2082O, es un polvo de oxalato de tierras raras de color rosa a p\u00farpura claro y un intermediario importante para la preparaci\u00f3n de \u00f3xido de erbio de alta pureza (Er\u2082O\u2083). El producto se forma por la reacci\u00f3n y precipitaci\u00f3n de sal de erbio de alta pureza y \u00e1cido ox\u00e1lico. Tiene buenas caracter\u00edsticas de descomposici\u00f3n t\u00e9rmica y se puede convertir en polvo de \u00f3xido uniforme y fino a alta temperatura. Es ampliamente utilizado en materiales cer\u00e1micos, dispositivos optoelectr\u00f3nicos, materiales magn\u00e9ticos y otros campos.<\/p>\n<p>El producto Er\u2082(C\u2082O\u2084)\u2083\u00b7xH\u2082O proporcionado por VIMATERIAL tiene una hidrataci\u00f3n controlable, alta pureza, buena estabilidad t\u00e9rmica y es adecuado para una variedad de ocasiones.<span style=\"color: #0000ff;\"><a style=\"color: #0000ff;\" href=\"https:\/\/vimaterial.de\/es\/contacto\/\">Cont\u00e1ctenos.<\/a><\/span><\/p>\n<p>&nbsp;<\/p>\n","protected":false},"featured_media":1034444,"comment_status":"open","ping_status":"closed","template":"","meta":{"_acf_changed":false},"product_brand":[],"product_cat":[184],"product_tag":[],"class_list":{"0":"post-1029196","1":"product","2":"type-product","3":"status-publish","4":"has-post-thumbnail","6":"product_cat-materiales-de-tierras-raras","8":"first","9":"instock","10":"shipping-taxable","11":"purchasable","12":"product-type-variable"},"acf":[],"_links":{"self":[{"href":"https:\/\/vimaterial.de\/es\/wp-json\/wp\/v2\/product\/1029196","targetHints":{"allow":["GET"]}}],"collection":[{"href":"https:\/\/vimaterial.de\/es\/wp-json\/wp\/v2\/product"}],"about":[{"href":"https:\/\/vimaterial.de\/es\/wp-json\/wp\/v2\/types\/product"}],"replies":[{"embeddable":true,"href":"https:\/\/vimaterial.de\/es\/wp-json\/wp\/v2\/comments?post=1029196"}],"wp:featuredmedia":[{"embeddable":true,"href":"https:\/\/vimaterial.de\/es\/wp-json\/wp\/v2\/media\/1034444"}],"wp:attachment":[{"href":"https:\/\/vimaterial.de\/es\/wp-json\/wp\/v2\/media?parent=1029196"}],"wp:term":[{"taxonomy":"product_brand","embeddable":true,"href":"https:\/\/vimaterial.de\/es\/wp-json\/wp\/v2\/product_brand?post=1029196"},{"taxonomy":"product_cat","embeddable":true,"href":"https:\/\/vimaterial.de\/es\/wp-json\/wp\/v2\/product_cat?post=1029196"},{"taxonomy":"product_tag","embeddable":true,"href":"https:\/\/vimaterial.de\/es\/wp-json\/wp\/v2\/product_tag?post=1029196"}],"curies":[{"name":"wp","href":"https:\/\/api.w.org\/{rel}","templated":true}]}}