{"id":1029181,"date":"2024-06-17T16:16:15","date_gmt":"2024-06-17T08:16:15","guid":{"rendered":"https:\/\/vimaterial.de\/product\/sulfato-de-erbio-octahidrato\/"},"modified":"2025-03-24T17:56:59","modified_gmt":"2025-03-24T09:56:59","slug":"sulfato-de-erbio-octahidrato","status":"publish","type":"product","link":"https:\/\/vimaterial.de\/es\/product\/sulfato-de-erbio-octahidrato\/","title":{"rendered":"Sulfato de Erbio Octahidratado"},"content":{"rendered":"<p>El sulfato de erbio octahidratado es un cristal monocl\u00ednico rosa, soluble en agua, se descompone cuando se calienta y se usa com\u00fanmente como agente colorante en la fabricaci\u00f3n de vidrio y esmaltes cer\u00e1micos, y como dopante en la fabricaci\u00f3n de fibra \u00f3ptica.<\/p>\n<p>VIMATERIAL proporciona sulfato de erbio octahidratado en varias especificaciones y admite el servicio de uni\u00f3n de objetivos. Aceptamos la personalizaci\u00f3n de los productos,<span style=\"color: #0000ff;\"><a style=\"color: #0000ff;\" href=\"https:\/\/vimaterial.de\/es\/contacto\/\"> cont\u00e1ctenos.<\/a><\/span><\/p>\n<h2><span style=\"font-size: 14pt;\">Propiedades<\/span><\/h2>\n<p>F\u00f3rmula molecular: Er2(SO4)3\u00b7 8H2O<\/p>\n<p>Peso molecular: alrededor de 766.83<\/p>\n<p>Aspecto: Polvo de cristal rosa<\/p>\n<p>Densidad: aprox. 3,20 g\/cm\u00b3.<\/p>\n<p>Punto de fusi\u00f3n: 200 \u00b0C (descomposici\u00f3n)<\/p>\n<p>Estructura cristalina: sistema cristalino monocl\u00ednico.<\/p>\n<h2><span style=\"font-size: 14pt;\">Aplicaciones<\/span><\/h2>\n<p><span style=\"font-size: 12pt;\">Campo \u00f3ptico: se utiliza en la fabricaci\u00f3n de vidrio \u00f3ptico y fibra \u00f3ptica, que puede mejorar las propiedades \u00f3pticas del material, como el \u00edndice de refracci\u00f3n, la transmitancia, etc., y desempe\u00f1a un papel en la comunicaci\u00f3n \u00f3ptica y la tecnolog\u00eda l\u00e1ser.<\/span><\/p>\n<p>Industria electr\u00f3nica: Se puede utilizar como dopante en la fabricaci\u00f3n de componentes electr\u00f3nicos, lo que ayuda a regular las propiedades el\u00e9ctricas de los materiales y mejorar el rendimiento y la estabilidad de los dispositivos electr\u00f3nicos.<\/p>\n<p>Colorantes cer\u00e1micos y de vidrio: a\u00f1adidos a la cer\u00e1mica y al vidrio como colorante para darles colores \u00fanicos y aumentar la est\u00e9tica y el car\u00e1cter decorativo de los productos.<\/p>\n<h2><span style=\"font-size: 14pt;\">Control de calidad<\/span><\/h2>\n<p><span style=\"color: #0000ff;\"><a style=\"color: #0000ff;\" href=\"https:\/\/vimaterial.de\/es\/control-de-calidad\/\">Cada lote<\/a> <\/span>de productos protege estrictamente la calidad, desde la selecci\u00f3n de proveedores de materias primas, hasta el uso de equipos de prueba avanzados para monitorear con precisi\u00f3n todo el proceso de producci\u00f3n, hasta el producto terminado a trav\u00e9s de muchas rondas de muestreo severo y certificaci\u00f3n autorizada de terceros, hasta un sistema de control de calidad integral de tolerancia cero para garantizar que cada lote de productos cumpla y supere los altos est\u00e1ndares de la industria, para proporcionar a nuestros clientes la mejor calidad y los productos m\u00e1s estables.<\/p>\n<h2><span style=\"font-size: 14pt;\">Embalaje y almacenamiento<\/span><\/h2>\n<p><span style=\"font-size: 14pt;\"><span style=\"font-size: 12pt;\">El polvo de sulfato de erbio octahidratado se envasa en una bolsa de vac\u00edo o en una botella de vac\u00edo en una caja de cart\u00f3n para garantizar un transporte seguro.<\/span><br \/>\n<\/span><\/p>\n<p>El polvo de sulfato de erbio octahidratado debe almacenarse en un \u00e1rea fresca, seca y bien ventilada, lejos de la humedad y otros productos qu\u00edmicos para evitar el deterioro debido a la absorci\u00f3n de humedad o la reacci\u00f3n qu\u00edmica.<\/p>\n","protected":false},"excerpt":{"rendered":"<p>El sulfato de erbio octahidratado es un cristal monocl\u00ednico rosa, soluble en agua, se descompone cuando se calienta y se usa com\u00fanmente como agente colorante en la fabricaci\u00f3n de vidrio y esmaltes cer\u00e1micos, y como dopante en la fabricaci\u00f3n de fibra \u00f3ptica.<\/p>\n<p>VIMATERIAL proporciona sulfato de erbio octahidratado en varias especificaciones y admite el servicio de uni\u00f3n de objetivos. Aceptamos la personalizaci\u00f3n de los productos,<span style=\"color: #0000ff;\"><a style=\"color: #0000ff;\" href=\"https:\/\/vimaterial.de\/es\/contacto\/\"> cont\u00e1ctenos.<\/a><\/span><\/p>\n<p>&nbsp;<\/p>\n","protected":false},"featured_media":1034454,"comment_status":"open","ping_status":"closed","template":"","meta":{"_acf_changed":false},"product_brand":[],"product_cat":[184],"product_tag":[],"class_list":{"0":"post-1029181","1":"product","2":"type-product","3":"status-publish","4":"has-post-thumbnail","6":"product_cat-materiales-de-tierras-raras","8":"first","9":"instock","10":"shipping-taxable","11":"purchasable","12":"product-type-variable"},"acf":[],"_links":{"self":[{"href":"https:\/\/vimaterial.de\/es\/wp-json\/wp\/v2\/product\/1029181","targetHints":{"allow":["GET"]}}],"collection":[{"href":"https:\/\/vimaterial.de\/es\/wp-json\/wp\/v2\/product"}],"about":[{"href":"https:\/\/vimaterial.de\/es\/wp-json\/wp\/v2\/types\/product"}],"replies":[{"embeddable":true,"href":"https:\/\/vimaterial.de\/es\/wp-json\/wp\/v2\/comments?post=1029181"}],"wp:featuredmedia":[{"embeddable":true,"href":"https:\/\/vimaterial.de\/es\/wp-json\/wp\/v2\/media\/1034454"}],"wp:attachment":[{"href":"https:\/\/vimaterial.de\/es\/wp-json\/wp\/v2\/media?parent=1029181"}],"wp:term":[{"taxonomy":"product_brand","embeddable":true,"href":"https:\/\/vimaterial.de\/es\/wp-json\/wp\/v2\/product_brand?post=1029181"},{"taxonomy":"product_cat","embeddable":true,"href":"https:\/\/vimaterial.de\/es\/wp-json\/wp\/v2\/product_cat?post=1029181"},{"taxonomy":"product_tag","embeddable":true,"href":"https:\/\/vimaterial.de\/es\/wp-json\/wp\/v2\/product_tag?post=1029181"}],"curies":[{"name":"wp","href":"https:\/\/api.w.org\/{rel}","templated":true}]}}