{"id":1029172,"date":"2024-06-17T16:16:14","date_gmt":"2024-06-17T08:16:14","guid":{"rendered":"https:\/\/vimaterial.de\/product\/carbonato-de-erbio-hidrato\/"},"modified":"2025-06-10T14:58:13","modified_gmt":"2025-06-10T06:58:13","slug":"carbonato-de-erbio-hidrato","status":"publish","type":"product","link":"https:\/\/vimaterial.de\/es\/product\/carbonato-de-erbio-hidrato\/","title":{"rendered":"Hidrato de carbonato de erbio"},"content":{"rendered":"<p><span style=\"color: #0000ff;\"><a style=\"color: #0000ff;\" href=\"https:\/\/vimaterial.de\/es\/product\/nitrato-de-erbioiii-pentahidratado\/\"><strong>El hidrato de carbonato de erbio<\/strong> <\/a><\/span>(Er\u2082(CO\u2083)\u2083\u00b7xH\u2082O) es un compuesto de tierras raras en polvo de lavanda a rosa y uno de los precursores importantes para la s\u00edntesis de una variedad de materiales funcionales de tierras raras. Este producto tiene las caracter\u00edsticas de alta pureza, descomposici\u00f3n t\u00e9rmica controlable e hidrataci\u00f3n moderada. Se puede utilizar para preparar Er\u2082O\u2083 (\u00f3xido de erbio) de alta calidad por descomposici\u00f3n t\u00e9rmica y es ampliamente utilizado en optoelectr\u00f3nica, cer\u00e1mica, deposici\u00f3n qu\u00edmica de vapor (CVD) y otros campos.<\/p>\n<p>El producto Er\u2082(CO\u2083)\u2083\u00b7xH\u2082O proporcionado por VIMATERIAL tiene una hidrataci\u00f3n controlable, alta pureza, buena estabilidad t\u00e9rmica y es adecuado para una variedad de ocasiones.<span style=\"color: #0000ff;\"><a style=\"color: #0000ff;\" href=\"https:\/\/vimaterial.de\/es\/contacto\/\">Cont\u00e1ctenos.<\/a><\/span><\/p>\n<h2><span style=\"font-size: 14pt;\">Caracter\u00edsticas<\/span><\/h2>\n<p>F\u00f3rmula qu\u00edmica: Er\u2082(CO\u2083)\u2083\u00b7xH\u2082O<\/p>\n<p>Aspecto: lavanda a polvo cristalino rosado<\/p>\n<p>Punto de fusi\u00f3n: &gt;400 \u00b0C Descomposici\u00f3n t\u00e9rmica a \u00f3xido de erbio (Er\u2082O\u2083)<\/p>\n<p>Estructura cristalina: monocl\u00ednica o tricl\u00ednica (dependiendo del grado de hidrataci\u00f3n y m\u00e9todo de secado)<\/p>\n<h2><span style=\"font-size: 14pt;\">Aplicaci\u00f3n<\/span><\/h2>\n<p>Preparaci\u00f3n de Er\u2082O\u2083 puro: <strong>El hidrato de carbonato de erbio<\/strong> se descompone t\u00e9rmicamente para obtener un polvo de \u00f3xido de erbio ultrafino de alta pureza<\/p>\n<p>Investigaci\u00f3n en ciencia de materiales: <strong>El hidrato de carbonato de erbio<\/strong> se utiliza como precursor para explorar cer\u00e1micas de tierras raras, pel\u00edculas delgadas y materiales magn\u00e9ticos<\/p>\n<p>Materiales funcionales optoelectr\u00f3nicos: El erbio tiene fuertes caracter\u00edsticas de absorci\u00f3n\/emisi\u00f3n en la regi\u00f3n infrarroja y es adecuado para materiales fluorescentes infrarrojos<\/p>\n<p>Reactivo de precipitaci\u00f3n\/separaci\u00f3n de tierras raras: <strong>El hidrato de carbonato de erbio<\/strong> se utiliza para el control de la precipitaci\u00f3n de carbonato en la investigaci\u00f3n de separaci\u00f3n y recuperaci\u00f3n de tierras raras<\/p>\n<h2><span style=\"font-size: 14pt;\">Control de calidad<\/span><\/h2>\n<p><span style=\"color: #0000ff;\"><a style=\"color: #0000ff;\" href=\"https:\/\/vimaterial.de\/es\/control-de-calidad\/\">Nuestros productos<\/a><\/span> siguen estrictos procedimientos de control de calidad y m\u00e9todos de prueba cient\u00edficos, incluidos ICP-MS, XRD, SEM, etc. para realizar un an\u00e1lisis exhaustivo de los productos. Nuestros productos cuentan con registros completos y trazabilidad desde la adquisici\u00f3n de materias primas, la producci\u00f3n hasta el env\u00edo, lo que garantiza la consistencia de los ingredientes y el rendimiento entre lotes. Cada lote de productos va acompa\u00f1ado de datos completos de inspecci\u00f3n de calidad.<\/p>\n<h2><span style=\"font-size: 14pt;\">Embalaje y almacenamiento<\/span><\/h2>\n<p>El polvo de <strong>hidrato de carbonato de erbio<\/strong> se envasa en botellas selladas al vac\u00edo y hay disponibles diferentes especificaciones de embalaje, como 50 g \/ 100 g \/ 500 g \/ 1 kg \/ 5 kg, que se pueden personalizar seg\u00fan las necesidades del cliente. Las grandes cantidades se empaquetan en barriles de 25 kg y se fijan con palets est\u00e1ndar.<\/p>\n<p>El polvo de <strong>hidrato de carbonato de erbio<\/strong> generalmente se almacena en un ambiente seco sellado a temperatura ambiente para evitar el contacto con el aire h\u00famedo y evitar la absorci\u00f3n de humedad y la aglomeraci\u00f3n.<\/p>\n","protected":false},"excerpt":{"rendered":"<p><span style=\"color: #0000ff;\"><a style=\"color: #0000ff;\" href=\"https:\/\/vimaterial.de\/es\/product\/nitrato-de-erbioiii-pentahidratado\/\"><strong>El hidrato de carbonato de erbio<\/strong> <\/a><\/span>(Er\u2082(CO\u2083)\u2083\u00b7xH\u2082O) es un compuesto de tierras raras en polvo de lavanda a rosa y uno de los precursores importantes para la s\u00edntesis de una variedad de materiales funcionales de tierras raras. Este producto tiene las caracter\u00edsticas de alta pureza, descomposici\u00f3n t\u00e9rmica controlable e hidrataci\u00f3n moderada. Se puede utilizar para preparar Er\u2082O\u2083 (\u00f3xido de erbio) de alta calidad por descomposici\u00f3n t\u00e9rmica y es ampliamente utilizado en optoelectr\u00f3nica, cer\u00e1mica, deposici\u00f3n qu\u00edmica de vapor (CVD) y otros campos.<\/p>\n<p>El producto Er\u2082(CO\u2083)\u2083\u00b7xH\u2082O proporcionado por VIMATERIAL tiene una hidrataci\u00f3n controlable, alta pureza, buena estabilidad t\u00e9rmica y es adecuado para una variedad de ocasiones.<span style=\"color: #0000ff;\"><a style=\"color: #0000ff;\" href=\"https:\/\/vimaterial.de\/es\/contacto\/\">Cont\u00e1ctenos.<\/a><\/span><\/p>\n<p>&nbsp;<\/p>\n","protected":false},"featured_media":1034449,"comment_status":"open","ping_status":"closed","template":"","meta":{"_acf_changed":false},"product_brand":[],"product_cat":[184],"product_tag":[],"class_list":{"0":"post-1029172","1":"product","2":"type-product","3":"status-publish","4":"has-post-thumbnail","6":"product_cat-materiales-de-tierras-raras","8":"first","9":"instock","10":"shipping-taxable","11":"purchasable","12":"product-type-variable"},"acf":[],"_links":{"self":[{"href":"https:\/\/vimaterial.de\/es\/wp-json\/wp\/v2\/product\/1029172","targetHints":{"allow":["GET"]}}],"collection":[{"href":"https:\/\/vimaterial.de\/es\/wp-json\/wp\/v2\/product"}],"about":[{"href":"https:\/\/vimaterial.de\/es\/wp-json\/wp\/v2\/types\/product"}],"replies":[{"embeddable":true,"href":"https:\/\/vimaterial.de\/es\/wp-json\/wp\/v2\/comments?post=1029172"}],"wp:featuredmedia":[{"embeddable":true,"href":"https:\/\/vimaterial.de\/es\/wp-json\/wp\/v2\/media\/1034449"}],"wp:attachment":[{"href":"https:\/\/vimaterial.de\/es\/wp-json\/wp\/v2\/media?parent=1029172"}],"wp:term":[{"taxonomy":"product_brand","embeddable":true,"href":"https:\/\/vimaterial.de\/es\/wp-json\/wp\/v2\/product_brand?post=1029172"},{"taxonomy":"product_cat","embeddable":true,"href":"https:\/\/vimaterial.de\/es\/wp-json\/wp\/v2\/product_cat?post=1029172"},{"taxonomy":"product_tag","embeddable":true,"href":"https:\/\/vimaterial.de\/es\/wp-json\/wp\/v2\/product_tag?post=1029172"}],"curies":[{"name":"wp","href":"https:\/\/api.w.org\/{rel}","templated":true}]}}