{"id":1029159,"date":"2024-06-17T16:16:15","date_gmt":"2024-06-17T08:16:15","guid":{"rendered":"https:\/\/vimaterial.de\/product\/oxido-de-erbio-3\/"},"modified":"2025-06-10T10:07:15","modified_gmt":"2025-06-10T02:07:15","slug":"oxido-de-erbio-3","status":"publish","type":"product","link":"https:\/\/vimaterial.de\/es\/product\/oxido-de-erbio-3\/","title":{"rendered":"\u00d3xido de erbio"},"content":{"rendered":"<p><span style=\"color: #0000ff;\"><a style=\"color: #0000ff;\" href=\"https:\/\/vimaterial.de\/es\/product\/oxido-de-erbio\/\"><strong>El polvo de \u00f3xido de erbio<\/strong><\/a><\/span> es un polvo de \u00f3xido de tierras raras de color rosa claro a p\u00farpura con excelentes propiedades \u00f3pticas, el\u00e9ctricas y catal\u00edticas. Es ampliamente utilizado en campos de alta tecnolog\u00eda como la coloraci\u00f3n de vidrio, materiales l\u00e1ser, aditivos cer\u00e1micos, materiales magn\u00e9ticos de alto rendimiento y la industria nuclear.<\/p>\n<p>El <strong>polvo de \u00f3xido de erbio de<\/strong> VIMATERIAL se prepara mediante procesos avanzados de purificaci\u00f3n y tratamiento de polvos. Tiene alta pureza, distribuci\u00f3n uniforme del tama\u00f1o de part\u00edcula y un estricto control de impurezas. Si lo necesitas, ponte <span style=\"color: #0000ff;\"><a style=\"color: #0000ff;\" href=\"https:\/\/vimaterial.de\/es\/sobre-nosotros\/\">en contacto con nosotros<\/a><\/span>.<\/p>\n<h2><span style=\"font-size: 14pt;\">Caracter\u00edsticas<\/span><\/h2>\n<p>F\u00f3rmula molecular: Er\u2082O\u2083<\/p>\n<p>Aspecto: Polvo de color rosa claro o p\u00farpura claro<\/p>\n<p>Punto de fusi\u00f3n: 2340\u00b0C<\/p>\n<p>Densidad: 8,64 g\/cm\u00b3<\/p>\n<p>Estructura cristalina: sistema c\u00fabico, grupo espacial Ia-3.<\/p>\n<h2><span style=\"font-size: 14pt;\">Aplicaci\u00f3n<\/span><\/h2>\n<p>Aditivos para vidrio y cer\u00e1mica: el <strong>polvo de \u00f3xido de erbio<\/strong> se utiliza para fabricar vidrio de absorci\u00f3n antiinfrarroja, vidrio coloreado, cer\u00e1micas especiales, etc., lo que le da al material un excelente color y estabilidad t\u00e9rmica.<\/p>\n<p>L\u00e1ser y materiales \u00f3pticos: Las caracter\u00edsticas del nivel de energ\u00eda de excitaci\u00f3n de los iones Er\u00b3\u207a lo convierten en un elemento de dopaje ideal para materiales l\u00e1ser como el granate de itrio y aluminio (YAG) y el vidrio de fosfato.<\/p>\n<p>Catalizador de alto rendimiento: <strong>El polvo de \u00f3xido de erbio<\/strong> se puede utilizar como catalizador de craqueo o auxiliar de catalizador para mejorar la eficiencia y la selectividad de la reacci\u00f3n.<\/p>\n<h2><span style=\"font-size: 14pt;\">Control de calidad<\/span><\/h2>\n<p><span style=\"color: #0000ff;\"><a style=\"color: #0000ff;\" href=\"https:\/\/vimaterial.de\/es\/control-de-calidad\/\">Nuestros productos<\/a> <\/span>siguen estrictos procedimientos de control de calidad y m\u00e9todos de prueba cient\u00edficos, incluidos ICP-MS, XRD, SEM, etc. para realizar un an\u00e1lisis exhaustivo de los productos. Nuestros productos tienen registros completos y trazabilidad desde la adquisici\u00f3n de materias primas, la producci\u00f3n hasta el env\u00edo para garantizar la consistencia de la composici\u00f3n y el rendimiento entre lotes, y cada lote de productos va acompa\u00f1ado de datos completos de inspecci\u00f3n de calidad.<\/p>\n<h2><span style=\"font-size: 14pt;\">Embalaje<\/span><\/h2>\n<p><strong>El polvo de \u00f3xido de erbio<\/strong> est\u00e1 sellado al vac\u00edo y tiene diferentes especificaciones de empaque, como 50 g \/ 100 g \/ 500 g \/ 1 kg \/ 5 kg, que se pueden personalizar de acuerdo con los requisitos del cliente. Las grandes cantidades se empaquetan en barriles de 25 kg y se fijan con palets est\u00e1ndar.<\/p>\n<h2><span style=\"font-size: 14pt;\">Almacenamiento<\/span><\/h2>\n<p><strong>El polvo de \u00f3xido de erbio<\/strong> debe almacenarse en un lugar seco y bien ventilado para evitar la humedad. Se recomienda almacenarlos en el embalaje original sellado para evitar la reacci\u00f3n con la humedad del aire y evitar mezclarlos con sustancias \u00e1cidas o vol\u00e1tiles.<\/p>\n<h2><span style=\"font-size: 14pt;\">Servicio y personalizaci\u00f3n<\/span><\/h2>\n<p>No solo proporcionamos productos de modelo est\u00e1ndar, sino que tambi\u00e9n apoyamos los siguientes servicios personalizados:<\/p>\n<p>1. Personalizaci\u00f3n del control de tama\u00f1o de part\u00edcula \/ pureza \/ impureza;<\/p>\n<p>2. Consulta de aplicaciones y apoyo a la selecci\u00f3n de materiales;<\/p>\n<p>3. Entrega r\u00e1pida, soluciones de personalizaci\u00f3n de empaque de exportaci\u00f3n.<\/p>\n","protected":false},"excerpt":{"rendered":"<p><span style=\"color: #0000ff;\"><a style=\"color: #0000ff;\" href=\"https:\/\/vimaterial.de\/es\/product\/oxido-de-erbio\/\"><strong>El polvo de \u00f3xido de erbio<\/strong><\/a><\/span> es un polvo de \u00f3xido de tierras raras de color rosa claro a p\u00farpura con excelentes propiedades \u00f3pticas, el\u00e9ctricas y catal\u00edticas. Es ampliamente utilizado en campos de alta tecnolog\u00eda como la coloraci\u00f3n de vidrio, materiales l\u00e1ser, aditivos cer\u00e1micos, materiales magn\u00e9ticos de alto rendimiento y la industria nuclear.<\/p>\n<p>El <strong>polvo de \u00f3xido de erbio de<\/strong> VIMATERIAL se prepara mediante procesos avanzados de purificaci\u00f3n y tratamiento de polvos. Tiene alta pureza, distribuci\u00f3n uniforme del tama\u00f1o de part\u00edcula y un estricto control de impurezas. Si lo necesitas, ponte <span style=\"color: #0000ff;\"><a style=\"color: #0000ff;\" href=\"https:\/\/vimaterial.de\/es\/sobre-nosotros\/\">en contacto con nosotros<\/a><\/span>.<\/p>\n","protected":false},"featured_media":1034464,"comment_status":"open","ping_status":"closed","template":"","meta":{"_acf_changed":false},"product_brand":[],"product_cat":[186,184],"product_tag":[],"class_list":{"0":"post-1029159","1":"product","2":"type-product","3":"status-publish","4":"has-post-thumbnail","6":"product_cat-materiales-de-oxido-hidroxido","7":"product_cat-materiales-de-tierras-raras","9":"first","10":"instock","11":"shipping-taxable","12":"purchasable","13":"product-type-variable"},"acf":[],"_links":{"self":[{"href":"https:\/\/vimaterial.de\/es\/wp-json\/wp\/v2\/product\/1029159","targetHints":{"allow":["GET"]}}],"collection":[{"href":"https:\/\/vimaterial.de\/es\/wp-json\/wp\/v2\/product"}],"about":[{"href":"https:\/\/vimaterial.de\/es\/wp-json\/wp\/v2\/types\/product"}],"replies":[{"embeddable":true,"href":"https:\/\/vimaterial.de\/es\/wp-json\/wp\/v2\/comments?post=1029159"}],"wp:featuredmedia":[{"embeddable":true,"href":"https:\/\/vimaterial.de\/es\/wp-json\/wp\/v2\/media\/1034464"}],"wp:attachment":[{"href":"https:\/\/vimaterial.de\/es\/wp-json\/wp\/v2\/media?parent=1029159"}],"wp:term":[{"taxonomy":"product_brand","embeddable":true,"href":"https:\/\/vimaterial.de\/es\/wp-json\/wp\/v2\/product_brand?post=1029159"},{"taxonomy":"product_cat","embeddable":true,"href":"https:\/\/vimaterial.de\/es\/wp-json\/wp\/v2\/product_cat?post=1029159"},{"taxonomy":"product_tag","embeddable":true,"href":"https:\/\/vimaterial.de\/es\/wp-json\/wp\/v2\/product_tag?post=1029159"}],"curies":[{"name":"wp","href":"https:\/\/api.w.org\/{rel}","templated":true}]}}