{"id":1029150,"date":"2024-06-17T16:16:15","date_gmt":"2024-06-17T08:16:15","guid":{"rendered":"https:\/\/vimaterial.de\/product\/oxido-de-erbio-2\/"},"modified":"2025-06-10T09:03:10","modified_gmt":"2025-06-10T01:03:10","slug":"oxido-de-erbio-2","status":"publish","type":"product","link":"https:\/\/vimaterial.de\/es\/product\/oxido-de-erbio-2\/","title":{"rendered":"\u00d3xido de erbio"},"content":{"rendered":"<p>Los gr\u00e1nulos <span style=\"color: #0000ff;\"><a style=\"color: #0000ff;\" href=\"https:\/\/vimaterial.de\/es\/product\/oxido-de-erbio-3\/\"><strong>de \u00f3xido de erbio <\/strong><\/a><\/span>son un tipo de \u00f3xido de tierras raras de alta pureza, que son s\u00f3lidos granulares de color rosa claro a p\u00farpura y se utilizan ampliamente en recubrimientos \u00f3pticos, materiales l\u00e1ser, aditivos cer\u00e1micos y la industria nuclear. VIMATERIAL proporciona part\u00edculas de \u00f3xido de erbio de diferentes especificaciones y niveles de pureza, admite tama\u00f1os de part\u00edcula y empaques personalizados y satisface las diversas necesidades de aplicaci\u00f3n de los clientes. La empresa cuenta con expertos en ciencia de materiales, ingenier\u00eda de aplicaciones y otros campos para brindar soporte t\u00e9cnico a los clientes. <span style=\"color: #0000ff;\"><a style=\"color: #0000ff;\" href=\"https:\/\/vimaterial.de\/es\/contacto\/\">P\u00f3ngase en contacto con nosotros r\u00e1pidamente<\/a>.<\/span><\/p>\n<h2>Caracter\u00edsticas<\/h2>\n<p>F\u00f3rmula qu\u00edmica: Er\u2082O\u2083<\/p>\n<p>Peso molecular: 382,52 g\/mol<\/p>\n<p>Aspecto: gr\u00e1nulos de color rosa claro a p\u00farpura<\/p>\n<p>Densidad: 8,64 g\/cm\u00b3<\/p>\n<p>Punto de fusi\u00f3n: 2341 \u00b0C<\/p>\n<p>Punto de ebullici\u00f3n: 3.300\u00b0C (aproximadamente)<\/p>\n<p>Estructura cristalina: sistema c\u00fabico<\/p>\n<h2>Aplicaci\u00f3n<\/h2>\n<p>Vidrio \u00f3ptico: gr\u00e1nulos de \u00f3xido de erbio utilizados como colorante del vidrio, pueden darle al vidrio un color rojo rosado \u00fanico, que se puede utilizar en la fabricaci\u00f3n de vidrio decorativo, vidrio art\u00edstico, etc., para aumentar la est\u00e9tica y el valor art\u00edstico del vidrio.<\/p>\n<p>Dispositivos \u00f3pticos: Debido a sus excelentes propiedades \u00f3pticas, es ampliamente utilizado en la fabricaci\u00f3n de dispositivos \u00f3pticos de alto rendimiento, como amplificadores de fibra \u00f3ptica, l\u00e1seres, etc. Puede mejorar efectivamente la eficiencia de transmisi\u00f3n de la luz y reducir la dispersi\u00f3n y la reflexi\u00f3n de la luz, mejorando as\u00ed el rendimiento general del dispositivo.<\/p>\n<p>Vidrio absorbente de infrarrojos: los gr\u00e1nulos de \u00f3xido de erbio se pueden utilizar para fabricar vidrio absorbente de infrarrojos, que tiene aplicaciones importantes en sistemas \u00f3pticos infrarrojos, equipos de im\u00e1genes t\u00e9rmicas, vidrio arquitect\u00f3nico, etc., y puede bloquear eficazmente la transmisi\u00f3n de rayos infrarrojos y reducir la transferencia de calor.<\/p>\n<p>Dispositivos semiconductores: Los gr\u00e1nulos de \u00f3xido de erbio se pueden utilizar como diel\u00e9ctrico de puerta en dispositivos semiconductores para mejorar el rendimiento y la estabilidad de los dispositivos semiconductores aprovechando su alta constante diel\u00e9ctrica y su gran banda prohibida.<\/p>\n<h2>Control de calidad<\/h2>\n<p><span style=\"color: #0000ff;\"><a style=\"color: #0000ff;\" href=\"https:\/\/vimaterial.de\/es\/control-de-calidad\/\">Nuestros productos<\/a><\/span> siguen estrictos procedimientos de control de calidad y m\u00e9todos de prueba cient\u00edficos, incluidos ICP-MS, XRD, SEM, etc. para realizar un an\u00e1lisis exhaustivo de los productos. Nuestros productos est\u00e1n completamente registrados y trazables desde la adquisici\u00f3n de materias primas, la producci\u00f3n hasta el env\u00edo para garantizar que la composici\u00f3n y el rendimiento entre lotes sean consistentes, y cada lote de productos va acompa\u00f1ado de datos completos de inspecci\u00f3n de calidad.<\/p>\n<h2>Embalaje<\/h2>\n<p>Los gr\u00e1nulos de \u00f3xido de erbio est\u00e1n sellados al vac\u00edo y tienen diferentes tama\u00f1os de empaque, como 50 g \/ 100 g \/ 500 g \/ 1 kg \/ 5 kg, que se pueden personalizar de acuerdo con los requisitos del cliente. Grandes cantidades se empaquetan en barriles de 25 kg y se fijan con palets externos.<\/p>\n<p>Los gr\u00e1nulos de \u00f3xido de erbio deben almacenarse en un lugar seco y bien ventilado para evitar la humedad. Se recomienda almacenarlos en el embalaje original sellado para evitar la reacci\u00f3n con la humedad del aire y evitar mezclarlos con sustancias \u00e1cidas o vol\u00e1tiles.<\/p>\n","protected":false},"excerpt":{"rendered":"<p>Los gr\u00e1nulos <strong>de \u00f3xido de erbio <\/strong>son un tipo de \u00f3xido de tierras raras de alta pureza, que son s\u00f3lidos granulares de color rosa claro a p\u00farpura y se utilizan ampliamente en recubrimientos \u00f3pticos, materiales l\u00e1ser, aditivos cer\u00e1micos y la industria nuclear. VIMATERIAL proporciona part\u00edculas de \u00f3xido de erbio de diferentes especificaciones y niveles de pureza, admite tama\u00f1os de part\u00edcula y empaques personalizados y satisface las diversas necesidades de aplicaci\u00f3n de los clientes. La empresa cuenta con expertos en ciencia de materiales, ingenier\u00eda de aplicaciones y otros campos para brindar soporte t\u00e9cnico a los clientes. P\u00f3ngase en contacto con nosotros r\u00e1pidamente.<\/p>\n","protected":false},"featured_media":1034459,"comment_status":"open","ping_status":"closed","template":"","meta":{"_acf_changed":false},"product_brand":[],"product_cat":[179],"product_tag":[],"class_list":{"0":"post-1029150","1":"product","2":"type-product","3":"status-publish","4":"has-post-thumbnail","6":"product_cat-materiales-de-evaporacion","8":"first","9":"instock","10":"shipping-taxable","11":"product-type-variable"},"acf":[],"_links":{"self":[{"href":"https:\/\/vimaterial.de\/es\/wp-json\/wp\/v2\/product\/1029150","targetHints":{"allow":["GET"]}}],"collection":[{"href":"https:\/\/vimaterial.de\/es\/wp-json\/wp\/v2\/product"}],"about":[{"href":"https:\/\/vimaterial.de\/es\/wp-json\/wp\/v2\/types\/product"}],"replies":[{"embeddable":true,"href":"https:\/\/vimaterial.de\/es\/wp-json\/wp\/v2\/comments?post=1029150"}],"wp:featuredmedia":[{"embeddable":true,"href":"https:\/\/vimaterial.de\/es\/wp-json\/wp\/v2\/media\/1034459"}],"wp:attachment":[{"href":"https:\/\/vimaterial.de\/es\/wp-json\/wp\/v2\/media?parent=1029150"}],"wp:term":[{"taxonomy":"product_brand","embeddable":true,"href":"https:\/\/vimaterial.de\/es\/wp-json\/wp\/v2\/product_brand?post=1029150"},{"taxonomy":"product_cat","embeddable":true,"href":"https:\/\/vimaterial.de\/es\/wp-json\/wp\/v2\/product_cat?post=1029150"},{"taxonomy":"product_tag","embeddable":true,"href":"https:\/\/vimaterial.de\/es\/wp-json\/wp\/v2\/product_tag?post=1029150"}],"curies":[{"name":"wp","href":"https:\/\/api.w.org\/{rel}","templated":true}]}}