{"id":1029117,"date":"2024-06-17T16:16:16","date_gmt":"2024-06-17T08:16:16","guid":{"rendered":"https:\/\/vimaterial.de\/product\/oxido-de-erbio\/"},"modified":"2025-03-24T15:58:46","modified_gmt":"2025-03-24T07:58:46","slug":"oxido-de-erbio","status":"publish","type":"product","link":"https:\/\/vimaterial.de\/es\/product\/oxido-de-erbio\/","title":{"rendered":"\u00d3xido de erbio"},"content":{"rendered":"<p>Los objetivos de pulverizaci\u00f3n cat\u00f3dica <span style=\"color: #0000ff;\"><a style=\"color: #0000ff;\" href=\"https:\/\/vimaterial.de\/es\/product\/oxido-de-erbio-2\/\">de \u00f3xido de erbio<\/a> <\/span>tienen las caracter\u00edsticas de alto punto de fusi\u00f3n, alta dureza, buena estabilidad qu\u00edmica y propiedades \u00f3pticas. A menudo se utilizan en recubrimientos \u00f3pticos, fabricaci\u00f3n de semiconductores, pantallas planas y otros campos para preparar materiales de pel\u00edcula delgada de alto rendimiento.<\/p>\n<p>VIMATERIAL proporciona un objetivo de pulverizaci\u00f3n cat\u00f3dica de \u00f3xido de erbio en varias especificaciones y admite el servicio de uni\u00f3n de objetivos. Aceptamos la personalizaci\u00f3n de los productos, <span style=\"color: #0000ff;\"><a style=\"color: #0000ff;\" href=\"https:\/\/vimaterial.de\/es\/contacto\/\">cont\u00e1ctenos<\/a><\/span>.<\/p>\n<h2><span style=\"font-size: 14pt;\">Propiedades<\/span><\/h2>\n<p>F\u00f3rmula molecular: Er2O3<\/p>\n<p>Peso molecular: alrededor de 382.52<\/p>\n<p>Aspecto: polvo rosa<\/p>\n<p>Densidad: 8,64 g\/cm\u00b3<\/p>\n<p>Punto de fusi\u00f3n: 2344 \u00b0C<\/p>\n<p>Punto de ebullici\u00f3n: alrededor de 3000 \u00b0C<\/p>\n<p>Estructura cristalina: sistema hexagonal, el grupo espacial es P63 \/ mmc, los iones de ox\u00edgeno forman un empaquetamiento cerrado hexagonal, los iones de erbio se encuentran en el espacio octa\u00e9drico<\/p>\n<h2><span style=\"font-size: 14pt;\">Aplicaciones<\/span><\/h2>\n<p>Campo \u00f3ptico: Er2O3 se puede utilizar para fabricar vidrio \u00f3ptico, lo que puede mejorar el \u00edndice de refracci\u00f3n y el rendimiento de absorci\u00f3n infrarroja del vidrio, mejorando as\u00ed la calidad de imagen de los instrumentos \u00f3pticos.<\/p>\n<p>Industria electr\u00f3nica: En la industria electr\u00f3nica, el Er2O3 se utiliza a menudo como aditivo para condensadores y materiales ferroel\u00e9ctricos, lo que ayuda a mejorar las propiedades diel\u00e9ctricas y la estabilidad de los materiales.<\/p>\n<p>Campo cer\u00e1mico: La adici\u00f3n de Er2O3 a la cer\u00e1mica puede reducir la temperatura de sinterizaci\u00f3n de la cer\u00e1mica, mejorar la densidad y las propiedades mec\u00e1nicas de la cer\u00e1mica y hacerla m\u00e1s adecuada para productos cer\u00e1micos de alta gama.<\/p>\n<h2><span style=\"font-size: 14pt;\">Control de calidad<\/span><\/h2>\n<p><span style=\"color: #0000ff;\"><a style=\"color: #0000ff;\" href=\"https:\/\/vimaterial.de\/es\/control-de-calidad\/\">Cada lote<\/a><\/span> de productos protege estrictamente la calidad, desde la selecci\u00f3n de proveedores de materias primas, hasta el uso de equipos de prueba avanzados para monitorear con precisi\u00f3n todo el proceso de producci\u00f3n, hasta el producto terminado a trav\u00e9s de muchas rondas de muestreo severo y certificaci\u00f3n autorizada de terceros, hasta un sistema de control de calidad integral de tolerancia cero para garantizar que cada lote de productos cumpla y supere los altos est\u00e1ndares de la industria, para proporcionar a nuestros clientes la mejor calidad y los productos m\u00e1s estables.<\/p>\n<h2><span style=\"font-size: 14pt;\">Embalaje y almacenamiento<\/span><\/h2>\n<p>El objetivo de pulverizaci\u00f3n cat\u00f3dica de \u00f3xido de erbio se empaqueta despu\u00e9s de un doble embolsado al vac\u00edo y se empaqueta en una caja de cart\u00f3n exterior para garantizar la seguridad del transporte.<\/p>\n<p>Los objetivos de pulverizaci\u00f3n cat\u00f3dica de \u00f3xido de erbio deben almacenarse en un ambiente seco y limpio para evitar la humedad, la oxidaci\u00f3n y el da\u00f1o mec\u00e1nico para garantizar su rendimiento y pureza.<\/p>\n","protected":false},"excerpt":{"rendered":"<p>Los objetivos de pulverizaci\u00f3n cat\u00f3dica <span style=\"color: #0000ff;\"><a style=\"color: #0000ff;\" href=\"https:\/\/vimaterial.de\/es\/product\/oxido-de-erbio-2\/\">de \u00f3xido de erbio<\/a> <\/span>tienen las caracter\u00edsticas de alto punto de fusi\u00f3n, alta dureza, buena estabilidad qu\u00edmica y propiedades \u00f3pticas. A menudo se utilizan en recubrimientos \u00f3pticos, fabricaci\u00f3n de semiconductores, pantallas planas y otros campos para preparar materiales de pel\u00edcula delgada de alto rendimiento.<\/p>\n<p>VIMATERIAL proporciona un objetivo de pulverizaci\u00f3n cat\u00f3dica de \u00f3xido de erbio en varias especificaciones y admite el servicio de uni\u00f3n de objetivos. Aceptamos la personalizaci\u00f3n de los productos, <span style=\"color: #0000ff;\"><a style=\"color: #0000ff;\" href=\"https:\/\/vimaterial.de\/es\/contacto\/\">cont\u00e1ctenos<\/a><\/span>.<\/p>\n","protected":false},"featured_media":1034469,"comment_status":"open","ping_status":"closed","template":"","meta":{"_acf_changed":false},"product_brand":[],"product_cat":[178],"product_tag":[],"class_list":{"0":"post-1029117","1":"product","2":"type-product","3":"status-publish","4":"has-post-thumbnail","6":"product_cat-catodos-para-sputtering-planar","8":"first","9":"instock","10":"shipping-taxable","11":"product-type-variable"},"acf":[],"_links":{"self":[{"href":"https:\/\/vimaterial.de\/es\/wp-json\/wp\/v2\/product\/1029117","targetHints":{"allow":["GET"]}}],"collection":[{"href":"https:\/\/vimaterial.de\/es\/wp-json\/wp\/v2\/product"}],"about":[{"href":"https:\/\/vimaterial.de\/es\/wp-json\/wp\/v2\/types\/product"}],"replies":[{"embeddable":true,"href":"https:\/\/vimaterial.de\/es\/wp-json\/wp\/v2\/comments?post=1029117"}],"wp:featuredmedia":[{"embeddable":true,"href":"https:\/\/vimaterial.de\/es\/wp-json\/wp\/v2\/media\/1034469"}],"wp:attachment":[{"href":"https:\/\/vimaterial.de\/es\/wp-json\/wp\/v2\/media?parent=1029117"}],"wp:term":[{"taxonomy":"product_brand","embeddable":true,"href":"https:\/\/vimaterial.de\/es\/wp-json\/wp\/v2\/product_brand?post=1029117"},{"taxonomy":"product_cat","embeddable":true,"href":"https:\/\/vimaterial.de\/es\/wp-json\/wp\/v2\/product_cat?post=1029117"},{"taxonomy":"product_tag","embeddable":true,"href":"https:\/\/vimaterial.de\/es\/wp-json\/wp\/v2\/product_tag?post=1029117"}],"curies":[{"name":"wp","href":"https:\/\/api.w.org\/{rel}","templated":true}]}}