{"id":1029098,"date":"2024-06-17T16:16:16","date_gmt":"2024-06-17T08:16:16","guid":{"rendered":"https:\/\/vimaterial.de\/product\/aleacion-de-erbio-y-niquel\/"},"modified":"2025-03-24T16:20:51","modified_gmt":"2025-03-24T08:20:51","slug":"aleacion-de-erbio-y-niquel","status":"publish","type":"product","link":"https:\/\/vimaterial.de\/es\/product\/aleacion-de-erbio-y-niquel\/","title":{"rendered":"Aleaci\u00f3n de erbio y n\u00edquel"},"content":{"rendered":"<p>Los gr\u00e1nulos de aleaci\u00f3n de erbio y n\u00edquel son materiales de part\u00edculas de aleaci\u00f3n compuestos por dos elementos, erbio y n\u00edquel, que tienen una alta capacidad calor\u00edfica espec\u00edfica a bajas temperaturas y se usan com\u00fanmente en equipos de refrigeraci\u00f3n de baja temperatura como crioenfriadores, as\u00ed como materiales para filtros fotogr\u00e1ficos.<\/p>\n<p>VIMATERIAL proporciona gr\u00e1nulos de Er3Ni en varias especificaciones y admite el servicio de encuadernaci\u00f3n de objetivos. Aceptamos la personalizaci\u00f3n de los productos, <span style=\"color: #0000ff;\"><a style=\"color: #0000ff;\" href=\"https:\/\/vimaterial.de\/es\/contacto\/\">cont\u00e1ctenos<\/a><\/span>.<\/p>\n<h2><span style=\"font-size: 14pt;\">Caracter\u00edsticas<\/span><\/h2>\n<p>F\u00f3rmula molecular: Er3Ni<\/p>\n<p>Peso molecular: alrededor de 588.74<\/p>\n<p>Aspecto: part\u00edculas de brillo met\u00e1lico de color gris plateado<\/p>\n<p>Densidad: aprox. 9,11 g\/cm\u00b3<\/p>\n<p>Punto de fusi\u00f3n: 1525 \u00b0C<\/p>\n<p>Estructura cristalina: Tiene una estructura cristalina hexagonal, el grupo espacial es P6\u2083 \/ mmc, y los \u00e1tomos de Er y los \u00e1tomos de Ni est\u00e1n dispuestos en un cierto patr\u00f3n en la red.<\/p>\n<h2><span style=\"font-size: 14pt;\">Aplicaciones<\/span><\/h2>\n<p>Campo de dispositivos electr\u00f3nicos: En dispositivos electr\u00f3nicos, Er\u2083Ni, como material funcional potencial, ayuda a mejorar el rendimiento de los componentes electr\u00f3nicos, como mejorar la respuesta a cantidades f\u00edsicas espec\u00edficas en algunos sensores.<\/p>\n<p>Campo de almacenamiento de energ\u00eda: Er\u2083Ni se puede utilizar como aditivo para los materiales de los electrodos para mejorar la conductividad y la estabilidad de los electrodos, mejorando as\u00ed el rendimiento de carga y descarga de los dispositivos de almacenamiento de energ\u00eda, como las bater\u00edas.<\/p>\n<p>Campo de cat\u00e1lisis: Er\u2083Ni exhibe actividad catal\u00edtica en algunas reacciones qu\u00edmicas y se puede utilizar para catalizar reacciones org\u00e1nicas espec\u00edficas para mejorar la eficiencia y selectividad de la reacci\u00f3n.<\/p>\n<p>Campo de aleaciones: Agregar Er \u2083Ni a las aleaciones puede refinar los granos, mejorar las propiedades mec\u00e1nicas de las aleaciones y mejorar su resistencia y resistencia al desgaste, lo que lo hace adecuado para la fabricaci\u00f3n de piezas mec\u00e1nicas de alta gama.<\/p>\n<h2><span style=\"font-size: 14pt;\">Control de calidad<\/span><\/h2>\n<p><span style=\"color: #0000ff;\"><a style=\"color: #0000ff;\" href=\"https:\/\/vimaterial.de\/es\/control-de-calidad\/\">Cada lote<\/a><\/span> de productos protege estrictamente la calidad, desde la selecci\u00f3n de proveedores de materias primas, hasta el uso de equipos de prueba avanzados para monitorear con precisi\u00f3n todo el proceso de producci\u00f3n, hasta el producto terminado a trav\u00e9s de muchas rondas de muestreo severo y certificaci\u00f3n autorizada de terceros, hasta un sistema de control de calidad integral de tolerancia cero para garantizar que cada lote de productos cumpla y supere los altos est\u00e1ndares de la industria, para proporcionar a nuestros clientes la mejor calidad y los productos m\u00e1s estables.<\/p>\n<h2><span style=\"font-size: 14pt;\">Embalaje y almacenamiento<\/span><\/h2>\n<p>Los gr\u00e1nulos de aleaci\u00f3n de erbio y n\u00edquel se empaquetan en una bolsa de vac\u00edo o una botella de vac\u00edo en una caja de cart\u00f3n para garantizar un transporte seguro.<\/p>\n<p>Los gr\u00e1nulos de aleaci\u00f3n de erbio y n\u00edquel deben almacenarse en un ambiente sellado, seco y de baja temperatura, evitando el contacto con el aire y la humedad, y evitando la oxidaci\u00f3n y otras reacciones qu\u00edmicas para mantener su rendimiento estable.<\/p>\n","protected":false},"excerpt":{"rendered":"<p>Los gr\u00e1nulos de aleaci\u00f3n de erbio y n\u00edquel son materiales de part\u00edculas de aleaci\u00f3n compuestos por dos elementos, erbio y n\u00edquel, que tienen una alta capacidad calor\u00edfica espec\u00edfica a bajas temperaturas y se usan com\u00fanmente en equipos de refrigeraci\u00f3n de baja temperatura como crioenfriadores, as\u00ed como materiales para filtros fotogr\u00e1ficos.<\/p>\n<p>VIMATERIAL proporciona gr\u00e1nulos de Er3Ni en varias especificaciones y admite el servicio de encuadernaci\u00f3n de objetivos. Aceptamos la personalizaci\u00f3n de los productos, <span style=\"color: #0000ff;\"><a style=\"color: #0000ff;\" href=\"https:\/\/vimaterial.de\/es\/contacto\/\">cont\u00e1ctenos<\/a><\/span>.<\/p>\n","protected":false},"featured_media":1034474,"comment_status":"open","ping_status":"closed","template":"","meta":{"_acf_changed":false},"product_brand":[],"product_cat":[179],"product_tag":[],"class_list":{"0":"post-1029098","1":"product","2":"type-product","3":"status-publish","4":"has-post-thumbnail","6":"product_cat-materiales-de-evaporacion","8":"first","9":"instock","10":"shipping-taxable","11":"product-type-variable"},"acf":[],"_links":{"self":[{"href":"https:\/\/vimaterial.de\/es\/wp-json\/wp\/v2\/product\/1029098","targetHints":{"allow":["GET"]}}],"collection":[{"href":"https:\/\/vimaterial.de\/es\/wp-json\/wp\/v2\/product"}],"about":[{"href":"https:\/\/vimaterial.de\/es\/wp-json\/wp\/v2\/types\/product"}],"replies":[{"embeddable":true,"href":"https:\/\/vimaterial.de\/es\/wp-json\/wp\/v2\/comments?post=1029098"}],"wp:featuredmedia":[{"embeddable":true,"href":"https:\/\/vimaterial.de\/es\/wp-json\/wp\/v2\/media\/1034474"}],"wp:attachment":[{"href":"https:\/\/vimaterial.de\/es\/wp-json\/wp\/v2\/media?parent=1029098"}],"wp:term":[{"taxonomy":"product_brand","embeddable":true,"href":"https:\/\/vimaterial.de\/es\/wp-json\/wp\/v2\/product_brand?post=1029098"},{"taxonomy":"product_cat","embeddable":true,"href":"https:\/\/vimaterial.de\/es\/wp-json\/wp\/v2\/product_cat?post=1029098"},{"taxonomy":"product_tag","embeddable":true,"href":"https:\/\/vimaterial.de\/es\/wp-json\/wp\/v2\/product_tag?post=1029098"}],"curies":[{"name":"wp","href":"https:\/\/api.w.org\/{rel}","templated":true}]}}