{"id":1029086,"date":"2024-06-17T16:16:17","date_gmt":"2024-06-17T08:16:17","guid":{"rendered":"https:\/\/vimaterial.de\/product\/fluoruro-de-erbio-3\/"},"modified":"2025-03-20T14:22:31","modified_gmt":"2025-03-20T06:22:31","slug":"fluoruro-de-erbio-3","status":"publish","type":"product","link":"https:\/\/vimaterial.de\/es\/product\/fluoruro-de-erbio-3\/","title":{"rendered":"Fluoruro de erbio"},"content":{"rendered":"<p><a href=\"https:\/\/vimaterial.de\/es\/product\/fluoruro-de-erbio-2\/\"><span style=\"color: #0000ff;\">El fluoruro de erbio<\/span><\/a> es un gr\u00e1nulo de fluoruro de color rojo rosado del metal de tierras raras erbio con un cierto punto de fusi\u00f3n y ebullici\u00f3n, insoluble en agua y \u00e1cidos diluidos, y com\u00fanmente utilizado en recubrimientos \u00f3pticos, dopaje de fibra \u00f3ptica, cristales l\u00e1ser y otros campos.<\/p>\n<p>VIMATERIAL proporciona gr\u00e1nulos de ErF3 en varias especificaciones y admite el servicio de uni\u00f3n de objetivos. Aceptamos la personalizaci\u00f3n de los productos, <span style=\"color: #0000ff;\"><a style=\"color: #0000ff;\" href=\"https:\/\/vimaterial.de\/es\/contacto\/\">cont\u00e1ctenos<\/a>.<\/span><\/p>\n<h2><span style=\"font-size: 14pt;\">Propiedades<\/span><\/h2>\n<p>F\u00f3rmula molecular: ErF\u2083<\/p>\n<p>Peso molecular: 224.2542<\/p>\n<p>Aspecto: Cristal de color rosa<\/p>\n<p>Densidad: 7.814 g\/cm\u00b3.<\/p>\n<p>Punto de fusi\u00f3n: 1350 \u00baC<\/p>\n<p>Punto de ebullici\u00f3n: 2200 \u00baC<\/p>\n<h2><span style=\"font-size: 14pt;\">Aplicaciones<\/span><\/h2>\n<p>Recubrimiento \u00f3ptico: Las part\u00edculas de fluoruro de erbio se pueden utilizar para el recubrimiento \u00f3ptico debido a sus propiedades \u00f3pticas \u00fanicas, que pueden mejorar el \u00edndice de refracci\u00f3n y la transmitancia de los componentes \u00f3pticos.<\/p>\n<p>Cristales l\u00e1ser: Las part\u00edculas de fluoruro de erbio son uno de los materiales importantes para la preparaci\u00f3n de cristales l\u00e1ser. Los cristales l\u00e1ser dopados con fluoruro de erbio pueden producir longitudes de onda espec\u00edficas de luz l\u00e1ser en sistemas l\u00e1ser y tienen una amplia gama de aplicaciones en tecnolog\u00eda l\u00e1ser, atenci\u00f3n m\u00e9dica e investigaci\u00f3n cient\u00edfica.<\/p>\n<p>Dopaje de fibra: El dopaje de fibra puede mejorar el rendimiento de transmisi\u00f3n y amplificaci\u00f3n de la fibra \u00f3ptica, las comunicaciones de fibra \u00f3ptica y el desarrollo de la tecnolog\u00eda de detecci\u00f3n de fibra \u00f3ptica es de gran importancia.<\/p>\n<p>Cat\u00e1lisis: Como aditivo catal\u00edtico, puede participar en el proceso catal\u00edtico de ciertas reacciones qu\u00edmicas.<\/p>\n<h2><span style=\"font-size: 14pt;\">Control de calidad<\/span><\/h2>\n<p><span style=\"color: #0000ff;\"><a style=\"color: #0000ff;\" href=\"https:\/\/vimaterial.de\/es\/control-de-calidad\/\">Cada lote<\/a><\/span> de productos protege estrictamente la calidad, desde la selecci\u00f3n de proveedores de materias primas, hasta el uso de equipos de prueba avanzados para monitorear con precisi\u00f3n todo el proceso de producci\u00f3n, hasta el producto terminado a trav\u00e9s de muchas rondas de muestreo severo y certificaci\u00f3n autorizada de terceros, hasta un sistema de control de calidad integral de tolerancia cero para garantizar que cada lote de productos cumpla y supere los altos est\u00e1ndares de la industria, para proporcionar a nuestros clientes la mejor calidad y los productos m\u00e1s estables.<\/p>\n<h2><span style=\"font-size: 14pt;\">Embalaje y almacenamiento<\/span><\/h2>\n<p>Los gr\u00e1nulos de fluoruro de erbio se empaquetan en una bolsa de vac\u00edo o en una botella de vac\u00edo en una caja de cart\u00f3n para garantizar un transporte seguro.<\/p>\n<p>Los gr\u00e1nulos de fluoruro de erbio deben almacenarse en un ambiente seco, fresco y bien ventilado, evitando el contacto con sustancias como el agua y agentes oxidantes fuertes para evitar reacciones qu\u00edmicas.<\/p>\n","protected":false},"excerpt":{"rendered":"<p><a href=\"https:\/\/vimaterial.de\/es\/product\/fluoruro-de-erbio-2\/\"><span style=\"color: #0000ff;\">El fluoruro de erbio<\/span><\/a> es un gr\u00e1nulo de fluoruro de color rojo rosado del metal de tierras raras erbio con un cierto punto de fusi\u00f3n y ebullici\u00f3n, insoluble en agua y \u00e1cidos diluidos, y com\u00fanmente utilizado en recubrimientos \u00f3pticos, dopaje de fibra \u00f3ptica, cristales l\u00e1ser y otros campos.<\/p>\n<p>VIMATERIAL proporciona gr\u00e1nulos de ErF3 en varias especificaciones y admite el servicio de uni\u00f3n de objetivos. Aceptamos la personalizaci\u00f3n de los productos, <span style=\"color: #0000ff;\"><a style=\"color: #0000ff;\" href=\"https:\/\/vimaterial.de\/es\/contacto\/\">cont\u00e1ctenos<\/a>.<\/span><\/p>\n","protected":false},"featured_media":1034489,"comment_status":"open","ping_status":"closed","template":"","meta":{"_acf_changed":false},"product_brand":[],"product_cat":[179],"product_tag":[],"class_list":{"0":"post-1029086","1":"product","2":"type-product","3":"status-publish","4":"has-post-thumbnail","6":"product_cat-materiales-de-evaporacion","8":"first","9":"instock","10":"shipping-taxable","11":"product-type-variable"},"acf":[],"_links":{"self":[{"href":"https:\/\/vimaterial.de\/es\/wp-json\/wp\/v2\/product\/1029086","targetHints":{"allow":["GET"]}}],"collection":[{"href":"https:\/\/vimaterial.de\/es\/wp-json\/wp\/v2\/product"}],"about":[{"href":"https:\/\/vimaterial.de\/es\/wp-json\/wp\/v2\/types\/product"}],"replies":[{"embeddable":true,"href":"https:\/\/vimaterial.de\/es\/wp-json\/wp\/v2\/comments?post=1029086"}],"wp:featuredmedia":[{"embeddable":true,"href":"https:\/\/vimaterial.de\/es\/wp-json\/wp\/v2\/media\/1034489"}],"wp:attachment":[{"href":"https:\/\/vimaterial.de\/es\/wp-json\/wp\/v2\/media?parent=1029086"}],"wp:term":[{"taxonomy":"product_brand","embeddable":true,"href":"https:\/\/vimaterial.de\/es\/wp-json\/wp\/v2\/product_brand?post=1029086"},{"taxonomy":"product_cat","embeddable":true,"href":"https:\/\/vimaterial.de\/es\/wp-json\/wp\/v2\/product_cat?post=1029086"},{"taxonomy":"product_tag","embeddable":true,"href":"https:\/\/vimaterial.de\/es\/wp-json\/wp\/v2\/product_tag?post=1029086"}],"curies":[{"name":"wp","href":"https:\/\/api.w.org\/{rel}","templated":true}]}}