{"id":1029056,"date":"2024-06-17T16:16:17","date_gmt":"2024-06-17T08:16:17","guid":{"rendered":"https:\/\/vimaterial.de\/product\/fosfato-de-erbio\/"},"modified":"2025-03-20T18:14:59","modified_gmt":"2025-03-20T10:14:59","slug":"fosfato-de-erbio","status":"publish","type":"product","link":"https:\/\/vimaterial.de\/es\/product\/fosfato-de-erbio\/","title":{"rendered":"Fosfato de erbio"},"content":{"rendered":"<p>El polvo de fosfato de erbio es un polvo compuesto de tierras raras compuesto por los elementos f\u00f3sforo y erbio, con propiedades f\u00edsicas y qu\u00edmicas \u00fanicas y aplicaciones potenciales en los campos de la \u00f3ptica y la electr\u00f3nica.<\/p>\n<p>VIMATERIAL proporciona polvo ErPO4 en varias especificaciones y admite el servicio de uni\u00f3n de objetivos. Aceptamos la personalizaci\u00f3n de los productos, <span style=\"color: #0000ff;\"><a style=\"color: #0000ff;\" href=\"https:\/\/vimaterial.de\/es\/contacto\/\">cont\u00e1ctenos<\/a><\/span>.<\/p>\n<h2><span style=\"font-size: 14pt;\">Propiedades<\/span><\/h2>\n<p>F\u00f3rmula molecular: ErPO4<\/p>\n<p>Peso molecular: alrededor de 262,23 g\/mol<\/p>\n<p>Aspecto: Polvo blanquecino<\/p>\n<p>Densidad: aprox. 6.164 mg\/m\u00b3.<\/p>\n<p>Punto de fusi\u00f3n: aprox. 158 \u00b0C a 760 mmHg<\/p>\n<p>Estructura cristalina: Tetragonal, circ\u00f3n, grupo espacial I4\u2081\/amd<\/p>\n<h2><span style=\"font-size: 14pt;\">Aplicaciones<\/span><\/h2>\n<p>Material l\u00e1ser: Se puede utilizar para fabricar cristales l\u00e1ser y desempe\u00f1a un papel importante en la tecnolog\u00eda l\u00e1ser. Su estructura electr\u00f3nica especial y sus propiedades \u00f3pticas le permiten proporcionar una ganancia \u00f3ptica estable durante la emisi\u00f3n del l\u00e1ser, generando as\u00ed un rayo l\u00e1ser de alta calidad.<\/p>\n<p>Aditivos para vidrio \u00f3ptico: Se agregan al vidrio \u00f3ptico para mejorar las propiedades \u00f3pticas del vidrio.<\/p>\n<p>Materiales semiconductores: Como material semiconductor, el fosfato de erbio se puede utilizar en la fabricaci\u00f3n de dispositivos semiconductores como transistores y circuitos integrados. Sus propiedades semiconductoras pueden realizar el control y la regulaci\u00f3n de la corriente y el voltaje en equipos electr\u00f3nicos, mejorando as\u00ed el rendimiento y la confiabilidad de los equipos electr\u00f3nicos.<\/p>\n<p>Materiales cer\u00e1micos electr\u00f3nicos: se utilizan para preparar materiales cer\u00e1micos electr\u00f3nicos, como cer\u00e1micas de condensadores y cer\u00e1micas t\u00e9rmicas.<\/p>\n<h2><span style=\"font-size: 14pt;\">Control de calidad<\/span><\/h2>\n<p><span style=\"color: #0000ff;\"><a style=\"color: #0000ff;\" href=\"https:\/\/vimaterial.de\/es\/control-de-calidad\/\">Cada lote<\/a><\/span> de productos protege estrictamente la calidad, desde la selecci\u00f3n de proveedores de materias primas, hasta el uso de equipos de prueba avanzados para monitorear con precisi\u00f3n todo el proceso de producci\u00f3n, hasta el producto terminado a trav\u00e9s de muchas rondas de muestreo severo y certificaci\u00f3n autorizada de terceros, hasta un sistema de control de calidad integral de tolerancia cero para garantizar que cada lote de productos cumpla y supere los altos est\u00e1ndares de la industria, para proporcionar a nuestros clientes la mejor calidad y los productos m\u00e1s estables.<\/p>\n<h2><span style=\"font-size: 14pt;\">Embalaje y almacenamiento<\/span><\/h2>\n<p>El polvo de fosfato de erbio se envasa en una bolsa de vac\u00edo o en una botella de vac\u00edo en una caja de cart\u00f3n para garantizar un transporte seguro.<\/p>\n<p>El fosfato de erbio debe almacenarse en un ambiente seco y fresco, lejos de la humedad y de \u00e1cidos o bases fuertes para evitar su deterioro y garantizar su estabilidad.<\/p>\n","protected":false},"excerpt":{"rendered":"<p>El polvo de fosfato de erbio es un polvo compuesto de tierras raras compuesto por los elementos f\u00f3sforo y erbio, con propiedades f\u00edsicas y qu\u00edmicas \u00fanicas y aplicaciones potenciales en los campos de la \u00f3ptica y la electr\u00f3nica.<\/p>\n<p>VIMATERIAL proporciona polvo ErPO4 en varias especificaciones y admite el servicio de uni\u00f3n de objetivos. Aceptamos la personalizaci\u00f3n de los productos, <span style=\"color: #0000ff;\"><a style=\"color: #0000ff;\" href=\"https:\/\/vimaterial.de\/es\/contacto\/\">cont\u00e1ctenos<\/a><\/span>.<\/p>\n","protected":false},"featured_media":1034504,"comment_status":"open","ping_status":"closed","template":"","meta":{"_acf_changed":false},"product_brand":[],"product_cat":[164],"product_tag":[],"class_list":{"0":"post-1029056","1":"product","2":"type-product","3":"status-publish","4":"has-post-thumbnail","6":"product_cat-sin-categoria","8":"first","9":"instock","10":"shipping-taxable","11":"product-type-variable"},"acf":[],"_links":{"self":[{"href":"https:\/\/vimaterial.de\/es\/wp-json\/wp\/v2\/product\/1029056","targetHints":{"allow":["GET"]}}],"collection":[{"href":"https:\/\/vimaterial.de\/es\/wp-json\/wp\/v2\/product"}],"about":[{"href":"https:\/\/vimaterial.de\/es\/wp-json\/wp\/v2\/types\/product"}],"replies":[{"embeddable":true,"href":"https:\/\/vimaterial.de\/es\/wp-json\/wp\/v2\/comments?post=1029056"}],"wp:featuredmedia":[{"embeddable":true,"href":"https:\/\/vimaterial.de\/es\/wp-json\/wp\/v2\/media\/1034504"}],"wp:attachment":[{"href":"https:\/\/vimaterial.de\/es\/wp-json\/wp\/v2\/media?parent=1029056"}],"wp:term":[{"taxonomy":"product_brand","embeddable":true,"href":"https:\/\/vimaterial.de\/es\/wp-json\/wp\/v2\/product_brand?post=1029056"},{"taxonomy":"product_cat","embeddable":true,"href":"https:\/\/vimaterial.de\/es\/wp-json\/wp\/v2\/product_cat?post=1029056"},{"taxonomy":"product_tag","embeddable":true,"href":"https:\/\/vimaterial.de\/es\/wp-json\/wp\/v2\/product_tag?post=1029056"}],"curies":[{"name":"wp","href":"https:\/\/api.w.org\/{rel}","templated":true}]}}