{"id":1029052,"date":"2024-06-17T16:16:17","date_gmt":"2024-06-17T08:16:17","guid":{"rendered":"https:\/\/vimaterial.de\/product\/fluoruro-de-erbio\/"},"modified":"2025-03-20T17:57:20","modified_gmt":"2025-03-20T09:57:20","slug":"fluoruro-de-erbio","status":"publish","type":"product","link":"https:\/\/vimaterial.de\/es\/product\/fluoruro-de-erbio\/","title":{"rendered":"Fluoruro de erbio"},"content":{"rendered":"<p>El objetivo de pulverizaci\u00f3n cat\u00f3dica <span style=\"color: #0000ff;\"><a style=\"color: #0000ff;\" href=\"https:\/\/vimaterial.de\/es\/product\/fluoruro-de-erbio-3\/\">de fluoruro de erbio<\/a><\/span> es un material funcional hecho de fluoruro de erbio como materia prima y se utiliza en la tecnolog\u00eda de recubrimiento por pulverizaci\u00f3n cat\u00f3dica para depositar una pel\u00edcula delgada de fluoruro de erbio en el sustrato, que tiene aplicaciones importantes en muchos campos, como la \u00f3ptica y la electr\u00f3nica.<\/p>\n<p>VIMATERIAL proporciona un objetivo de pulverizaci\u00f3n cat\u00f3dica de fluoruro de erbio en varias especificaciones y admite el servicio de uni\u00f3n de objetivos. Aceptamos la personalizaci\u00f3n de los productos, <span style=\"color: #0000ff;\"><a style=\"color: #0000ff;\" href=\"https:\/\/vimaterial.de\/es\/contacto\/\">cont\u00e1ctenos.<\/a><\/span><\/p>\n<h2><span style=\"font-size: 14pt;\">Propiedades<\/span><\/h2>\n<p>F\u00f3rmula molecular: ErF\u2083<\/p>\n<p>Peso molecular: alrededor de 224.25<\/p>\n<p>Aspecto: blanco rosa<\/p>\n<p>Densidad: alrededor de 7.814<\/p>\n<p>Punto de ebullici\u00f3n: 2200 \u00baC<\/p>\n<h2><span style=\"font-size: 14pt;\">Aplicaciones<\/span><\/h2>\n<p>Recubrimiento \u00f3ptico: se puede utilizar para preparar varios tipos de pel\u00edculas \u00f3pticas, en lentes \u00f3pticas, lentes, instrumentos \u00f3pticos y otros productos, a trav\u00e9s de la pulverizaci\u00f3n cat\u00f3dica de la pel\u00edcula delgada de fluoruro de erbio puede mejorar la transmitancia, la reflectividad y otras propiedades de los componentes \u00f3pticos, mejorar la calidad de la imagen y el rendimiento \u00f3ptico de los sistemas \u00f3pticos.<\/p>\n<p>Fabricaci\u00f3n de semiconductores: En el proceso de fabricaci\u00f3n de chips semiconductores, los objetivos de pulverizaci\u00f3n cat\u00f3dica de fluoruro de erbio se pueden utilizar para preparar capas aislantes y materiales de electrodos para transistores de pel\u00edcula delgada (TFT) y circuitos integrados (IC).<\/p>\n<p>Encapsulaci\u00f3n electr\u00f3nica: recubrimiento de superficie para materiales de encapsulaci\u00f3n electr\u00f3nica para mejorar la resistencia a la corrosi\u00f3n, el aislamiento y las propiedades de disipaci\u00f3n de calor de los materiales de encapsulaci\u00f3n, a fin de proteger el equipo electr\u00f3nico de la influencia del entorno externo y mejorar la confiabilidad y la vida \u00fatil del equipo electr\u00f3nico.<\/p>\n<h2><span style=\"font-size: 14pt;\">Control de calidad<\/span><\/h2>\n<p><span style=\"color: #0000ff;\"><a style=\"color: #0000ff;\" href=\"https:\/\/vimaterial.de\/es\/control-de-calidad\/\">Cada lote<\/a><\/span> de productos protege estrictamente la calidad, desde la selecci\u00f3n de proveedores de materias primas, hasta el uso de equipos de prueba avanzados para monitorear con precisi\u00f3n todo el proceso de producci\u00f3n, hasta el producto terminado a trav\u00e9s de muchas rondas de muestreo severo y certificaci\u00f3n autorizada de terceros, hasta un sistema de control de calidad integral de tolerancia cero para garantizar que cada lote de productos cumpla y supere los altos est\u00e1ndares de la industria, para proporcionar a nuestros clientes la mejor calidad y los productos m\u00e1s estables.<\/p>\n<h2><span style=\"font-size: 14pt;\">Embalaje y almacenamiento<\/span><\/h2>\n<p>El objetivo de pulverizaci\u00f3n cat\u00f3dica de fluoruro de erbio se empaqueta despu\u00e9s de una bolsa de doble vac\u00edo y se empaqueta en una caja de cart\u00f3n exterior para garantizar la seguridad del transporte.<\/p>\n<p>Los objetivos de pulverizaci\u00f3n cat\u00f3dica de fluoruro de erbio deben almacenarse en un ambiente seco, fresco y ventilado, evitando el contacto con la humedad, la luz intensa y las sustancias corrosivas, y empacarse en un empaque sellado a prueba de humedad para evitar la contaminaci\u00f3n y la oxidaci\u00f3n.<\/p>\n","protected":false},"excerpt":{"rendered":"<p>El objetivo de pulverizaci\u00f3n cat\u00f3dica <span style=\"color: #0000ff;\"><a style=\"color: #0000ff;\" href=\"https:\/\/vimaterial.de\/es\/product\/fluoruro-de-erbio-3\/\">de fluoruro de erbio<\/a><\/span> es un material funcional hecho de fluoruro de erbio como materia prima y se utiliza en la tecnolog\u00eda de recubrimiento por pulverizaci\u00f3n cat\u00f3dica para depositar una pel\u00edcula delgada de fluoruro de erbio en el sustrato, que tiene aplicaciones importantes en muchos campos, como la \u00f3ptica y la electr\u00f3nica.<\/p>\n<p>VIMATERIAL proporciona un objetivo de pulverizaci\u00f3n cat\u00f3dica de fluoruro de erbio en varias especificaciones y admite el servicio de uni\u00f3n de objetivos. Aceptamos la personalizaci\u00f3n de los productos, <span style=\"color: #0000ff;\"><a style=\"color: #0000ff;\" href=\"https:\/\/vimaterial.de\/es\/contacto\/\">cont\u00e1ctenos.<\/a><\/span><\/p>\n<p>&nbsp;<\/p>\n","protected":false},"featured_media":1034499,"comment_status":"open","ping_status":"closed","template":"","meta":{"_acf_changed":false},"product_brand":[],"product_cat":[178],"product_tag":[],"class_list":{"0":"post-1029052","1":"product","2":"type-product","3":"status-publish","4":"has-post-thumbnail","6":"product_cat-catodos-para-sputtering-planar","8":"first","9":"outofstock","10":"shipping-taxable","11":"product-type-variable"},"acf":[],"_links":{"self":[{"href":"https:\/\/vimaterial.de\/es\/wp-json\/wp\/v2\/product\/1029052","targetHints":{"allow":["GET"]}}],"collection":[{"href":"https:\/\/vimaterial.de\/es\/wp-json\/wp\/v2\/product"}],"about":[{"href":"https:\/\/vimaterial.de\/es\/wp-json\/wp\/v2\/types\/product"}],"replies":[{"embeddable":true,"href":"https:\/\/vimaterial.de\/es\/wp-json\/wp\/v2\/comments?post=1029052"}],"wp:featuredmedia":[{"embeddable":true,"href":"https:\/\/vimaterial.de\/es\/wp-json\/wp\/v2\/media\/1034499"}],"wp:attachment":[{"href":"https:\/\/vimaterial.de\/es\/wp-json\/wp\/v2\/media?parent=1029052"}],"wp:term":[{"taxonomy":"product_brand","embeddable":true,"href":"https:\/\/vimaterial.de\/es\/wp-json\/wp\/v2\/product_brand?post=1029052"},{"taxonomy":"product_cat","embeddable":true,"href":"https:\/\/vimaterial.de\/es\/wp-json\/wp\/v2\/product_cat?post=1029052"},{"taxonomy":"product_tag","embeddable":true,"href":"https:\/\/vimaterial.de\/es\/wp-json\/wp\/v2\/product_tag?post=1029052"}],"curies":[{"name":"wp","href":"https:\/\/api.w.org\/{rel}","templated":true}]}}