{"id":1029046,"date":"2024-06-17T16:16:17","date_gmt":"2024-06-17T08:16:17","guid":{"rendered":"https:\/\/vimaterial.de\/product\/siliciuro-de-erbio-2\/"},"modified":"2025-03-24T15:39:27","modified_gmt":"2025-03-24T07:39:27","slug":"siliciuro-de-erbio-2","status":"publish","type":"product","link":"https:\/\/vimaterial.de\/es\/product\/siliciuro-de-erbio-2\/","title":{"rendered":"Siliciuro de erbio"},"content":{"rendered":"<p>El polvo de siliciuro de erbio es un tipo de polvo con estructura cristalina tetragonal, que muestra un aspecto gris a negro, con cierta estabilidad qu\u00edmica y propiedades f\u00edsicas especiales, que se utiliza principalmente en los campos de la electr\u00f3nica y la \u00f3ptica.<\/p>\n<p>VIMATERIAL proporciona polvo ErSi2 en varias especificaciones y admite el servicio de encuadernaci\u00f3n de objetivos. Aceptamos la personalizaci\u00f3n de los productos, <span style=\"color: #0000ff;\"><a style=\"color: #0000ff;\" href=\"https:\/\/vimaterial.de\/es\/contacto\/\">cont\u00e1ctenos<\/a><\/span>.<\/p>\n<h2><span style=\"font-size: 14pt;\">Propiedades<\/span><\/h2>\n<p>F\u00f3rmula molecular: ErSi\u2082<\/p>\n<p>Peso molecular: alrededor de 208.23<\/p>\n<p>Aspecto: Polvo gris oscuro<\/p>\n<h2><span style=\"font-size: 14pt;\">Aplicaciones<\/span><\/h2>\n<p>Materiales l\u00e1ser: se pueden utilizar como materiales de dopaje para cristales l\u00e1ser y se utilizan en la fabricaci\u00f3n de dispositivos l\u00e1ser. Sus propiedades \u00f3pticas \u00fanicas pueden proporcionar una ganancia \u00f3ptica estable para la emisi\u00f3n l\u00e1ser, generando as\u00ed rayos l\u00e1ser de alta calidad.<\/p>\n<p>Recubrimiento \u00f3ptico: Materiales utilizados como recubrimientos \u00f3pticos para mejorar el rendimiento de los dispositivos \u00f3pticos. Por ejemplo, el recubrimiento de la superficie de lentes \u00f3pticas, filtros \u00f3pticos y otros dispositivos con recubrimiento de siliciuro de erbio puede mejorar el \u00edndice de refracci\u00f3n, la dispersi\u00f3n y otras propiedades \u00f3pticas del dispositivo, mejorando as\u00ed la resoluci\u00f3n y la calidad de imagen del sistema \u00f3ptico.<\/p>\n<p>Magnetismo: Tiene ciertas propiedades magn\u00e9ticas y se puede utilizar para fabricar materiales magn\u00e9ticos.<\/p>\n<h2><span style=\"font-size: 14pt;\">Control de calidad<\/span><\/h2>\n<p><span style=\"color: #0000ff;\"><a style=\"color: #0000ff;\" href=\"https:\/\/vimaterial.de\/es\/control-de-calidad\/\">Cada lote de productos<\/a><\/span> protege estrictamente la calidad, desde la selecci\u00f3n de proveedores de materias primas, hasta el uso de equipos de prueba avanzados para monitorear con precisi\u00f3n todo el proceso de producci\u00f3n, hasta el producto terminado a trav\u00e9s de muchas rondas de muestreo severo y certificaci\u00f3n autorizada de terceros, hasta un sistema de control de calidad integral de tolerancia cero para garantizar que cada lote de productos cumpla y supere los altos est\u00e1ndares de la industria, para proporcionar a nuestros clientes la mejor calidad y los productos m\u00e1s estables.<\/p>\n<h2><span style=\"font-size: 14pt;\">Embalaje y almacenamiento<\/span><\/h2>\n<p>El polvo de siliciuro de erbio se envasa en una bolsa de vac\u00edo o en una botella de vac\u00edo en una caja de cart\u00f3n para garantizar un transporte seguro.<\/p>\n<p>Los polvos de siliciuro de erbio deben almacenarse en un ambiente sellado, seco y fresco, lejos del aire y la humedad para evitar la oxidaci\u00f3n u otras reacciones qu\u00edmicas que afecten sus propiedades.<\/p>\n","protected":false},"excerpt":{"rendered":"<p>El polvo de siliciuro de erbio es un tipo de polvo con estructura cristalina tetragonal, que muestra un aspecto gris a negro, con cierta estabilidad qu\u00edmica y propiedades f\u00edsicas especiales, que se utiliza principalmente en los campos de la electr\u00f3nica y la \u00f3ptica.<\/p>\n<p>VIMATERIAL proporciona polvo ErSi2 en varias especificaciones y admite el servicio de encuadernaci\u00f3n de objetivos. Aceptamos la personalizaci\u00f3n de los productos, <span style=\"color: #0000ff;\"><a style=\"color: #0000ff;\" href=\"https:\/\/vimaterial.de\/es\/contacto\/\">cont\u00e1ctenos<\/a><\/span>.<\/p>\n","protected":false},"featured_media":1034509,"comment_status":"open","ping_status":"closed","template":"","meta":{"_acf_changed":false},"product_brand":[],"product_cat":[183,184],"product_tag":[],"class_list":{"0":"post-1029046","1":"product","2":"type-product","3":"status-publish","4":"has-post-thumbnail","6":"product_cat-c-n-b-si-materiales","7":"product_cat-materiales-de-tierras-raras","9":"first","10":"instock","11":"shipping-taxable","12":"product-type-variable"},"acf":[],"_links":{"self":[{"href":"https:\/\/vimaterial.de\/es\/wp-json\/wp\/v2\/product\/1029046","targetHints":{"allow":["GET"]}}],"collection":[{"href":"https:\/\/vimaterial.de\/es\/wp-json\/wp\/v2\/product"}],"about":[{"href":"https:\/\/vimaterial.de\/es\/wp-json\/wp\/v2\/types\/product"}],"replies":[{"embeddable":true,"href":"https:\/\/vimaterial.de\/es\/wp-json\/wp\/v2\/comments?post=1029046"}],"wp:featuredmedia":[{"embeddable":true,"href":"https:\/\/vimaterial.de\/es\/wp-json\/wp\/v2\/media\/1034509"}],"wp:attachment":[{"href":"https:\/\/vimaterial.de\/es\/wp-json\/wp\/v2\/media?parent=1029046"}],"wp:term":[{"taxonomy":"product_brand","embeddable":true,"href":"https:\/\/vimaterial.de\/es\/wp-json\/wp\/v2\/product_brand?post=1029046"},{"taxonomy":"product_cat","embeddable":true,"href":"https:\/\/vimaterial.de\/es\/wp-json\/wp\/v2\/product_cat?post=1029046"},{"taxonomy":"product_tag","embeddable":true,"href":"https:\/\/vimaterial.de\/es\/wp-json\/wp\/v2\/product_tag?post=1029046"}],"curies":[{"name":"wp","href":"https:\/\/api.w.org\/{rel}","templated":true}]}}