{"id":1029041,"date":"2024-06-17T16:16:17","date_gmt":"2024-06-17T08:16:17","guid":{"rendered":"https:\/\/vimaterial.de\/product\/siliciuro-de-erbio\/"},"modified":"2025-03-24T15:26:48","modified_gmt":"2025-03-24T07:26:48","slug":"siliciuro-de-erbio","status":"publish","type":"product","link":"https:\/\/vimaterial.de\/es\/product\/siliciuro-de-erbio\/","title":{"rendered":"Siliciuro de erbio"},"content":{"rendered":"<p>Los gr\u00e1nulos\u00a0<a href=\"https:\/\/vimaterial.de\/es\/product\/siliciuro-de-erbio-2\/\"><span style=\"color: #0000ff;\">de siliciuro de erbio<\/span><\/a>\u00a0son part\u00edculas compuestas que consisten en elementos de erbio y silicio con varias estructuras cristalinas, alto punto de fusi\u00f3n y dureza, etc. Tienen aplicaciones en semiconductores, \u00f3ptica, magnetismo y otros campos.<\/p>\n<p>VIMATERIAL proporciona gr\u00e1nulos de ErSi2 en varias especificaciones y admite el servicio de encuadernaci\u00f3n de objetivos. Aceptamos la personalizaci\u00f3n de los productos,\u00a0<span style=\"color: #0000ff;\"><a style=\"color: #0000ff;\" href=\"https:\/\/vimaterial.de\/es\/contacto\/\">cont\u00e1ctenos<\/a>.<\/span><\/p>\n<p>Caracter\u00edsticas<\/p>\n<p>F\u00f3rmula molecular: ErSi\u2082<\/p>\n<p>Peso molecular: alrededor de 223.44<\/p>\n<p>Densidad: aprox. 6,6 g\/cm\u00b3<\/p>\n<p>Estructura cristalina: pertenece al sistema tetragonal<\/p>\n<p>Aplicaciones<\/p>\n<p>Campo de dispositivos electr\u00f3nicos: ErSi\u2082 se puede utilizar para fabricar transistores de alta velocidad y circuitos integrados. Debido a sus buenas propiedades el\u00e9ctricas, puede mejorar la velocidad de funcionamiento y la estabilidad de los dispositivos electr\u00f3nicos.<\/p>\n<p>Campo de material termoel\u00e9ctrico: Con su conductividad t\u00e9rmica y conductividad el\u00e9ctrica \u00fanicas, ErSi\u2082 se puede utilizar como material termoel\u00e9ctrico para convertir la energ\u00eda t\u00e9rmica en energ\u00eda el\u00e9ctrica y lograr una utilizaci\u00f3n eficiente de la energ\u00eda.<\/p>\n<p>Campo \u00f3ptico: Debido a que ErSi\u2082 tiene propiedades \u00f3pticas especiales en la banda infrarroja, se puede utilizar para fabricar dispositivos \u00f3pticos infrarrojos, como detectores infrarrojos, ventanas infrarrojas, etc.<\/p>\n<p>Campo de semiconductores: Como material semiconductor, ErSi\u2082 se puede utilizar para fabricar dispositivos semiconductores, como diodos, triodos, etc., proporcionando una nueva opci\u00f3n de material para el desarrollo de la industria de semiconductores.<\/p>\n<p>Control de calidad<\/p>\n<p><span style=\"color: #0000ff;\"><a style=\"color: #0000ff;\" href=\"https:\/\/vimaterial.de\/es\/control-de-calidad\/\">Cada lote<\/a><\/span> de productos protege estrictamente la calidad, desde la selecci\u00f3n de proveedores de materias primas, hasta el uso de equipos de prueba avanzados para monitorear con precisi\u00f3n todo el proceso de producci\u00f3n, hasta el producto terminado a trav\u00e9s de muchas rondas de muestreo severo y certificaci\u00f3n autorizada de terceros, hasta un sistema de control de calidad integral de tolerancia cero para garantizar que cada lote de productos cumpla y supere los altos est\u00e1ndares de la industria, para proporcionar a nuestros clientes la mejor calidad y los productos m\u00e1s estables.<\/p>\n<p>Embalaje y almacenamiento<\/p>\n<p>Los gr\u00e1nulos de siliciuro de erbio se empaquetan en una bolsa de vac\u00edo o en una botella de vac\u00edo en una caja de cart\u00f3n para garantizar un transporte seguro.<\/p>\n<div class=\"message-box-content-wrapper-g6XZZQ\">\n<div class=\"message-content message-box-content-WoA7L1 receive-message-box-content-tsCcMM samantha-message-box-content-kHd1mL\" data-testid=\"message_content\">\n<div class=\"container-p6WrVu flow-markdown-body theme-samantha-_RgbJJ\" dir=\"ltr\" data-testid=\"message_text_content\" data-show-indicator=\"false\">\n<div class=\"auto-hide-last-sibling-br paragraph-z1iNZD paragraph-element br-paragraph-space\">Los gr\u00e1nulos de siliciuro de erbio deben almacenarse en un ambiente seco, fresco y bien ventilado, lejos del aire, la humedad y los oxidantes fuertes para evitar la oxidaci\u00f3n u otras reacciones qu\u00edmicas.<\/div>\n<\/div>\n<\/div>\n<\/div>\n","protected":false},"excerpt":{"rendered":"<p>Los gr\u00e1nulos\u00a0<a href=\"https:\/\/vimaterial.de\/es\/product\/siliciuro-de-erbio-2\/\"><span style=\"color: #0000ff;\">de siliciuro de erbio<\/span><\/a>\u00a0son part\u00edculas compuestas que consisten en elementos de erbio y silicio con varias estructuras cristalinas, alto punto de fusi\u00f3n y dureza, etc. Tienen aplicaciones en semiconductores, \u00f3ptica, magnetismo y otros campos.<\/p>\n<p>VIMATERIAL proporciona gr\u00e1nulos de ErSi2 en varias especificaciones y admite el servicio de encuadernaci\u00f3n de objetivos. Aceptamos la personalizaci\u00f3n de los productos,\u00a0<span style=\"color: #0000ff;\"><a style=\"color: #0000ff;\" href=\"https:\/\/vimaterial.de\/es\/contacto\/\">cont\u00e1ctenos<\/a>.<\/span><\/p>\n","protected":false},"featured_media":1034509,"comment_status":"open","ping_status":"closed","template":"","meta":{"_acf_changed":false},"product_brand":[],"product_cat":[179],"product_tag":[],"class_list":{"0":"post-1029041","1":"product","2":"type-product","3":"status-publish","4":"has-post-thumbnail","6":"product_cat-materiales-de-evaporacion","8":"first","9":"instock","10":"shipping-taxable","11":"product-type-variable"},"acf":[],"_links":{"self":[{"href":"https:\/\/vimaterial.de\/es\/wp-json\/wp\/v2\/product\/1029041","targetHints":{"allow":["GET"]}}],"collection":[{"href":"https:\/\/vimaterial.de\/es\/wp-json\/wp\/v2\/product"}],"about":[{"href":"https:\/\/vimaterial.de\/es\/wp-json\/wp\/v2\/types\/product"}],"replies":[{"embeddable":true,"href":"https:\/\/vimaterial.de\/es\/wp-json\/wp\/v2\/comments?post=1029041"}],"wp:featuredmedia":[{"embeddable":true,"href":"https:\/\/vimaterial.de\/es\/wp-json\/wp\/v2\/media\/1034509"}],"wp:attachment":[{"href":"https:\/\/vimaterial.de\/es\/wp-json\/wp\/v2\/media?parent=1029041"}],"wp:term":[{"taxonomy":"product_brand","embeddable":true,"href":"https:\/\/vimaterial.de\/es\/wp-json\/wp\/v2\/product_brand?post=1029041"},{"taxonomy":"product_cat","embeddable":true,"href":"https:\/\/vimaterial.de\/es\/wp-json\/wp\/v2\/product_cat?post=1029041"},{"taxonomy":"product_tag","embeddable":true,"href":"https:\/\/vimaterial.de\/es\/wp-json\/wp\/v2\/product_tag?post=1029041"}],"curies":[{"name":"wp","href":"https:\/\/api.w.org\/{rel}","templated":true}]}}