{"id":1029028,"date":"2024-06-17T16:16:18","date_gmt":"2024-06-17T08:16:18","guid":{"rendered":"https:\/\/vimaterial.de\/product\/tulio-metalico-4\/"},"modified":"2025-03-12T16:06:40","modified_gmt":"2025-03-12T08:06:40","slug":"tulio-metalico-4","status":"publish","type":"product","link":"https:\/\/vimaterial.de\/es\/product\/tulio-metalico-4\/","title":{"rendered":"Metal de tulio"},"content":{"rendered":"<p>Los gr\u00e1nulos <a href=\"https:\/\/vimaterial.de\/es\/product\/tulio-metalico\/\"><span style=\"color: #0000ff;\">met\u00e1licos de tulio<\/span><\/a> son part\u00edculas met\u00e1licas de tierras raras con un brillo met\u00e1lico de color blanco plateado, textura suave, ductilidad, estabilidad relativa en el aire y aplicaciones importantes en muchos campos, como la \u00f3ptica, la medicina y el procesamiento de materiales.<\/p>\n<p>VIMATERIAL proporciona gr\u00e1nulos de Tm en varias especificaciones y admite el servicio de uni\u00f3n de objetivos. Aceptamos la personalizaci\u00f3n de los productos,<span style=\"color: #0000ff;\"><a style=\"color: #0000ff;\" href=\"https:\/\/vimaterial.de\/es\/contacto\/\"> cont\u00e1ctenos.<\/a><\/span><\/p>\n<h2><span style=\"font-size: 14pt;\">Propiedades<\/span><\/h2>\n<p>F\u00f3rmula molecular: Tm<\/p>\n<p>Peso molecular: 168.93421<\/p>\n<p>Aspecto: Part\u00edculas met\u00e1licas de color blanco plateado, textura suave, d\u00factil.<\/p>\n<p>Densidad: 9,32 g\/cm\u00b3<\/p>\n<p>Punto de fusi\u00f3n: 1545 \u00b0C<\/p>\n<p>Punto de ebullici\u00f3n: 1950 \u00b0C<\/p>\n<p>Estructura cristalina: estructura hexagonal densamente empaquetada (hcp).<\/p>\n<p>Solubilidad: Es soluble en \u00e1cido y reacciona con el \u00e1cido sulf\u00farico diluido para formar iones de tulio trivalente de color verde claro y liberar gas hidr\u00f3geno.<\/p>\n<h2><span style=\"font-size: 14pt;\">Aplicaciones<\/span><\/h2>\n<p>Campo de materiales l\u00e1ser: los materiales l\u00e1ser compuestos de erbio, itrio y otros elementos tienen buenas propiedades \u00f3pticas y pueden producir luz l\u00e1ser de longitud de onda m\u00e1s corta, que se usa ampliamente en la fabricaci\u00f3n de dispositivos l\u00e1ser, como en el campo de LIDAR, teledetecci\u00f3n y rango, comunicaciones en el espacio libre y transmisi\u00f3n espacial atmosf\u00e9rica a larga distancia.<\/p>\n<p>Procesamiento de materiales: Dado que la mayor\u00eda de los materiales org\u00e1nicos transparentes tienen suficiente absorci\u00f3n de l\u00e1seres de tulio de 2 \u03bcm, los l\u00e1seres de tulio se usan com\u00fanmente para cortar, soldar, grabar, etc.<\/p>\n<p>Campo \u00f3ptico: El metal de tulio trivalente puede emitir fluorescencia azul bajo irradiaci\u00f3n ultravioleta, que se puede utilizar para la lucha contra la falsificaci\u00f3n de billetes en euros, as\u00ed como para la fabricaci\u00f3n de vidrio \u00f3ptico y f\u00f3sforo.<\/p>\n<p>Magnetismo: Es uno de los elementos clave en la fabricaci\u00f3n de materiales magn\u00e9ticos permanentes, y es ampliamente utilizado en comunicaciones electr\u00f3nicas, aeroespacial y otros campos debido a sus fuertes propiedades magn\u00e9ticas en aleaciones compuestas de hierro, cobalto y otros elementos.<\/p>\n<h2><span style=\"font-size: 14pt;\">Control de calidad<\/span><\/h2>\n<p><span style=\"color: #0000ff;\"><a style=\"color: #0000ff;\" href=\"https:\/\/vimaterial.de\/es\/control-de-calidad\/\">Cada lote<\/a> <\/span>de productos protege estrictamente la calidad, desde la selecci\u00f3n de proveedores de materias primas, hasta el uso de equipos de prueba avanzados para monitorear con precisi\u00f3n todo el proceso de producci\u00f3n, hasta el producto terminado a trav\u00e9s de muchas rondas de muestreo severo y certificaci\u00f3n autorizada de terceros, hasta un sistema de control de calidad integral de tolerancia cero para garantizar que cada lote de productos cumpla y supere los altos est\u00e1ndares de la industria, para proporcionar a nuestros clientes la mejor calidad y los productos m\u00e1s estables.<\/p>\n<h2><span style=\"font-size: 14pt;\">Embalaje y almacenamiento<\/span><\/h2>\n<p>Los gr\u00e1nulos de metal de tulio se empaquetan en una bolsa de vac\u00edo o una botella de vac\u00edo en una caja de cart\u00f3n para garantizar un transporte seguro.<\/p>\n<div class=\"message-box-content-wrapper-g6XZZQ\">\n<div class=\"message-content message-box-content-WoA7L1 receive-message-box-content-tsCcMM samantha-message-box-content-kHd1mL\" data-testid=\"message_content\">\n<div class=\"container-p6WrVu flow-markdown-body theme-samantha-_RgbJJ\" dir=\"ltr\" data-testid=\"message_text_content\" data-show-indicator=\"false\">\n<div class=\"auto-hide-last-sibling-br paragraph-z1iNZD paragraph-element br-paragraph-space\">Los gr\u00e1nulos met\u00e1licos de tulio deben almacenarse en recipientes herm\u00e9ticos llenos de gases inertes como el arg\u00f3n y mantenerse en un ambiente seco y fresco para evitar la oxidaci\u00f3n y otras reacciones qu\u00edmicas.<\/div>\n<\/div>\n<\/div>\n<\/div>\n","protected":false},"excerpt":{"rendered":"<p>Los gr\u00e1nulos <a href=\"https:\/\/vimaterial.de\/es\/product\/tulio-metalico\/\"><span style=\"color: #0000ff;\">met\u00e1licos de tulio<\/span><\/a> son part\u00edculas met\u00e1licas de tierras raras con un brillo met\u00e1lico de color blanco plateado, textura suave, ductilidad, estabilidad relativa en el aire y aplicaciones importantes en muchos campos, como la \u00f3ptica, la medicina y el procesamiento de materiales.<\/p>\n<p>VIMATERIAL proporciona gr\u00e1nulos de Tm en varias especificaciones y admite el servicio de uni\u00f3n de objetivos. Aceptamos la personalizaci\u00f3n de los productos,<span style=\"color: #0000ff;\"><a style=\"color: #0000ff;\" href=\"https:\/\/vimaterial.de\/es\/contacto\/\"> cont\u00e1ctenos.<\/a><\/span><\/p>\n<p>&nbsp;<\/p>\n<p>&nbsp;<\/p>\n","protected":false},"featured_media":1034514,"comment_status":"open","ping_status":"closed","template":"","meta":{"_acf_changed":false},"product_brand":[],"product_cat":[179],"product_tag":[],"class_list":{"0":"post-1029028","1":"product","2":"type-product","3":"status-publish","4":"has-post-thumbnail","6":"product_cat-materiales-de-evaporacion","8":"first","9":"instock","10":"shipping-taxable","11":"purchasable","12":"product-type-variable"},"acf":[],"_links":{"self":[{"href":"https:\/\/vimaterial.de\/es\/wp-json\/wp\/v2\/product\/1029028","targetHints":{"allow":["GET"]}}],"collection":[{"href":"https:\/\/vimaterial.de\/es\/wp-json\/wp\/v2\/product"}],"about":[{"href":"https:\/\/vimaterial.de\/es\/wp-json\/wp\/v2\/types\/product"}],"replies":[{"embeddable":true,"href":"https:\/\/vimaterial.de\/es\/wp-json\/wp\/v2\/comments?post=1029028"}],"wp:featuredmedia":[{"embeddable":true,"href":"https:\/\/vimaterial.de\/es\/wp-json\/wp\/v2\/media\/1034514"}],"wp:attachment":[{"href":"https:\/\/vimaterial.de\/es\/wp-json\/wp\/v2\/media?parent=1029028"}],"wp:term":[{"taxonomy":"product_brand","embeddable":true,"href":"https:\/\/vimaterial.de\/es\/wp-json\/wp\/v2\/product_brand?post=1029028"},{"taxonomy":"product_cat","embeddable":true,"href":"https:\/\/vimaterial.de\/es\/wp-json\/wp\/v2\/product_cat?post=1029028"},{"taxonomy":"product_tag","embeddable":true,"href":"https:\/\/vimaterial.de\/es\/wp-json\/wp\/v2\/product_tag?post=1029028"}],"curies":[{"name":"wp","href":"https:\/\/api.w.org\/{rel}","templated":true}]}}