{"id":1029020,"date":"2024-06-17T16:16:18","date_gmt":"2024-06-17T08:16:18","guid":{"rendered":"https:\/\/vimaterial.de\/product\/tulio-metalico-3\/"},"modified":"2025-03-12T15:03:49","modified_gmt":"2025-03-12T07:03:49","slug":"tulio-metalico-3","status":"publish","type":"product","link":"https:\/\/vimaterial.de\/es\/product\/tulio-metalico-3\/","title":{"rendered":"Metal de tulio"},"content":{"rendered":"<p>La l\u00e1mina <span style=\"color: #0000ff;\"><a style=\"color: #0000ff;\" href=\"https:\/\/vimaterial.de\/es\/product\/tulio-metalico-4\/\">metal de tulio<\/a><\/span> es un material de color blanco plateado, d\u00factil y resistente con buena conductividad t\u00e9rmica y el\u00e9ctrica, que consta de \u00e1tomos de tulio en una estructura cristalina hexagonal compacta, que se utiliza principalmente en tecnolog\u00eda l\u00e1ser y fuentes de rayos X.<\/p>\n<p>VIMATERIAL proporciona l\u00e1mina Tm en varias especificaciones y admite el servicio de encuadernaci\u00f3n de objetivos. Aceptamos la personalizaci\u00f3n de los productos, <span style=\"color: #0000ff;\"><a style=\"color: #0000ff;\" href=\"https:\/\/vimaterial.de\/es\/contacto\/\">cont\u00e1ctenos<\/a><\/span>.<\/p>\n<h2><span style=\"font-size: 14pt;\">Propiedades<\/span><\/h2>\n<p>F\u00f3rmula molecular: Tm<\/p>\n<p>Peso molecular: alrededor de 168,93 g\/mol<\/p>\n<p>Aspecto: Metal blanco plateado con brillo, suave y d\u00factil.<\/p>\n<p>Densidad: aprox. 9,32 g\/cm\u00b3.<\/p>\n<p>Punto de fusi\u00f3n: 1545 \u00b0C.<\/p>\n<p>Estructura cristalina: generalmente hexagonal densamente empaquetada (hcp).<\/p>\n<h2><span style=\"font-size: 14pt;\">Aplicaciones<\/span><\/h2>\n<p>Im\u00e1genes m\u00e9dicas: Dado que el is\u00f3topo del tulio \u00b9\u2076\u2079Tm puede ser bombardeado en un reactor nuclear, donde la reacci\u00f3n produce \u00b9\u2077\u2070Tm y emite rayos X, las l\u00e1minas de tulio se pueden utilizar en la fabricaci\u00f3n de fuentes de radiaci\u00f3n en equipos port\u00e1tiles de rayos X, que desempe\u00f1an un papel en las im\u00e1genes m\u00e9dicas.<\/p>\n<p>Terapia con l\u00e1ser: El tulio tiene importantes aplicaciones en el campo de los materiales l\u00e1ser. Las l\u00e1minas met\u00e1licas de tulio se pueden utilizar para fabricar dispositivos l\u00e1ser, y los l\u00e1seres que produce se pueden utilizar en cirug\u00edas en el campo m\u00e9dico.<\/p>\n<p>Campo de comunicaci\u00f3n electr\u00f3nica: utilizando las propiedades magn\u00e9ticas de la l\u00e1mina de metal de tulio, se puede utilizar en el campo de la comunicaci\u00f3n electr\u00f3nica, por ejemplo, en la fabricaci\u00f3n de sensores magn\u00e9ticos, materiales de grabaci\u00f3n magn\u00e9tica, etc. Las aleaciones de tulio con hierro, cobalto y otros elementos tienen fuertes propiedades magn\u00e9ticas, que pueden cumplir con los requisitos de los materiales magn\u00e9ticos para equipos de comunicaci\u00f3n electr\u00f3nica.<\/p>\n<p>Campo \u00f3ptico: La l\u00e1mina met\u00e1lica de tulio tambi\u00e9n tiene ciertas aplicaciones en el campo \u00f3ptico, por ejemplo, se puede utilizar para fabricar filtros \u00f3pticos, espejos \u00f3pticos y otros componentes \u00f3pticos. Su buena ductilidad y propiedades \u00f3pticas le permiten cumplir con los requisitos especiales de los componentes \u00f3pticos.<\/p>\n<h2><span style=\"font-size: 14pt;\">Control de calidad<\/span><\/h2>\n<p><span style=\"color: #0000ff;\"><a style=\"color: #0000ff;\" href=\"https:\/\/vimaterial.de\/es\/control-de-calidad\/\">Cada lote<\/a><\/span> de productos protege estrictamente la calidad, desde la selecci\u00f3n de proveedores de materias primas, hasta el uso de equipos de prueba avanzados para monitorear con precisi\u00f3n todo el proceso de producci\u00f3n, hasta el producto terminado a trav\u00e9s de muchas rondas de muestreo severo y certificaci\u00f3n autorizada de terceros, hasta un sistema de control de calidad integral de tolerancia cero para garantizar que cada lote de productos cumpla y supere los altos est\u00e1ndares de la industria, para proporcionar a nuestros clientes la mejor calidad y los productos m\u00e1s estables.<\/p>\n<h2><span style=\"font-size: 14pt;\">Embalaje y almacenamiento<\/span><\/h2>\n<p>Thulium metaal foil wordt meestal verpakt in een dubbellaagse doos met een kartonnen buitenverpakking of houten kist.<\/p>\n<p>Thulium metaal foil moet normaal gesproken worden opgeslagen in een droge, koele, goed geventileerde omgeving en moet worden afgesloten in een vacu\u00fcmverpakking om te voorkomen dat het oxideert of corrodeert door een reactie met zuurstof, vocht etc. in de lucht.<\/p>\n","protected":false},"excerpt":{"rendered":"<p>La l\u00e1mina <span style=\"color: #0000ff;\"><a style=\"color: #0000ff;\" href=\"https:\/\/vimaterial.de\/es\/product\/tulio-metalico-4\/\">metal de tulio<\/a><\/span> es un material de color blanco plateado, d\u00factil y resistente con buena conductividad t\u00e9rmica y el\u00e9ctrica, que consta de \u00e1tomos de tulio en una estructura cristalina hexagonal compacta, que se utiliza principalmente en tecnolog\u00eda l\u00e1ser y fuentes de rayos X.<\/p>\n<p>VIMATERIAL proporciona l\u00e1mina Tm en varias especificaciones y admite el servicio de encuadernaci\u00f3n de objetivos. Aceptamos la personalizaci\u00f3n de los productos, <span style=\"color: #0000ff;\"><a style=\"color: #0000ff;\" href=\"https:\/\/vimaterial.de\/es\/contacto\/\">cont\u00e1ctenos<\/a><\/span>.<\/p>\n<h2><\/h2>\n","protected":false},"featured_media":1034524,"comment_status":"open","ping_status":"closed","template":"","meta":{"_acf_changed":false},"product_brand":[],"product_cat":[188],"product_tag":[],"class_list":{"0":"post-1029020","1":"product","2":"type-product","3":"status-publish","4":"has-post-thumbnail","6":"product_cat-perfil","8":"first","9":"outofstock","10":"shipping-taxable","11":"product-type-variable"},"acf":[],"_links":{"self":[{"href":"https:\/\/vimaterial.de\/es\/wp-json\/wp\/v2\/product\/1029020","targetHints":{"allow":["GET"]}}],"collection":[{"href":"https:\/\/vimaterial.de\/es\/wp-json\/wp\/v2\/product"}],"about":[{"href":"https:\/\/vimaterial.de\/es\/wp-json\/wp\/v2\/types\/product"}],"replies":[{"embeddable":true,"href":"https:\/\/vimaterial.de\/es\/wp-json\/wp\/v2\/comments?post=1029020"}],"wp:featuredmedia":[{"embeddable":true,"href":"https:\/\/vimaterial.de\/es\/wp-json\/wp\/v2\/media\/1034524"}],"wp:attachment":[{"href":"https:\/\/vimaterial.de\/es\/wp-json\/wp\/v2\/media?parent=1029020"}],"wp:term":[{"taxonomy":"product_brand","embeddable":true,"href":"https:\/\/vimaterial.de\/es\/wp-json\/wp\/v2\/product_brand?post=1029020"},{"taxonomy":"product_cat","embeddable":true,"href":"https:\/\/vimaterial.de\/es\/wp-json\/wp\/v2\/product_cat?post=1029020"},{"taxonomy":"product_tag","embeddable":true,"href":"https:\/\/vimaterial.de\/es\/wp-json\/wp\/v2\/product_tag?post=1029020"}],"curies":[{"name":"wp","href":"https:\/\/api.w.org\/{rel}","templated":true}]}}