{"id":1028997,"date":"2024-06-17T16:16:18","date_gmt":"2024-06-17T08:16:18","guid":{"rendered":"https:\/\/vimaterial.de\/product\/tulio-metalico\/"},"modified":"2025-03-11T15:33:29","modified_gmt":"2025-03-11T07:33:29","slug":"tulio-metalico","status":"publish","type":"product","link":"https:\/\/vimaterial.de\/es\/product\/tulio-metalico\/","title":{"rendered":"Metal de tulio"},"content":{"rendered":"<p>El objetivo de pulverizaci\u00f3n cat\u00f3dica de <span style=\"color: #0000ff;\"><a style=\"color: #0000ff;\" href=\"https:\/\/vimaterial.de\/es\/product\/tulio-metalico-4\/\">tulio<\/a><\/span> est\u00e1 hecho de metal de tulio como componente principal para el recubrimiento por pulverizaci\u00f3n cat\u00f3dica a trav\u00e9s de un proceso espec\u00edfico. Tiene las caracter\u00edsticas de alta pureza, buena conductividad el\u00e9ctrica y t\u00e9rmica, estructura cristalina espec\u00edfica y estabilidad fisicoqu\u00edmica, etc. Puede proporcionar un recubrimiento uniforme del elemento de tulio, para el material del sustrato durante la pulverizaci\u00f3n cat\u00f3dica, y es ampliamente utilizado en los campos de la electr\u00f3nica, la \u00f3ptica, etc. para mejorar el rendimiento del material o para dar funciones especiales.<\/p>\n<p>VIMATERIAL proporciona un objetivo de pulverizaci\u00f3n cat\u00f3dica Tm en varias especificaciones y admite el servicio de enlace de destinos. Aceptamos la personalizaci\u00f3n de los productos, <span style=\"color: #0000ff;\"><a style=\"color: #0000ff;\" href=\"https:\/\/vimaterial.de\/es\/contacto\/\">cont\u00e1ctenos.<\/a><\/span><\/p>\n<h2><span style=\"font-size: 14pt;\">Propiedades<\/span><\/h2>\n<p>F\u00f3rmula molecular: Tm<\/p>\n<p>Peso molecular: 168.93421<\/p>\n<p>Aspecto: Objetivo de metal blanco plateado<\/p>\n<p>Densidad: 9,3208 g\/cm\u00b3 (20 \u00b0C)<\/p>\n<p>Punto de fusi\u00f3n: 1545 \u00b0C<\/p>\n<p>Punto de ebullici\u00f3n: 1947\u00b0C<\/p>\n<p>Estructura cristalina: sistema cristalino hexagonal<\/p>\n<h2><span style=\"font-size: 14pt;\">Aplicaciones<\/span><\/h2>\n<p>Campo de semiconductores: Los objetivos de pulverizaci\u00f3n cat\u00f3dica de tulio se utilizan para preparar pel\u00edculas delgadas de semiconductores en el proceso de fabricaci\u00f3n de semiconductores, estas pel\u00edculas delgadas son importantes para el rendimiento y el rendimiento de los dispositivos semiconductores. Estas pel\u00edculas desempe\u00f1an un papel clave en el rendimiento y la fiabilidad de los dispositivos semiconductores.<\/p>\n<p>Campo \u00f3ptico: se utiliza en la fabricaci\u00f3n de pel\u00edculas \u00f3pticas, como pel\u00edculas de mejora de la transmitancia, pel\u00edculas reflectantes, etc. Los objetivos de pulverizaci\u00f3n cat\u00f3dica de metal de tulio pueden depositar pel\u00edculas delgadas con propiedades \u00f3pticas espec\u00edficas en la superficie de los elementos \u00f3pticos, mejorando as\u00ed el rendimiento de los elementos \u00f3pticos.<\/p>\n<p>Campo de visualizaci\u00f3n de pantalla plana: En la fabricaci\u00f3n de pantallas planas, como pantallas de cristal l\u00edquido (LCD) y diodos emisores de luz org\u00e1nicos (OLED), los objetivos de pulverizaci\u00f3n cat\u00f3dica de metal de tulio se pueden utilizar para preparar materiales de electrodos y pel\u00edculas funcionales.<\/p>\n<p>Campo de c\u00e9lulas solares: se puede utilizar para preparar materiales de pel\u00edcula delgada para c\u00e9lulas solares, por ejemplo, en c\u00e9lulas solares de pel\u00edcula delgada, la pel\u00edcula semiconductora formada por recubrimiento por pulverizaci\u00f3n cat\u00f3dica puede mejorar la eficiencia de conversi\u00f3n fotoel\u00e9ctrica de las c\u00e9lulas solares.<\/p>\n<h2><span style=\"font-size: 14pt;\">Control de calidad<\/span><\/h2>\n<p><span style=\"color: #0000ff;\"><a style=\"color: #0000ff;\" href=\"https:\/\/vimaterial.de\/es\/control-de-calidad\/\">Cada lote<\/a><\/span> de productos protege estrictamente la calidad, desde la selecci\u00f3n de proveedores de materias primas, hasta el uso de equipos de prueba avanzados para monitorear con precisi\u00f3n todo el proceso de producci\u00f3n, hasta el producto terminado a trav\u00e9s de muchas rondas de muestreo severo y certificaci\u00f3n autorizada de terceros, hasta un sistema de control de calidad integral de tolerancia cero para garantizar que cada lote de productos cumpla y supere los altos est\u00e1ndares de la industria, para proporcionar a nuestros clientes la mejor calidad y los productos m\u00e1s estables.<\/p>\n<h2><span style=\"font-size: 14pt;\">Embalaje y almacenamiento<\/span><\/h2>\n<p>El objetivo de pulverizaci\u00f3n cat\u00f3dica de tulio se empaqueta despu\u00e9s de un doble embolsado al vac\u00edo y se empaqueta en una caja de cart\u00f3n exterior para garantizar la seguridad del transporte.<\/p>\n<p>Los objetivos de pulverizaci\u00f3n cat\u00f3dica de tulio deben almacenarse en una temperatura seca, limpia y adecuada (generalmente a temperatura ambiente de 15 \u00b0C a 25 \u00b0C) y sin gases corrosivos en el medio ambiente, deben empacarse al vac\u00edo o en recipientes sellados para evitar la oxidaci\u00f3n y la contaminaci\u00f3n, se debe evitar el almacenamiento con objetos afilados para evitar rayar la superficie del objetivo.<\/p>\n","protected":false},"excerpt":{"rendered":"<p>El objetivo de pulverizaci\u00f3n cat\u00f3dica de <span style=\"color: #0000ff;\"><a style=\"color: #0000ff;\" href=\"https:\/\/vimaterial.de\/es\/product\/tulio-metalico-4\/\">tulio<\/a><\/span> est\u00e1 hecho de metal de tulio como componente principal para el recubrimiento por pulverizaci\u00f3n cat\u00f3dica a trav\u00e9s de un proceso espec\u00edfico. Tiene las caracter\u00edsticas de alta pureza, buena conductividad el\u00e9ctrica y t\u00e9rmica, estructura cristalina espec\u00edfica y estabilidad fisicoqu\u00edmica, etc. Puede proporcionar un recubrimiento uniforme del elemento de tulio, para el material del sustrato durante la pulverizaci\u00f3n cat\u00f3dica, y es ampliamente utilizado en los campos de la electr\u00f3nica, la \u00f3ptica, etc. para mejorar el rendimiento del material o para dar funciones especiales.<\/p>\n<p>VIMATERIAL proporciona un objetivo de pulverizaci\u00f3n cat\u00f3dica Tm en varias especificaciones y admite el servicio de enlace de destinos. Aceptamos la personalizaci\u00f3n de los productos, <span style=\"color: #0000ff;\"><a style=\"color: #0000ff;\" href=\"https:\/\/vimaterial.de\/es\/contacto\/\">cont\u00e1ctenos.<\/a><\/span><\/p>\n<p>&nbsp;<\/p>\n","protected":false},"featured_media":1034529,"comment_status":"open","ping_status":"closed","template":"","meta":{"_acf_changed":false},"product_brand":[],"product_cat":[178],"product_tag":[],"class_list":{"0":"post-1028997","1":"product","2":"type-product","3":"status-publish","4":"has-post-thumbnail","6":"product_cat-catodos-para-sputtering-planar","8":"first","9":"instock","10":"shipping-taxable","11":"product-type-variable"},"acf":[],"_links":{"self":[{"href":"https:\/\/vimaterial.de\/es\/wp-json\/wp\/v2\/product\/1028997","targetHints":{"allow":["GET"]}}],"collection":[{"href":"https:\/\/vimaterial.de\/es\/wp-json\/wp\/v2\/product"}],"about":[{"href":"https:\/\/vimaterial.de\/es\/wp-json\/wp\/v2\/types\/product"}],"replies":[{"embeddable":true,"href":"https:\/\/vimaterial.de\/es\/wp-json\/wp\/v2\/comments?post=1028997"}],"wp:featuredmedia":[{"embeddable":true,"href":"https:\/\/vimaterial.de\/es\/wp-json\/wp\/v2\/media\/1034529"}],"wp:attachment":[{"href":"https:\/\/vimaterial.de\/es\/wp-json\/wp\/v2\/media?parent=1028997"}],"wp:term":[{"taxonomy":"product_brand","embeddable":true,"href":"https:\/\/vimaterial.de\/es\/wp-json\/wp\/v2\/product_brand?post=1028997"},{"taxonomy":"product_cat","embeddable":true,"href":"https:\/\/vimaterial.de\/es\/wp-json\/wp\/v2\/product_cat?post=1028997"},{"taxonomy":"product_tag","embeddable":true,"href":"https:\/\/vimaterial.de\/es\/wp-json\/wp\/v2\/product_tag?post=1028997"}],"curies":[{"name":"wp","href":"https:\/\/api.w.org\/{rel}","templated":true}]}}