{"id":1028984,"date":"2024-06-17T16:16:19","date_gmt":"2024-06-17T08:16:19","guid":{"rendered":"https:\/\/vimaterial.de\/product\/oxido-de-tulio-3\/"},"modified":"2025-03-11T13:47:09","modified_gmt":"2025-03-11T05:47:09","slug":"oxido-de-tulio-3","status":"publish","type":"product","link":"https:\/\/vimaterial.de\/es\/product\/oxido-de-tulio-3\/","title":{"rendered":"\u00d3xido de tulio"},"content":{"rendered":"<p>Los gr\u00e1nulos <span style=\"color: #0000ff;\"><a style=\"color: #0000ff;\" href=\"https:\/\/vimaterial.de\/es\/product\/oxido-de-tulio\/\">de \u00f3xido de tulio<\/a><\/span> son un tipo de peque\u00f1as part\u00edculas s\u00f3lidas compuestas de elementos de tulio y ox\u00edgeno con estructura cristalina espec\u00edfica y propiedades qu\u00edmicas, que pueden producir especies reactivas de ox\u00edgeno bajo la excitaci\u00f3n de la luz infrarroja cercana, y tiene aplicaciones potenciales en \u00f3ptica, medicina.<\/p>\n<p>VIMATERIAL proporciona gr\u00e1nulos de \u00f3xido de tulio en varias especificaciones y admite el servicio de uni\u00f3n de objetivos. Aceptamos la personalizaci\u00f3n de los productos<span style=\"color: #0000ff;\"><a style=\"color: #0000ff;\" href=\"https:\/\/vimaterial.de\/es\/contacto\/\">, cont\u00e1ctenos<\/a><\/span>.<\/p>\n<h2><span style=\"font-size: 14pt;\">Propiedades<\/span><\/h2>\n<p>F\u00f3rmula molecular: Tm\u2082O\u2083<\/p>\n<p>Peso molecular: 385.86<\/p>\n<p>Aspecto: gr\u00e1nulo de color verde claro<\/p>\n<p>Densidad: 8,6 g\/cm\u00b3<\/p>\n<p>Estructura cristalina: Sistema de cristal c\u00fabico<\/p>\n<p>Solubilidad: Insoluble en agua y \u00e1cido fr\u00edo, soluble en \u00e1cido diluido tibio y \u00e1cido sulf\u00farico caliente.<\/p>\n<h2><span style=\"font-size: 14pt;\">Aplicaciones<\/span><\/h2>\n<p>C\u00e9lulas solares: Las nanopart\u00edculas de \u00f3xido de tulio pueden absorber eficazmente la luz solar y convertirla en electricidad. Debido a su peque\u00f1o tama\u00f1o de part\u00edcula, es capaz de penetrar en el sustrato de las c\u00e9lulas solares y mejorar la eficiencia de conversi\u00f3n fotoel\u00e9ctrica de las c\u00e9lulas, que se puede utilizar en la fabricaci\u00f3n de cargadores solares altamente eficientes, fuentes de alimentaci\u00f3n port\u00e1tiles y estaciones de energ\u00eda solar a gran escala.<\/p>\n<p>Aditivos para vidrio: En la fabricaci\u00f3n de vidrio, las part\u00edculas de \u00f3xido de tulio se pueden utilizar como aditivos para mejorar las propiedades \u00f3pticas del vidrio, como mejorar la transmitancia del vidrio, mejorar la saturaci\u00f3n del color, etc. Se puede utilizar en la fabricaci\u00f3n de piezas de vidrio para instrumentos \u00f3pticos, como telescopios de alta calidad y lentes de microscopio.<\/p>\n<p>Materiales de grabaci\u00f3n magn\u00e9tica: Las nanopart\u00edculas de \u00f3xido de tulio incorporadas en los materiales de grabaci\u00f3n magn\u00e9tica pueden aprovechar su anisotrop\u00eda de cristal magn\u00e9tico y magnetostricci\u00f3n \u00fanicas para mejorar la coercitividad y la sensibilidad de grabaci\u00f3n de los materiales, que se pueden aplicar a dispositivos de almacenamiento de datos como discos duros y cintas magn\u00e9ticas.<\/p>\n<p>Bater\u00edas de iones de litio: El \u00f3xido de tulio ultrafino puede mejorar la estabilidad del ciclo y el rendimiento de multiplicaci\u00f3n de las bater\u00edas de iones de litio y prolongar la vida \u00fatil de las bater\u00edas, proporcionando una nueva soluci\u00f3n para mejorar el rendimiento de las bater\u00edas de iones de litio.<\/p>\n<h2><span style=\"font-size: 14pt;\">Control de calidad<\/span><\/h2>\n<p><span style=\"color: #0000ff;\"><a style=\"color: #0000ff;\" href=\"https:\/\/vimaterial.de\/es\/control-de-calidad\/\">Cada lote<\/a> <\/span>de productos protege estrictamente la calidad, desde la selecci\u00f3n de proveedores de materias primas, hasta el uso de equipos de prueba avanzados para monitorear con precisi\u00f3n todo el proceso de producci\u00f3n, hasta el producto terminado a trav\u00e9s de muchas rondas de muestreo severo y certificaci\u00f3n autorizada de terceros, hasta un sistema de control de calidad integral de tolerancia cero para garantizar que cada lote de productos cumpla y supere los altos est\u00e1ndares de la industria, para proporcionar a nuestros clientes la mejor calidad y los productos m\u00e1s estables.<\/p>\n<h2><span style=\"font-size: 14pt;\">Embalaje y almacenamiento<\/span><\/h2>\n<p>Los gr\u00e1nulos de \u00f3xido de tulio se empaquetan en una bolsa de vac\u00edo o en una botella de vac\u00edo en una caja de cart\u00f3n para garantizar un transporte seguro.<\/p>\n<p>Los gr\u00e1nulos de \u00f3xido de tulio deben almacenarse en un ambiente seco, bien ventilado y fresco, sellados en recipientes limpios, evitando el contacto con \u00e1cidos, \u00e1lcalis, agentes reductores fuertes y otras sustancias.<\/p>\n","protected":false},"excerpt":{"rendered":"<p>Los gr\u00e1nulos <span style=\"color: #0000ff;\"><a style=\"color: #0000ff;\" href=\"https:\/\/vimaterial.de\/es\/product\/oxido-de-tulio\/\">de \u00f3xido de tulio<\/a><\/span> son un tipo de peque\u00f1as part\u00edculas s\u00f3lidas compuestas de elementos de tulio y ox\u00edgeno con estructura cristalina espec\u00edfica y propiedades qu\u00edmicas, que pueden producir especies reactivas de ox\u00edgeno bajo la excitaci\u00f3n de la luz infrarroja cercana, y tiene aplicaciones potenciales en \u00f3ptica, medicina.<\/p>\n<p>VIMATERIAL proporciona gr\u00e1nulos de \u00f3xido de tulio en varias especificaciones y admite el servicio de uni\u00f3n de objetivos. Aceptamos la personalizaci\u00f3n de los productos<span style=\"color: #0000ff;\"><a style=\"color: #0000ff;\" href=\"https:\/\/vimaterial.de\/es\/contacto\/\">, cont\u00e1ctenos<\/a><\/span>.<\/p>\n<h2><\/h2>\n","protected":false},"featured_media":1034539,"comment_status":"open","ping_status":"closed","template":"","meta":{"_acf_changed":false},"product_brand":[],"product_cat":[179],"product_tag":[],"class_list":{"0":"post-1028984","1":"product","2":"type-product","3":"status-publish","4":"has-post-thumbnail","6":"product_cat-materiales-de-evaporacion","8":"first","9":"instock","10":"shipping-taxable","11":"product-type-variable"},"acf":[],"_links":{"self":[{"href":"https:\/\/vimaterial.de\/es\/wp-json\/wp\/v2\/product\/1028984","targetHints":{"allow":["GET"]}}],"collection":[{"href":"https:\/\/vimaterial.de\/es\/wp-json\/wp\/v2\/product"}],"about":[{"href":"https:\/\/vimaterial.de\/es\/wp-json\/wp\/v2\/types\/product"}],"replies":[{"embeddable":true,"href":"https:\/\/vimaterial.de\/es\/wp-json\/wp\/v2\/comments?post=1028984"}],"wp:featuredmedia":[{"embeddable":true,"href":"https:\/\/vimaterial.de\/es\/wp-json\/wp\/v2\/media\/1034539"}],"wp:attachment":[{"href":"https:\/\/vimaterial.de\/es\/wp-json\/wp\/v2\/media?parent=1028984"}],"wp:term":[{"taxonomy":"product_brand","embeddable":true,"href":"https:\/\/vimaterial.de\/es\/wp-json\/wp\/v2\/product_brand?post=1028984"},{"taxonomy":"product_cat","embeddable":true,"href":"https:\/\/vimaterial.de\/es\/wp-json\/wp\/v2\/product_cat?post=1028984"},{"taxonomy":"product_tag","embeddable":true,"href":"https:\/\/vimaterial.de\/es\/wp-json\/wp\/v2\/product_tag?post=1028984"}],"curies":[{"name":"wp","href":"https:\/\/api.w.org\/{rel}","templated":true}]}}