{"id":1028972,"date":"2024-06-17T16:08:37","date_gmt":"2024-06-17T08:08:37","guid":{"rendered":"https:\/\/vimaterial.de\/product\/oxido-de-samario-4\/"},"modified":"2024-10-23T16:59:14","modified_gmt":"2024-10-23T08:59:14","slug":"oxido-de-samario-4","status":"publish","type":"product","link":"https:\/\/vimaterial.de\/es\/product\/oxido-de-samario-4\/","title":{"rendered":"\u00d3xido de samario"},"content":{"rendered":"<p>El objetivo de \u00f3xido de samario es un material importante con m\u00faltiples propiedades y aplicaciones.<\/p>\n<h3>Informaci\u00f3n b\u00e1sica:<\/h3>\n<p>F\u00f3rmula qu\u00edmica: Sm\u2082O\u2083, compuesto por los elementos samario (Sm) y ox\u00edgeno (O).<\/p>\n<p>N\u00ba CAS: 12060-58-1.<\/p>\n<p>Peso molecular: 348,71800.<\/p>\n<p>Aspecto: generalmente amarillo claro s\u00f3lido.<\/p>\n<p>Densidad: La densidad relativa es de unos 7.600 kg\/m\u00b3.<\/p>\n<p>Punto de fusi\u00f3n: alto punto de fusi\u00f3n, alrededor de 2335 \u00b0C.<\/p>\n<h3>\u00c1reas de aplicaci\u00f3n:<\/h3>\n<p>Industria de semiconductores: Se puede utilizar para preparar pel\u00edculas delgadas en dispositivos semiconductores, como en la fabricaci\u00f3n de circuitos integrados, las pel\u00edculas delgadas de Sm\u2082O\u2083 se pueden usar como capas aislantes, capas de barrera, etc., para mejorar el rendimiento y la confiabilidad de los dispositivos semiconductores.<\/p>\n<p>Campo \u00f3ptico: Debido a sus propiedades \u00f3pticas especiales, se puede utilizar en la preparaci\u00f3n de pel\u00edculas \u00f3pticas, como pel\u00edculas de mejora de la transmitancia, pel\u00edculas reflectantes, etc., que se aplican a lentes \u00f3pticas e instrumentos \u00f3pticos.<\/p>\n<p>Campo magn\u00e9tico: En la preparaci\u00f3n de materiales magn\u00e9ticos, el Sm\u2082O\u2083 se puede utilizar como aditivo o dopante para mejorar las propiedades de los materiales magn\u00e9ticos. Por ejemplo, en la preparaci\u00f3n de materiales magn\u00e9ticos permanentes de samario y cobalto, la adici\u00f3n de Sm\u2082O\u2083 puede mejorar las propiedades magn\u00e9ticas y la estabilidad de los materiales.<\/p>\n","protected":false},"excerpt":{"rendered":"<p>El objetivo de \u00f3xido de samario es un material importante con m\u00faltiples propiedades y aplicaciones.<\/p>\n<p>Industria de semiconductores: Se puede utilizar para preparar pel\u00edculas delgadas en dispositivos semiconductores, como en la fabricaci\u00f3n de circuitos integrados, las pel\u00edculas delgadas de Sm\u2082O\u2083 se pueden usar como capas aislantes, capas de barrera, etc., para mejorar el rendimiento y la confiabilidad de los dispositivos semiconductores.<\/p>\n<p>Campo \u00f3ptico: Debido a sus propiedades \u00f3pticas especiales, se puede utilizar en la preparaci\u00f3n de pel\u00edculas \u00f3pticas, como pel\u00edculas de mejora de la transmitancia, pel\u00edculas reflectantes, etc., que se aplican a lentes \u00f3pticas e instrumentos \u00f3pticos.<\/p>\n<p>&nbsp;<\/p>\n","protected":false},"featured_media":1034209,"comment_status":"open","ping_status":"closed","template":"","meta":{"_acf_changed":false},"product_brand":[],"product_cat":[178],"product_tag":[],"class_list":{"0":"post-1028972","1":"product","2":"type-product","3":"status-publish","4":"has-post-thumbnail","6":"product_cat-catodos-para-sputtering-planar","8":"first","9":"instock","10":"shipping-taxable","11":"product-type-variable"},"acf":[],"_links":{"self":[{"href":"https:\/\/vimaterial.de\/es\/wp-json\/wp\/v2\/product\/1028972","targetHints":{"allow":["GET"]}}],"collection":[{"href":"https:\/\/vimaterial.de\/es\/wp-json\/wp\/v2\/product"}],"about":[{"href":"https:\/\/vimaterial.de\/es\/wp-json\/wp\/v2\/types\/product"}],"replies":[{"embeddable":true,"href":"https:\/\/vimaterial.de\/es\/wp-json\/wp\/v2\/comments?post=1028972"}],"wp:featuredmedia":[{"embeddable":true,"href":"https:\/\/vimaterial.de\/es\/wp-json\/wp\/v2\/media\/1034209"}],"wp:attachment":[{"href":"https:\/\/vimaterial.de\/es\/wp-json\/wp\/v2\/media?parent=1028972"}],"wp:term":[{"taxonomy":"product_brand","embeddable":true,"href":"https:\/\/vimaterial.de\/es\/wp-json\/wp\/v2\/product_brand?post=1028972"},{"taxonomy":"product_cat","embeddable":true,"href":"https:\/\/vimaterial.de\/es\/wp-json\/wp\/v2\/product_cat?post=1028972"},{"taxonomy":"product_tag","embeddable":true,"href":"https:\/\/vimaterial.de\/es\/wp-json\/wp\/v2\/product_tag?post=1028972"}],"curies":[{"name":"wp","href":"https:\/\/api.w.org\/{rel}","templated":true}]}}