{"id":1028965,"date":"2024-06-17T16:08:36","date_gmt":"2024-06-17T08:08:36","guid":{"rendered":"https:\/\/vimaterial.de\/product\/oxido-de-samario-3\/"},"modified":"2024-10-24T10:51:53","modified_gmt":"2024-10-24T02:51:53","slug":"oxido-de-samario-3","status":"publish","type":"product","link":"https:\/\/vimaterial.de\/es\/product\/oxido-de-samario-3\/","title":{"rendered":"\u00d3xido de samario"},"content":{"rendered":"<p>El polvo de \u00f3xido de samario es un importante \u00f3xido de tierras raras.<\/p>\n<h3>Informaci\u00f3n b\u00e1sica:<\/h3>\n<p>F\u00f3rmula qu\u00edmica: Sm\u2082O\u2083, compuesto por los elementos samario (Sm) y ox\u00edgeno (O).<\/p>\n<p>Peso molecular: 348,80.<\/p>\n<p>N\u00ba CAS: 12060-58-1.<\/p>\n<p>Aspecto: generalmente polvo amarillo claro.<\/p>\n<p>Densidad: La densidad relativa es alta, alrededor de 8.347 g\/cm\u00b3.<\/p>\n<p>Punto de fusi\u00f3n: alto punto de fusi\u00f3n, alrededor de 2335 \u00b0C.<\/p>\n<p>Solubilidad: insoluble en agua, pero soluble en \u00e1cidos inorg\u00e1nicos.<\/p>\n<h3>Propiedades qu\u00edmicas:<\/h3>\n<p>Estabilidad: relativamente estable a temperatura y presi\u00f3n ambiente, pero absorbe f\u00e1cilmente el di\u00f3xido de carbono y el agua del aire.<\/p>\n<p>Propiedades oxidantes: El \u00f3xido de samario puede mostrar ciertas propiedades oxidantes bajo ciertas condiciones.<\/p>\n<h3>Usos:<\/h3>\n<p>En el campo de los materiales magn\u00e9ticos permanentes: el \u00f3xido de samario se puede utilizar para preparar un im\u00e1n permanente de samario y cobalto, que tiene altas propiedades magn\u00e9ticas y es ampliamente utilizado en los campos de motores el\u00e9ctricos y equipos electr\u00f3nicos.<\/p>\n<p>Campo de vidrio \u00f3ptico: se utilizan como aditivos para el vidrio absorbente \u00f3ptico e infrarrojo, que puede absorber radiaci\u00f3n infrarroja y se utilizan para fabricar vidrio \u00f3ptico especial.<\/p>\n<p>Campo catalizador: Se puede utilizar como catalizador o portador de catalizador para algunas reacciones qu\u00edmicas, como la reacci\u00f3n de deshidrataci\u00f3n y deshidrogenaci\u00f3n de alcoholes.<\/p>\n","protected":false},"excerpt":{"rendered":"<p>El polvo de \u00f3xido de samario es un importante \u00f3xido de tierras raras.<\/p>\n<p>En el campo de los materiales magn\u00e9ticos permanentes: se puede utilizar para preparar un im\u00e1n permanente de samario y cobalto, que tiene altas propiedades magn\u00e9ticas y es ampliamente utilizado en los campos de motores el\u00e9ctricos y equipos electr\u00f3nicos.<\/p>\n<p>Campo de vidrio \u00f3ptico: se utilizan como aditivos para el vidrio absorbente \u00f3ptico e infrarrojo, que puede absorber radiaci\u00f3n infrarroja y se utilizan para fabricar vidrio \u00f3ptico especial.<\/p>\n","protected":false},"featured_media":1034204,"comment_status":"open","ping_status":"closed","template":"","meta":{"_acf_changed":false},"product_brand":[],"product_cat":[186,184],"product_tag":[],"class_list":{"0":"post-1028965","1":"product","2":"type-product","3":"status-publish","4":"has-post-thumbnail","6":"product_cat-materiales-de-oxido-hidroxido","7":"product_cat-materiales-de-tierras-raras","9":"first","10":"instock","11":"shipping-taxable","12":"purchasable","13":"product-type-variable"},"acf":[],"_links":{"self":[{"href":"https:\/\/vimaterial.de\/es\/wp-json\/wp\/v2\/product\/1028965","targetHints":{"allow":["GET"]}}],"collection":[{"href":"https:\/\/vimaterial.de\/es\/wp-json\/wp\/v2\/product"}],"about":[{"href":"https:\/\/vimaterial.de\/es\/wp-json\/wp\/v2\/types\/product"}],"replies":[{"embeddable":true,"href":"https:\/\/vimaterial.de\/es\/wp-json\/wp\/v2\/comments?post=1028965"}],"wp:featuredmedia":[{"embeddable":true,"href":"https:\/\/vimaterial.de\/es\/wp-json\/wp\/v2\/media\/1034204"}],"wp:attachment":[{"href":"https:\/\/vimaterial.de\/es\/wp-json\/wp\/v2\/media?parent=1028965"}],"wp:term":[{"taxonomy":"product_brand","embeddable":true,"href":"https:\/\/vimaterial.de\/es\/wp-json\/wp\/v2\/product_brand?post=1028965"},{"taxonomy":"product_cat","embeddable":true,"href":"https:\/\/vimaterial.de\/es\/wp-json\/wp\/v2\/product_cat?post=1028965"},{"taxonomy":"product_tag","embeddable":true,"href":"https:\/\/vimaterial.de\/es\/wp-json\/wp\/v2\/product_tag?post=1028965"}],"curies":[{"name":"wp","href":"https:\/\/api.w.org\/{rel}","templated":true}]}}