{"id":1028940,"date":"2024-06-17T16:08:37","date_gmt":"2024-06-17T08:08:37","guid":{"rendered":"https:\/\/vimaterial.de\/product\/sulfuro-de-samario-2\/"},"modified":"2024-10-23T17:22:52","modified_gmt":"2024-10-23T09:22:52","slug":"sulfuro-de-samario-2","status":"publish","type":"product","link":"https:\/\/vimaterial.de\/es\/product\/sulfuro-de-samario-2\/","title":{"rendered":"Sulfuro de samario"},"content":{"rendered":"<p>El polvo de sulfuro de samario es un sulfuro de tierras raras.<\/p>\n<h3>Informaci\u00f3n b\u00e1sica:<\/h3>\n<p>F\u00f3rmula qu\u00edmica: sm\u2082S\u2083, compuesto por los elementos samario (Sm) y azufre (S).<\/p>\n<p>N\u00ba CAS: 12067-22-0.<\/p>\n<p>Peso molecular: 396.915 g\/mol.<\/p>\n<p>Aspecto: generalmente polvo cristalino de color marr\u00f3n rojizo.<\/p>\n<p>Densidad: Densidad relativa 5,87 g\/cm\u00b3.<\/p>\n<p>Punto de fusi\u00f3n: alto punto de fusi\u00f3n, alrededor de 1720 \u00b0C.<\/p>\n<p>Estructura cristalina: con estructura cristalina c\u00fabica.<\/p>\n<h3>Propiedades qu\u00edmicas:<\/h3>\n<p>Estabilidad: Estable a temperatura y presi\u00f3n ambiente, pero comienza a oxidarse cuando se calienta por encima de 200 \u00b0C.<\/p>\n<p>Solubilidad: insoluble en agua, se descompone en agua caliente y diluye el \u00e1cido. Puede ser oxidado a \u00f3xidos por agentes oxidantes como el per\u00f3xido de hidr\u00f3geno.<\/p>\n<h3>Campos de aplicaci\u00f3n:<\/h3>\n<p>Reactivos anal\u00edticos: El sulfuro de samario se puede utilizar en laboratorios para an\u00e1lisis qu\u00edmicos y otras investigaciones relacionadas.<\/p>\n<p>Materiales semiconductores: Debido a sus propiedades semiconductoras, tiene cierto potencial de aplicaci\u00f3n en el campo de los semiconductores y se puede utilizar en la preparaci\u00f3n de dispositivos semiconductores relacionados o como dopante para materiales semiconductores.<\/p>\n<p>Materiales \u00f3pticos: En el campo de la \u00f3ptica, los materiales de sulfuro de tierras raras tienen una alta transmitancia en una amplia gama de longitudes de onda (0,5 &#8211; 14 micras) y son un material potencial para ventanas infrarrojas.<\/p>\n<p>Materiales de almacenamiento de energ\u00eda: en el campo de la energ\u00eda, se pueden utilizar como materiales de electrodos de supercondensadores, etc., mostrando una buena capacidad de almacenamiento de energ\u00eda.<\/p>\n","protected":false},"excerpt":{"rendered":"<p>El polvo de sulfuro de samario es un sulfuro de tierras raras.<\/p>\n<p>Reactivos anal\u00edticos: El sulfuro de samario se puede utilizar en laboratorios para an\u00e1lisis qu\u00edmicos y otras investigaciones relacionadas.<\/p>\n<p>Materiales semiconductores: Debido a sus propiedades semiconductoras, tiene cierto potencial de aplicaci\u00f3n en el campo de los semiconductores y se puede utilizar en la preparaci\u00f3n de dispositivos semiconductores relacionados o como dopante para materiales semiconductores.<\/p>\n","protected":false},"featured_media":1034214,"comment_status":"open","ping_status":"closed","template":"","meta":{"_acf_changed":false},"product_brand":[],"product_cat":[179],"product_tag":[],"class_list":{"0":"post-1028940","1":"product","2":"type-product","3":"status-publish","4":"has-post-thumbnail","6":"product_cat-materiales-de-evaporacion","8":"first","9":"instock","10":"shipping-taxable","11":"product-type-variable"},"acf":[],"_links":{"self":[{"href":"https:\/\/vimaterial.de\/es\/wp-json\/wp\/v2\/product\/1028940","targetHints":{"allow":["GET"]}}],"collection":[{"href":"https:\/\/vimaterial.de\/es\/wp-json\/wp\/v2\/product"}],"about":[{"href":"https:\/\/vimaterial.de\/es\/wp-json\/wp\/v2\/types\/product"}],"replies":[{"embeddable":true,"href":"https:\/\/vimaterial.de\/es\/wp-json\/wp\/v2\/comments?post=1028940"}],"wp:featuredmedia":[{"embeddable":true,"href":"https:\/\/vimaterial.de\/es\/wp-json\/wp\/v2\/media\/1034214"}],"wp:attachment":[{"href":"https:\/\/vimaterial.de\/es\/wp-json\/wp\/v2\/media?parent=1028940"}],"wp:term":[{"taxonomy":"product_brand","embeddable":true,"href":"https:\/\/vimaterial.de\/es\/wp-json\/wp\/v2\/product_brand?post=1028940"},{"taxonomy":"product_cat","embeddable":true,"href":"https:\/\/vimaterial.de\/es\/wp-json\/wp\/v2\/product_cat?post=1028940"},{"taxonomy":"product_tag","embeddable":true,"href":"https:\/\/vimaterial.de\/es\/wp-json\/wp\/v2\/product_tag?post=1028940"}],"curies":[{"name":"wp","href":"https:\/\/api.w.org\/{rel}","templated":true}]}}