{"id":1028913,"date":"2024-06-17T16:16:19","date_gmt":"2024-06-17T08:16:19","guid":{"rendered":"https:\/\/vimaterial.de\/product\/oxido-de-tulio-2\/"},"modified":"2025-03-11T14:10:54","modified_gmt":"2025-03-11T06:10:54","slug":"oxido-de-tulio-2","status":"publish","type":"product","link":"https:\/\/vimaterial.de\/es\/product\/oxido-de-tulio-2\/","title":{"rendered":"\u00d3xido de tulio"},"content":{"rendered":"<p>El objetivo de pulverizaci\u00f3n cat\u00f3dica <span style=\"color: #0000ff;\"><a style=\"color: #0000ff;\" href=\"https:\/\/vimaterial.de\/es\/product\/oxido-de-tulio-3\/\">de \u00f3xido de tulio<\/a><\/span> es un material clave utilizado en la pulverizaci\u00f3n cat\u00f3dica de magnetr\u00f3n y otros procesos de recubrimiento. Est\u00e1 hecho de \u00f3xido de tulio de alta pureza y se puede usar para depositar pel\u00edculas delgadas que contienen tulio en sustratos, que se utilizan en muchos campos de alta tecnolog\u00eda, como semiconductores y \u00f3ptica.<\/p>\n<p>VIMATERIAL proporciona un objetivo de pulverizaci\u00f3n cat\u00f3dica Tm2O3 en varias especificaciones y admite el servicio de enlace de objetivos. Aceptamos la personalizaci\u00f3n de los productos, <span style=\"color: #0000ff;\"><a style=\"color: #0000ff;\" href=\"https:\/\/vimaterial.de\/es\/contacto\/\">cont\u00e1ctenos<\/a><\/span>.<\/p>\n<h2><span style=\"font-size: 14pt;\">Propiedades<\/span><\/h2>\n<p>F\u00f3rmula molecular: Tm\u2082O\u2083<\/p>\n<p>Peso molecular: 385.86<\/p>\n<p>Aspecto: blanco o amarillo claro objetivo<\/p>\n<p>Densidad: 8,6 g\/cm\u00b3<\/p>\n<p>Punto de fusi\u00f3n: 2425 \u00b0C<\/p>\n<p>Estructura cristalina: Sistema de cristal c\u00fabico<\/p>\n<h2><span style=\"font-size: 14pt;\">Aplicaciones<\/span><\/h2>\n<p>Recubrimiento \u00f3ptico: Los objetivos de pulverizaci\u00f3n cat\u00f3dica de \u00f3xido de tulio se pueden usar para preparar una variedad de pel\u00edculas \u00f3pticas, como pel\u00edculas de mejora de la transmitancia, pel\u00edculas reflectantes y pel\u00edculas de filtro. Estas pel\u00edculas se pueden aplicar a lentes \u00f3pticas, lentes de anteojos, instrumentos \u00f3pticos y otros equipos para mejorar el rendimiento de los componentes \u00f3pticos.<\/p>\n<p>Pantalla plana: se puede utilizar en la fabricaci\u00f3n de pantallas planas, como pantallas de cristal l\u00edquido (LCD), diodos emisores de luz org\u00e1nicos (OLED), etc. En estas pantallas, las pel\u00edculas delgadas de \u00f3xido de tulio se pueden usar como materiales de electrodos, materiales emisores de luz, etc. para mejorar el rendimiento de la pantalla y la vida \u00fatil de las pantallas.<\/p>\n<p>Biom\u00e9dico: En el campo biom\u00e9dico, los objetivos de pulverizaci\u00f3n cat\u00f3dica de \u00f3xido de tulio se pueden utilizar para la preparaci\u00f3n de biosensores, materiales de implantaci\u00f3n m\u00e9dica, etc.<\/p>\n<h2><span style=\"font-size: 14pt;\">Control de calidad<\/span><\/h2>\n<p><span style=\"color: #0000ff;\"><a style=\"color: #0000ff;\" href=\"https:\/\/vimaterial.de\/es\/control-de-calidad\/\">Cada lote<\/a><\/span> de productos protege estrictamente la calidad, desde la selecci\u00f3n de proveedores de materias primas, hasta el uso de equipos de prueba avanzados para monitorear con precisi\u00f3n todo el proceso de producci\u00f3n, hasta el producto terminado a trav\u00e9s de muchas rondas de muestreo severo y certificaci\u00f3n autorizada de terceros, hasta un sistema de control de calidad integral de tolerancia cero para garantizar que cada lote de productos cumpla y supere los altos est\u00e1ndares de la industria, para proporcionar a nuestros clientes la mejor calidad y los productos m\u00e1s estables.<\/p>\n<h2><span style=\"font-size: 14pt;\">Embalaje y almacenamiento<\/span><\/h2>\n<p>El objetivo de pulverizaci\u00f3n cat\u00f3dica de \u00f3xido de tulio se empaqueta despu\u00e9s de una bolsa de doble vac\u00edo y se empaqueta en una caja de cart\u00f3n exterior para garantizar la seguridad del transporte.<\/p>\n<p>Los objetivos de pulverizaci\u00f3n cat\u00f3dica de \u00f3xido de tulio deben almacenarse en un ambiente seco, limpio y a temperatura adecuada, sellados en envases al vac\u00edo o bolsas con cierre herm\u00e9tico, evitando el contacto con aire, humedad, solventes org\u00e1nicos y productos qu\u00edmicos corrosivos, y evitando da\u00f1os mec\u00e1nicos como colisiones y extrusi\u00f3n.<\/p>\n","protected":false},"excerpt":{"rendered":"<p>El objetivo de pulverizaci\u00f3n cat\u00f3dica <span style=\"color: #0000ff;\"><a style=\"color: #0000ff;\" href=\"https:\/\/vimaterial.de\/es\/product\/oxido-de-tulio-3\/\">de \u00f3xido de tulio<\/a><\/span> es un material clave utilizado en la pulverizaci\u00f3n cat\u00f3dica de magnetr\u00f3n y otros procesos de recubrimiento. Est\u00e1 hecho de \u00f3xido de tulio de alta pureza y se puede usar para depositar pel\u00edculas delgadas que contienen tulio en sustratos, que se utilizan en muchos campos de alta tecnolog\u00eda, como semiconductores y \u00f3ptica.<\/p>\n<p>VIMATERIAL proporciona un objetivo de pulverizaci\u00f3n cat\u00f3dica Tm2O3 en varias especificaciones y admite el servicio de enlace de objetivos. Aceptamos la personalizaci\u00f3n de los productos, <span style=\"color: #0000ff;\"><a style=\"color: #0000ff;\" href=\"https:\/\/vimaterial.de\/es\/contacto\/\">cont\u00e1ctenos<\/a><\/span>.<\/p>\n","protected":false},"featured_media":1034549,"comment_status":"open","ping_status":"closed","template":"","meta":{"_acf_changed":false},"product_brand":[],"product_cat":[178],"product_tag":[],"class_list":{"0":"post-1028913","1":"product","2":"type-product","3":"status-publish","4":"has-post-thumbnail","6":"product_cat-catodos-para-sputtering-planar","8":"first","9":"instock","10":"shipping-taxable","11":"product-type-variable"},"acf":[],"_links":{"self":[{"href":"https:\/\/vimaterial.de\/es\/wp-json\/wp\/v2\/product\/1028913","targetHints":{"allow":["GET"]}}],"collection":[{"href":"https:\/\/vimaterial.de\/es\/wp-json\/wp\/v2\/product"}],"about":[{"href":"https:\/\/vimaterial.de\/es\/wp-json\/wp\/v2\/types\/product"}],"replies":[{"embeddable":true,"href":"https:\/\/vimaterial.de\/es\/wp-json\/wp\/v2\/comments?post=1028913"}],"wp:featuredmedia":[{"embeddable":true,"href":"https:\/\/vimaterial.de\/es\/wp-json\/wp\/v2\/media\/1034549"}],"wp:attachment":[{"href":"https:\/\/vimaterial.de\/es\/wp-json\/wp\/v2\/media?parent=1028913"}],"wp:term":[{"taxonomy":"product_brand","embeddable":true,"href":"https:\/\/vimaterial.de\/es\/wp-json\/wp\/v2\/product_brand?post=1028913"},{"taxonomy":"product_cat","embeddable":true,"href":"https:\/\/vimaterial.de\/es\/wp-json\/wp\/v2\/product_cat?post=1028913"},{"taxonomy":"product_tag","embeddable":true,"href":"https:\/\/vimaterial.de\/es\/wp-json\/wp\/v2\/product_tag?post=1028913"}],"curies":[{"name":"wp","href":"https:\/\/api.w.org\/{rel}","templated":true}]}}