{"id":1028906,"date":"2024-06-17T16:16:19","date_gmt":"2024-06-17T08:16:19","guid":{"rendered":"https:\/\/vimaterial.de\/product\/oxido-de-tulio\/"},"modified":"2025-03-11T13:58:18","modified_gmt":"2025-03-11T05:58:18","slug":"oxido-de-tulio","status":"publish","type":"product","link":"https:\/\/vimaterial.de\/es\/product\/oxido-de-tulio\/","title":{"rendered":"\u00d3xido de tulio"},"content":{"rendered":"<p><span style=\"color: #0000ff;\"><a style=\"color: #0000ff;\" href=\"https:\/\/vimaterial.de\/es\/product\/oxido-de-tulio-3\/\">El polvo de \u00f3xido de tulio<\/a><\/span> es un polvo de \u00f3xido de tierras raras blanquecino, insoluble en agua, que se disuelve lentamente en \u00e1cidos fuertes, cambia de color cuando se calienta y tiene una variedad de aplicaciones: aditivos de vidrio, materiales de control de reactores.<\/p>\n<p>VIMATERIAL proporciona polvo de Tm2O3 en varias especificaciones y admite el servicio de encuadernaci\u00f3n de objetivos. Aceptamos la personalizaci\u00f3n de los productos,<span style=\"color: #0000ff;\"><a style=\"color: #0000ff;\" href=\"https:\/\/vimaterial.de\/es\/contacto\/\"> cont\u00e1ctenos.<\/a><\/span><\/p>\n<h2><span style=\"font-size: 14pt;\">Propiedades<\/span><\/h2>\n<p>F\u00f3rmula molecular: Tm\u2082O\u2083<\/p>\n<p>Peso molecular: 385.86<\/p>\n<p>Aspecto: polvo blanquecino<\/p>\n<p>Densidad: 8,6 g\/cm\u00b3<\/p>\n<p>Punto de fusi\u00f3n: 2425 \u00b0C<\/p>\n<p>Estructura cristalina: Sistema de cristal c\u00fabico<\/p>\n<p>Solubilidad: El polvo de \u00f3xido de tulio es insoluble en agua y \u00e1cido fr\u00edo, soluble en \u00e1cido diluido tibio y \u00e1cido sulf\u00farico caliente.<\/p>\n<h2><span style=\"font-size: 14pt;\">Aplicaciones<\/span><\/h2>\n<p>Materiales electr\u00f3nicos: El polvo de Tm\u2082O\u2083, como un importante \u00f3xido de tierras raras, se usa a menudo en el campo de los materiales electr\u00f3nicos para fabricar componentes electr\u00f3nicos de alto rendimiento, como en dispositivos semiconductores para mejorar las propiedades el\u00e9ctricas del material y mejorar la eficiencia y estabilidad de los componentes. En el campo de los materiales electr\u00f3nicos, a menudo se utiliza en la fabricaci\u00f3n de componentes electr\u00f3nicos de alto rendimiento.<\/p>\n<p>Campo \u00f3ptico: Con propiedades \u00f3pticas \u00fanicas, el polvo de Tm \u2082O \u2083 es ampliamente utilizado en el campo \u00f3ptico, se puede usar en la preparaci\u00f3n de materiales de vidrio y cer\u00e1mica con propiedades \u00f3pticas especiales, utilizado en amplificadores de fibra \u00f3ptica, cristales l\u00e1ser, etc., para mejorar significativamente la transmisi\u00f3n de se\u00f1ales \u00f3pticas y la eficiencia de conversi\u00f3n.<\/p>\n<p>Catalizadores: El polvo de Tm\u2082O\u2083 muestra potencial en el campo de los catalizadores, como componente de los catalizadores o portadores de catalizadores, puede promover eficazmente la reacci\u00f3n qu\u00edmica, como en algunas reacciones de s\u00edntesis org\u00e1nica, puede mejorar la velocidad de reacci\u00f3n y la selectividad del producto objetivo.<\/p>\n<p>Materiales magn\u00e9ticos: El polvo de Tm\u2082O\u2083 se utiliza en el campo de los materiales magn\u00e9ticos debido a su efecto sobre el magnetismo. Cuando se agrega a aleaciones magn\u00e9ticas o compuestos, el polvo de Tm\u2082O\u2083 puede regular las propiedades magn\u00e9ticas del material para satisfacer las necesidades de diferentes escenarios de aplicaci\u00f3n magn\u00e9tica.<\/p>\n<h2><span style=\"font-size: 14pt;\">Control de calidad<\/span><\/h2>\n<p><a href=\"https:\/\/vimaterial.de\/es\/control-de-calidad\/\"><span style=\"color: #0000ff;\">Cada lote<\/span><\/a> de productos protege estrictamente la calidad, desde la selecci\u00f3n de proveedores de materias primas, hasta el uso de equipos de prueba avanzados para monitorear con precisi\u00f3n todo el proceso de producci\u00f3n, hasta el producto terminado a trav\u00e9s de muchas rondas de muestreo severo y certificaci\u00f3n autorizada de terceros, hasta un sistema de control de calidad integral de tolerancia cero para garantizar que cada lote de productos cumpla y supere los altos est\u00e1ndares de la industria, para proporcionar a nuestros clientes la mejor calidad y los productos m\u00e1s estables.<\/p>\n<h2><span style=\"font-size: 14pt;\">Embalaje y almacenamiento<\/span><\/h2>\n<p>El polvo de \u00f3xido de tulio se envasa en una bolsa de vac\u00edo o en una botella de vac\u00edo en una caja de cart\u00f3n para garantizar un transporte seguro.<\/p>\n<p>El polvo de \u00f3xido de tulio debe almacenarse en un ambiente fresco, seco y ventilado en recipientes sellados protegidos con gas inerte o bolsas a prueba de humedad, evitando el contacto con el aire, la humedad y las sustancias corrosivas como \u00e1cidos y \u00e1lcalis, as\u00ed como lejos de fuentes de calor y fuego.<\/p>\n","protected":false},"excerpt":{"rendered":"<p><span style=\"color: #0000ff;\"><a style=\"color: #0000ff;\" href=\"https:\/\/vimaterial.de\/es\/product\/oxido-de-tulio-3\/\">El polvo de \u00f3xido de tulio<\/a><\/span> es un polvo de \u00f3xido de tierras raras blanquecino, insoluble en agua, que se disuelve lentamente en \u00e1cidos fuertes, cambia de color cuando se calienta y tiene una variedad de aplicaciones: aditivos de vidrio, materiales de control de reactores.<\/p>\n<p>VIMATERIAL proporciona polvo de Tm2O3 en varias especificaciones y admite el servicio de encuadernaci\u00f3n de objetivos. Aceptamos la personalizaci\u00f3n de los productos,<span style=\"color: #0000ff;\"><a style=\"color: #0000ff;\" href=\"https:\/\/vimaterial.de\/es\/contacto\/\"> cont\u00e1ctenos.<\/a><\/span><\/p>\n<p>&nbsp;<\/p>\n<h2><\/h2>\n","protected":false},"featured_media":1034544,"comment_status":"open","ping_status":"closed","template":"","meta":{"_acf_changed":false},"product_brand":[],"product_cat":[186,184],"product_tag":[],"class_list":{"0":"post-1028906","1":"product","2":"type-product","3":"status-publish","4":"has-post-thumbnail","6":"product_cat-materiales-de-oxido-hidroxido","7":"product_cat-materiales-de-tierras-raras","9":"first","10":"instock","11":"shipping-taxable","12":"purchasable","13":"product-type-variable"},"acf":[],"_links":{"self":[{"href":"https:\/\/vimaterial.de\/es\/wp-json\/wp\/v2\/product\/1028906","targetHints":{"allow":["GET"]}}],"collection":[{"href":"https:\/\/vimaterial.de\/es\/wp-json\/wp\/v2\/product"}],"about":[{"href":"https:\/\/vimaterial.de\/es\/wp-json\/wp\/v2\/types\/product"}],"replies":[{"embeddable":true,"href":"https:\/\/vimaterial.de\/es\/wp-json\/wp\/v2\/comments?post=1028906"}],"wp:featuredmedia":[{"embeddable":true,"href":"https:\/\/vimaterial.de\/es\/wp-json\/wp\/v2\/media\/1034544"}],"wp:attachment":[{"href":"https:\/\/vimaterial.de\/es\/wp-json\/wp\/v2\/media?parent=1028906"}],"wp:term":[{"taxonomy":"product_brand","embeddable":true,"href":"https:\/\/vimaterial.de\/es\/wp-json\/wp\/v2\/product_brand?post=1028906"},{"taxonomy":"product_cat","embeddable":true,"href":"https:\/\/vimaterial.de\/es\/wp-json\/wp\/v2\/product_cat?post=1028906"},{"taxonomy":"product_tag","embeddable":true,"href":"https:\/\/vimaterial.de\/es\/wp-json\/wp\/v2\/product_tag?post=1028906"}],"curies":[{"name":"wp","href":"https:\/\/api.w.org\/{rel}","templated":true}]}}