{"id":1028892,"date":"2024-06-17T16:16:19","date_gmt":"2024-06-17T08:16:19","guid":{"rendered":"https:\/\/vimaterial.de\/product\/sulfuro-de-tulio\/"},"modified":"2025-03-11T14:26:32","modified_gmt":"2025-03-11T06:26:32","slug":"sulfuro-de-tulio","status":"publish","type":"product","link":"https:\/\/vimaterial.de\/es\/product\/sulfuro-de-tulio\/","title":{"rendered":"Sulfuro de tulio"},"content":{"rendered":"<p>El polvo de sulfuro de tulio es un polvo compuesto inorg\u00e1nico compuesto por elementos de tulio y azufre, generalmente de color gris o negro, con alta estabilidad qu\u00edmica y aplicaciones potenciales en \u00f3ptica, electr\u00f3nica y otros campos.<\/p>\n<p>VIMATERIAL proporciona polvo Tm2S3 en varias especificaciones y admite el servicio de encuadernaci\u00f3n de objetivos. Aceptamos la personalizaci\u00f3n de los productos,<span style=\"color: #0000ff;\"><a style=\"color: #0000ff;\" href=\"https:\/\/vimaterial.de\/es\/contacto\/\"> cont\u00e1ctenos<\/a>.<\/span><\/p>\n<h2><span style=\"font-size: 14pt;\">Propiedades<\/span><\/h2>\n<p>F\u00f3rmula molecular: Tm\u2082S\u2083<\/p>\n<p>Peso molecular: 445.98<\/p>\n<p>Aspecto: polvo negro o gris-negro<\/p>\n<p>Estructura cristalina: Estructura cristalina hexagonal<\/p>\n<h2><span style=\"font-size: 14pt;\">Aplicaci\u00f3n<\/span><\/h2>\n<p>Campo \u00f3ptico: debido a su estructura electr\u00f3nica especial y propiedades \u00f3pticas, el polvo de sulfuro de tulio tiene el potencial de ser utilizado en materiales \u00f3pticos.<\/p>\n<p>Materiales electr\u00f3nicos: En materiales electr\u00f3nicos, el polvo de sulfuro de tulio se puede utilizar como aditivo potencial para materiales semiconductores o componentes electr\u00f3nicos, que se pueden utilizar para mejorar el rendimiento de los materiales electr\u00f3nicos.<\/p>\n<p>Investigaci\u00f3n cient\u00edfica: como compuesto especial, el polvo de sulfuro de tulio tiene un importante valor de aplicaci\u00f3n en el campo de la investigaci\u00f3n cient\u00edfica, que se puede utilizar para estudiar las propiedades f\u00edsicas y qu\u00edmicas de los materiales y explorar nuevos sistemas de materiales.<\/p>\n<h2><span style=\"font-size: 14pt;\">Control de calidad<\/span><\/h2>\n<p><span style=\"color: #0000ff;\"><a style=\"color: #0000ff;\" href=\"https:\/\/vimaterial.de\/es\/control-de-calidad\/\">Cada lote<\/a><\/span> de productos protege estrictamente la calidad, desde la selecci\u00f3n de proveedores de materias primas, hasta el uso de equipos de prueba avanzados para monitorear con precisi\u00f3n todo el proceso de producci\u00f3n, hasta el producto terminado a trav\u00e9s de muchas rondas de muestreo severo y certificaci\u00f3n autorizada de terceros, hasta un sistema de control de calidad integral de tolerancia cero para garantizar que cada lote de productos cumpla y supere los altos est\u00e1ndares de la industria, para proporcionar a nuestros clientes la mejor calidad y los productos m\u00e1s estables.<\/p>\n<h2><span style=\"font-size: 14pt;\">Embalaje y almacenamiento<\/span><\/h2>\n<p>El polvo de sulfuro de tulio se envasa en una bolsa de vac\u00edo o en una botella de vac\u00edo en una caja de cart\u00f3n para garantizar un transporte seguro.<\/p>\n<p>El polvo de sulfuro de tulio debe almacenarse en un ambiente seco, fresco y bien ventilado, utilizando un embalaje protector de gas inerte sellado o un embalaje al vac\u00edo para evitar que reaccione con el ox\u00edgeno y la humedad del aire, y al mismo tiempo debe mantenerse alejado de fuentes de ignici\u00f3n, calor y sustancias oxidantes, para evitar vibraciones, impactos y contaminaci\u00f3n.<\/p>\n","protected":false},"excerpt":{"rendered":"<p>El polvo de sulfuro de tulio es un polvo compuesto inorg\u00e1nico compuesto por elementos de tulio y azufre, generalmente de color gris o negro, con alta estabilidad qu\u00edmica y aplicaciones potenciales en \u00f3ptica, electr\u00f3nica y otros campos.<\/p>\n<p>VIMATERIAL proporciona polvo Tm2S3 en varias especificaciones y admite el servicio de encuadernaci\u00f3n de objetivos. Aceptamos la personalizaci\u00f3n de los productos,<span style=\"color: #0000ff;\"><a style=\"color: #0000ff;\" href=\"https:\/\/vimaterial.de\/es\/contacto\/\"> cont\u00e1ctenos<\/a>.<\/span><\/p>\n","protected":false},"featured_media":1034554,"comment_status":"open","ping_status":"closed","template":"","meta":{"_acf_changed":false},"product_brand":[],"product_cat":[184],"product_tag":[],"class_list":{"0":"post-1028892","1":"product","2":"type-product","3":"status-publish","4":"has-post-thumbnail","6":"product_cat-materiales-de-tierras-raras","8":"first","9":"instock","10":"shipping-taxable","11":"purchasable","12":"product-type-variable"},"acf":[],"_links":{"self":[{"href":"https:\/\/vimaterial.de\/es\/wp-json\/wp\/v2\/product\/1028892","targetHints":{"allow":["GET"]}}],"collection":[{"href":"https:\/\/vimaterial.de\/es\/wp-json\/wp\/v2\/product"}],"about":[{"href":"https:\/\/vimaterial.de\/es\/wp-json\/wp\/v2\/types\/product"}],"replies":[{"embeddable":true,"href":"https:\/\/vimaterial.de\/es\/wp-json\/wp\/v2\/comments?post=1028892"}],"wp:featuredmedia":[{"embeddable":true,"href":"https:\/\/vimaterial.de\/es\/wp-json\/wp\/v2\/media\/1034554"}],"wp:attachment":[{"href":"https:\/\/vimaterial.de\/es\/wp-json\/wp\/v2\/media?parent=1028892"}],"wp:term":[{"taxonomy":"product_brand","embeddable":true,"href":"https:\/\/vimaterial.de\/es\/wp-json\/wp\/v2\/product_brand?post=1028892"},{"taxonomy":"product_cat","embeddable":true,"href":"https:\/\/vimaterial.de\/es\/wp-json\/wp\/v2\/product_cat?post=1028892"},{"taxonomy":"product_tag","embeddable":true,"href":"https:\/\/vimaterial.de\/es\/wp-json\/wp\/v2\/product_tag?post=1028892"}],"curies":[{"name":"wp","href":"https:\/\/api.w.org\/{rel}","templated":true}]}}