{"id":1028879,"date":"2024-06-17T16:19:47","date_gmt":"2024-06-17T08:19:47","guid":{"rendered":"https:\/\/vimaterial.de\/product\/boruro-de-tulio\/"},"modified":"2025-03-11T13:18:41","modified_gmt":"2025-03-11T05:18:41","slug":"boruro-de-tulio","status":"publish","type":"product","link":"https:\/\/vimaterial.de\/es\/product\/boruro-de-tulio\/","title":{"rendered":"Borida de tulio"},"content":{"rendered":"<p>El polvo de borida de tulio es un polvo de boruro met\u00e1lico de tierras raras compuesto por elementos de boro y tulio, que tienen cierta dureza, alto punto de fusi\u00f3n y otras caracter\u00edsticas, y aplicaci\u00f3n en el campo de la ciencia de los materiales, electr\u00f3nica.<\/p>\n<p>VIMATERIAL proporciona polvo TmB6 en varias especificaciones y admite el servicio de encuadernaci\u00f3n de objetivos. Aceptamos la personalizaci\u00f3n de los productos, <span style=\"color: #0000ff;\"><a style=\"color: #0000ff;\" href=\"https:\/\/vimaterial.de\/es\/contacto\/\">cont\u00e1ctenos.<\/a><\/span><\/p>\n<h2><span style=\"font-size: 14pt;\">Propiedades<\/span><\/h2>\n<p>F\u00f3rmula molecular: TmB\u2086<\/p>\n<p>Peso molecular: alrededor de 227.73<\/p>\n<p>Aspecto: Polvo negro o gris-negro<\/p>\n<p>Estructura cristalina: TmB\u2086 tiene una estructura cristalina hexagonal, en la que los \u00e1tomos de tulio y los \u00e1tomos de boro est\u00e1n dispuestos de una manera espec\u00edfica, con los \u00e1tomos de boro formando una reticulaci\u00f3n hexagonal y los \u00e1tomos de tulio interactuando con los \u00e1tomos de boro en posiciones espec\u00edficas.<\/p>\n<p>Estabilidad: a temperatura y presi\u00f3n ambiente, el polvo de borida de tulio tiene buena estabilidad qu\u00edmica y no es f\u00e1cil de reaccionar con el ox\u00edgeno y la humedad en el aire. Sin embargo, en condiciones especiales como alta temperatura, oxidante fuerte o \u00e1cido y \u00e1lcali fuertes, puede ocurrir una reacci\u00f3n qu\u00edmica.<\/p>\n<h2><span style=\"font-size: 14pt;\">Aplicaciones<\/span><\/h2>\n<p>Materiales de recubrimiento resistentes al desgaste: Los recubrimientos resistentes al desgaste se pueden preparar como material aditivo y recubrir sobre superficies met\u00e1licas o cer\u00e1micas para mejorar su resistencia al desgaste y a la corrosi\u00f3n.<\/p>\n<p>Materiales emisores de electrones: en los dispositivos emisores de electrones, el polvo de boruro de tulio se puede utilizar como material cat\u00f3dico para emitir electrones de manera estable a altas temperaturas aprovechando su alto trabajo de escape de electrones y su buena estabilidad t\u00e9rmica.<\/p>\n<p>Materiales semiconductores: Aunque el borida de tulio no es un material semiconductor t\u00edpico, se puede utilizar como dopante o material auxiliar para mejorar el rendimiento de los semiconductores en algunos devices.cy especiales de semiconductores.<\/p>\n<h2><span style=\"font-size: 14pt;\">Control de calidad<\/span><\/h2>\n<p><span style=\"color: #0000ff;\"><a style=\"color: #0000ff;\" href=\"https:\/\/vimaterial.de\/es\/control-de-calidad\/\">Cada lote<\/a><\/span> de productos protege estrictamente la calidad, desde la selecci\u00f3n de proveedores de materias primas, hasta el uso de equipos de prueba avanzados para monitorear con precisi\u00f3n todo el proceso de producci\u00f3n, hasta el producto terminado a trav\u00e9s de muchas rondas de muestreo severo y certificaci\u00f3n autorizada de terceros, hasta un sistema de control de calidad integral de tolerancia cero para garantizar que cada lote de productos cumpla y supere los altos est\u00e1ndares de la industria, para proporcionar a nuestros clientes la mejor calidad y los productos m\u00e1s estables.<\/p>\n<h2><span style=\"font-size: 14pt;\">Embalaje y almacenamiento<\/span><\/h2>\n<p>El polvo de borida de tulio se envasa en una bolsa de vac\u00edo o en una botella de vac\u00edo en una caja de cart\u00f3n para garantizar un transporte seguro.<\/p>\n<p>El polvo de borida de tulio debe almacenarse en un ambiente seco, fresco y ventilado, sellado en un vac\u00edo o recipiente lleno de gas inerte como el arg\u00f3n para evitar que reaccione con el ox\u00edgeno y la humedad del aire, y para evitar el contacto con \u00e1cidos, \u00e1lcalis y agentes oxidantes fuertes.<\/p>\n","protected":false},"excerpt":{"rendered":"<p>El polvo de borida de tulio es un polvo de boruro met\u00e1lico de tierras raras compuesto por elementos de boro y tulio, que tienen cierta dureza, alto punto de fusi\u00f3n y otras caracter\u00edsticas, y aplicaci\u00f3n en el campo de la ciencia de los materiales, electr\u00f3nica.<\/p>\n<p>VIMATERIAL proporciona polvo TmB6 en varias especificaciones y admite el servicio de encuadernaci\u00f3n de objetivos. Aceptamos la personalizaci\u00f3n de los productos, <span style=\"color: #0000ff;\"><a style=\"color: #0000ff;\" href=\"https:\/\/vimaterial.de\/es\/contacto\/\">cont\u00e1ctenos.<\/a><\/span><\/p>\n<p>&nbsp;<\/p>\n<p>&nbsp;<\/p>\n","protected":false},"featured_media":1034559,"comment_status":"open","ping_status":"closed","template":"","meta":{"_acf_changed":false},"product_brand":[],"product_cat":[183,184],"product_tag":[],"class_list":{"0":"post-1028879","1":"product","2":"type-product","3":"status-publish","4":"has-post-thumbnail","6":"product_cat-c-n-b-si-materiales","7":"product_cat-materiales-de-tierras-raras","9":"first","10":"instock","11":"shipping-taxable","12":"product-type-variable"},"acf":[],"_links":{"self":[{"href":"https:\/\/vimaterial.de\/es\/wp-json\/wp\/v2\/product\/1028879","targetHints":{"allow":["GET"]}}],"collection":[{"href":"https:\/\/vimaterial.de\/es\/wp-json\/wp\/v2\/product"}],"about":[{"href":"https:\/\/vimaterial.de\/es\/wp-json\/wp\/v2\/types\/product"}],"replies":[{"embeddable":true,"href":"https:\/\/vimaterial.de\/es\/wp-json\/wp\/v2\/comments?post=1028879"}],"wp:featuredmedia":[{"embeddable":true,"href":"https:\/\/vimaterial.de\/es\/wp-json\/wp\/v2\/media\/1034559"}],"wp:attachment":[{"href":"https:\/\/vimaterial.de\/es\/wp-json\/wp\/v2\/media?parent=1028879"}],"wp:term":[{"taxonomy":"product_brand","embeddable":true,"href":"https:\/\/vimaterial.de\/es\/wp-json\/wp\/v2\/product_brand?post=1028879"},{"taxonomy":"product_cat","embeddable":true,"href":"https:\/\/vimaterial.de\/es\/wp-json\/wp\/v2\/product_cat?post=1028879"},{"taxonomy":"product_tag","embeddable":true,"href":"https:\/\/vimaterial.de\/es\/wp-json\/wp\/v2\/product_tag?post=1028879"}],"curies":[{"name":"wp","href":"https:\/\/api.w.org\/{rel}","templated":true}]}}